{"id":7,"date":"2016-06-09T17:50:30","date_gmt":"2016-06-09T15:50:30","guid":{"rendered":"http:\/\/gebrueder-schmid-zentrum.de\/fachtagung\/?page_id=7"},"modified":"2016-11-15T16:55:13","modified_gmt":"2016-11-15T15:55:13","slug":"thema","status":"publish","type":"page","link":"https:\/\/gebrueder-schmid-zentrum.de\/fachtagung\/thema\/","title":{"rendered":"Thema"},"content":{"rendered":"<h2><span style=\"color: #000000;\"><strong><span style=\"color: #ff6600;\">&#8222;Gl\u00fcck im Quartier&#8220;<br \/>\nDas gesellschaftliche Miteinander in lokalen R\u00e4umen gestalten<br \/>\n<\/span><\/strong><\/span><span style=\"color: #000000;\">u. a. mit Dr. Tho Ha Vinh (Programmdirektor des Zentrums f\u00fcr Bruttonationalgl\u00fcck in Bhutan)<\/span><\/h2>\n<h2><span style=\"color: #000000;\"><strong><span style=\"color: #ff6600;\">Tagung der Rudolf Schmid und Hermann Schmid Stiftung am<br \/>\nDonnerstag, den 12. Januar 2017 von 17.00 bis 19.00 Uhr <\/span><br \/>\n<span style=\"color: #ff6600;\"> und Freitag, den 13. Januar 2017 von 9.00 bis 17.00 Uhr<\/span><\/strong><\/span><\/h2>\n<p><span style=\"color: #000000;\"><strong>im Rathaus der Landeshauptstadt Stuttgart<\/strong><\/span><\/p>\n<p><span style=\"color: #000000;\">Wer an den Stadtgesellschaften der Zukunft baut, der muss die Quartiere gestalten. Wenn Menschen in ihrer Unterschiedlichkeit das Gemeinsame entdecken, dann sind die Chancen daf\u00fcr im Quartier am gr\u00f6\u00dften. Wenn komplexe Themen greifbar werden sollen, dann geht das einfacher, wenn man L\u00f6sungen im Lokalen erprobt.<\/span><\/p>\n<p><span style=\"color: #000000;\">Von diesen Pr\u00e4missen geleitet steht deshalb das Quartier im Mittelpunkt der Tagung. Und es sind die \u201cgro\u00dfen Fragen\u201c nach chancengerechter Bildung, nach dem Sinn und den Werten von Arbeit, nach der Zugeh\u00f6rigkeit in einer Gesellschaft der Vielfalt und nach einer Stadtentwicklung unter Beteiligung aller, die aus einer Quartiersperspektive betrachtet werden sollen.<\/span><\/p>\n<p><span style=\"color: #000000;\">Das Quartier bietet Chancen f\u00fcr gemeinsames Lernen. Viele Menschen haben dort ihren Lebensmittelpunkt und teilen gemeinsame Beobachtungen, aber sie bewerten diese ganz verschieden. In den Wahrnehmungen und Begegnungen im Alltag \u2013 von fl\u00fcchtig bis intensiv, von nah bis distanziert \u2013 liegt die Chance, sich zu verst\u00e4ndigen.<\/span><\/p>\n<p><span style=\"color: #000000;\">Bei der Tagung geht es darum, das Quartier als Lernfeld f\u00fcr Neues und f\u00fcr das gemeinsame Ringen um die \u201crichtigen Antworten\u201c zu erkunden. Es geht auch um konkrete Lernorte und Institutionen wie die Mehrgenerationenh\u00e4user, Stadtteil- und Familienzentren oder Bildungseinrichtungen, in denen gemeinsame Lernprozesse stattfinden k\u00f6nnen.<\/span><\/p>\n<p><span style=\"color: #000000;\">Die TeilnehmerInnen sind eingeladen, die Tagungsforen selbst als Lernorte zu begreifen und sich als Lernende einzubringen. F\u00fcnf Leitfragen sollen diese Haltung unterst\u00fctzen. Sie werden in den Foren und in der abschlie\u00dfenden Talkrunde thematisiert.<\/span><\/p>\n<ul>\n<li><span style=\"color: #000000;\">Was sind (ganz subjektiv betrachtet) wichtige Themen und Anliegen f\u00fcr quartiersbezogene Lern- und Verst\u00e4ndigungsprozesse?<\/span><\/li>\n<li><span style=\"color: #000000;\">Was braucht es, damit eine gemeinsame Verst\u00e4ndigung im Quartier gelingt?<\/span><\/li>\n<li><span style=\"color: #000000;\">Welche Orte (z. B. Institutionen) und Akteure k\u00f6nnen gemeinsame Lernprozesse im Quartier unterst\u00fctzen?<\/span><\/li>\n<li><span style=\"color: #000000;\">Was liegt in der Verantwortung der Kommune, damit das Quartier dauerhaft ein gutes Lernfeld ist, und welche Voraussetzungen muss sie daf\u00fcr schaffen?<\/span><\/li>\n<li><span style=\"color: #000000;\">Welchen Gewinn habe ich als BewohnerIn, mich f\u00fcr \u201cmein Quartier\u201c einzusetzen?<\/span><\/li>\n<\/ul>\n","protected":false},"excerpt":{"rendered":"<p>&#8222;Gl\u00fcck im Quartier&#8220; Das gesellschaftliche Miteinander in lokalen R\u00e4umen gestalten u. a. mit Dr. Tho Ha Vinh (Programmdirektor des Zentrums f\u00fcr Bruttonationalgl\u00fcck in Bhutan) Tagung der Rudolf Schmid und Hermann Schmid Stiftung am Donnerstag, den 12. Januar 2017 von 17.00 bis 19.00 Uhr und Freitag, den 13. Januar 2017 von 9.00 bis 17.00 Uhr im [&hellip;]<\/p>\n","protected":false},"author":1,"featured_media":0,"parent":0,"menu_order":0,"comment_status":"closed","ping_status":"closed","template":"","meta":[],"yoast_head":"<!-- This site is optimized with the Yoast SEO plugin v18.4.1 - https:\/\/yoast.com\/wordpress\/plugins\/seo\/ -->\n<title>Thema - Fachtagung<\/title>\n<meta name=\"robots\" content=\"index, follow, max-snippet:-1, max-image-preview:large, max-video-preview:-1\" \/>\n<link rel=\"canonical\" href=\"https:\/\/gebrueder-schmid-zentrum.de\/fachtagung\/thema\/\" \/>\n<meta property=\"og:locale\" content=\"de_DE\" \/>\n<meta property=\"og:type\" content=\"article\" \/>\n<meta property=\"og:title\" content=\"Thema - Fachtagung\" \/>\n<meta property=\"og:description\" content=\"&#8222;Gl\u00fcck im Quartier&#8220; Das gesellschaftliche Miteinander in lokalen R\u00e4umen gestalten u. a. mit Dr. Tho Ha Vinh (Programmdirektor des Zentrums f\u00fcr Bruttonationalgl\u00fcck in Bhutan) Tagung der Rudolf Schmid und Hermann Schmid Stiftung am Donnerstag, den 12. Januar 2017 von 17.00 bis 19.00 Uhr und Freitag, den 13. Januar 2017 von 9.00 bis 17.00 Uhr im [&hellip;]\" \/>\n<meta property=\"og:url\" content=\"https:\/\/gebrueder-schmid-zentrum.de\/fachtagung\/thema\/\" \/>\n<meta property=\"og:site_name\" content=\"Fachtagung\" \/>\n<meta property=\"article:modified_time\" content=\"2016-11-15T15:55:13+00:00\" \/>\n<meta name=\"twitter:card\" content=\"summary\" \/>\n<meta name=\"twitter:label1\" content=\"Gesch\u00e4tzte Lesezeit\" \/>\n\t<meta name=\"twitter:data1\" content=\"2\u00a0Minuten\" \/>\n<script type=\"application\/ld+json\" class=\"yoast-schema-graph\">{\"@context\":\"https:\/\/schema.org\",\"@graph\":[{\"@type\":\"WebSite\",\"@id\":\"https:\/\/gebrueder-schmid-zentrum.de\/fachtagung\/#website\",\"url\":\"https:\/\/gebrueder-schmid-zentrum.de\/fachtagung\/\",\"name\":\"Fachtagung\",\"description\":\"\",\"potentialAction\":[{\"@type\":\"SearchAction\",\"target\":{\"@type\":\"EntryPoint\",\"urlTemplate\":\"https:\/\/gebrueder-schmid-zentrum.de\/fachtagung\/?s={search_term_string}\"},\"query-input\":\"required name=search_term_string\"}],\"inLanguage\":\"de\"},{\"@type\":\"WebPage\",\"@id\":\"https:\/\/gebrueder-schmid-zentrum.de\/fachtagung\/thema\/#webpage\",\"url\":\"https:\/\/gebrueder-schmid-zentrum.de\/fachtagung\/thema\/\",\"name\":\"Thema - Fachtagung\",\"isPartOf\":{\"@id\":\"https:\/\/gebrueder-schmid-zentrum.de\/fachtagung\/#website\"},\"datePublished\":\"2016-06-09T15:50:30+00:00\",\"dateModified\":\"2016-11-15T15:55:13+00:00\",\"breadcrumb\":{\"@id\":\"https:\/\/gebrueder-schmid-zentrum.de\/fachtagung\/thema\/#breadcrumb\"},\"inLanguage\":\"de\",\"potentialAction\":[{\"@type\":\"ReadAction\",\"target\":[\"https:\/\/gebrueder-schmid-zentrum.de\/fachtagung\/thema\/\"]}]},{\"@type\":\"BreadcrumbList\",\"@id\":\"https:\/\/gebrueder-schmid-zentrum.de\/fachtagung\/thema\/#breadcrumb\",\"itemListElement\":[{\"@type\":\"ListItem\",\"position\":1,\"name\":\"Startseite\",\"item\":\"https:\/\/gebrueder-schmid-zentrum.de\/fachtagung\/\"},{\"@type\":\"ListItem\",\"position\":2,\"name\":\"Thema\"}]}]}<\/script>\n<!-- \/ Yoast SEO plugin. -->","yoast_head_json":{"title":"Thema - Fachtagung","robots":{"index":"index","follow":"follow","max-snippet":"max-snippet:-1","max-image-preview":"max-image-preview:large","max-video-preview":"max-video-preview:-1"},"canonical":"https:\/\/gebrueder-schmid-zentrum.de\/fachtagung\/thema\/","og_locale":"de_DE","og_type":"article","og_title":"Thema - Fachtagung","og_description":"&#8222;Gl\u00fcck im Quartier&#8220; Das gesellschaftliche Miteinander in lokalen R\u00e4umen gestalten u. a. mit Dr. Tho Ha Vinh (Programmdirektor des Zentrums f\u00fcr Bruttonationalgl\u00fcck in Bhutan) Tagung der Rudolf Schmid und Hermann Schmid Stiftung am Donnerstag, den 12. Januar 2017 von 17.00 bis 19.00 Uhr und Freitag, den 13. Januar 2017 von 9.00 bis 17.00 Uhr im [&hellip;]","og_url":"https:\/\/gebrueder-schmid-zentrum.de\/fachtagung\/thema\/","og_site_name":"Fachtagung","article_modified_time":"2016-11-15T15:55:13+00:00","twitter_card":"summary","twitter_misc":{"Gesch\u00e4tzte Lesezeit":"2\u00a0Minuten"},"schema":{"@context":"https:\/\/schema.org","@graph":[{"@type":"WebSite","@id":"https:\/\/gebrueder-schmid-zentrum.de\/fachtagung\/#website","url":"https:\/\/gebrueder-schmid-zentrum.de\/fachtagung\/","name":"Fachtagung","description":"","potentialAction":[{"@type":"SearchAction","target":{"@type":"EntryPoint","urlTemplate":"https:\/\/gebrueder-schmid-zentrum.de\/fachtagung\/?s={search_term_string}"},"query-input":"required name=search_term_string"}],"inLanguage":"de"},{"@type":"WebPage","@id":"https:\/\/gebrueder-schmid-zentrum.de\/fachtagung\/thema\/#webpage","url":"https:\/\/gebrueder-schmid-zentrum.de\/fachtagung\/thema\/","name":"Thema - Fachtagung","isPartOf":{"@id":"https:\/\/gebrueder-schmid-zentrum.de\/fachtagung\/#website"},"datePublished":"2016-06-09T15:50:30+00:00","dateModified":"2016-11-15T15:55:13+00:00","breadcrumb":{"@id":"https:\/\/gebrueder-schmid-zentrum.de\/fachtagung\/thema\/#breadcrumb"},"inLanguage":"de","potentialAction":[{"@type":"ReadAction","target":["https:\/\/gebrueder-schmid-zentrum.de\/fachtagung\/thema\/"]}]},{"@type":"BreadcrumbList","@id":"https:\/\/gebrueder-schmid-zentrum.de\/fachtagung\/thema\/#breadcrumb","itemListElement":[{"@type":"ListItem","position":1,"name":"Startseite","item":"https:\/\/gebrueder-schmid-zentrum.de\/fachtagung\/"},{"@type":"ListItem","position":2,"name":"Thema"}]}]}},"_links":{"self":[{"href":"https:\/\/gebrueder-schmid-zentrum.de\/fachtagung\/wp-json\/wp\/v2\/pages\/7"}],"collection":[{"href":"https:\/\/gebrueder-schmid-zentrum.de\/fachtagung\/wp-json\/wp\/v2\/pages"}],"about":[{"href":"https:\/\/gebrueder-schmid-zentrum.de\/fachtagung\/wp-json\/wp\/v2\/types\/page"}],"author":[{"embeddable":true,"href":"https:\/\/gebrueder-schmid-zentrum.de\/fachtagung\/wp-json\/wp\/v2\/users\/1"}],"replies":[{"embeddable":true,"href":"https:\/\/gebrueder-schmid-zentrum.de\/fachtagung\/wp-json\/wp\/v2\/comments?post=7"}],"version-history":[{"count":30,"href":"https:\/\/gebrueder-schmid-zentrum.de\/fachtagung\/wp-json\/wp\/v2\/pages\/7\/revisions"}],"predecessor-version":[{"id":1065,"href":"https:\/\/gebrueder-schmid-zentrum.de\/fachtagung\/wp-json\/wp\/v2\/pages\/7\/revisions\/1065"}],"wp:attachment":[{"href":"https:\/\/gebrueder-schmid-zentrum.de\/fachtagung\/wp-json\/wp\/v2\/media?parent=7"}],"curies":[{"name":"wp","href":"https:\/\/api.w.org\/{rel}","templated":true}]}}