{"id":439,"date":"2016-09-19T13:17:00","date_gmt":"2016-09-19T11:17:00","guid":{"rendered":"http:\/\/gebrueder-schmid-zentrum.de\/fachtagung\/?page_id=439"},"modified":"2016-09-23T09:37:50","modified_gmt":"2016-09-23T07:37:50","slug":"jasmin-horber-kurzbiografie","status":"publish","type":"page","link":"https:\/\/gebrueder-schmid-zentrum.de\/fachtagung\/jasmin-horber-kurzbiografie\/","title":{"rendered":"Jasmin Horber &#8211; Kurzbiografie"},"content":{"rendered":"<h4><strong><img loading=\"lazy\" class=\"alignleft wp-image-441\" title=\"Foto: Jasmin Horber\" src=\"http:\/\/gebrueder-schmid-zentrum.de\/fachtagung\/wp-content\/uploads\/2016\/09\/Jasmin_Horber_Portrait-klein-215x300.jpg\" alt=\"Foto: Jasmin Horber\" width=\"160\" height=\"223\" srcset=\"https:\/\/gebrueder-schmid-zentrum.de\/fachtagung\/wp-content\/uploads\/2016\/09\/Jasmin_Horber_Portrait-klein-215x300.jpg 215w, https:\/\/gebrueder-schmid-zentrum.de\/fachtagung\/wp-content\/uploads\/2016\/09\/Jasmin_Horber_Portrait-klein.jpg 372w\" sizes=\"(max-width: 160px) 100vw, 160px\" \/><\/strong><span style=\"color: #000000;\"><strong>Jasmin Horber, 37, leitet die Gesch\u00e4ftsstelle des M\u00fctterforums Baden-W\u00fcrttemberg e. V., den Verband der unabh\u00e4ngigen M\u00fctterzentren, Familienzentren und Mehrgenerationenh\u00e4user. Von Stuttgart aus k\u00fcmmert sie sich zum einen um die Beratung und die Vertretung der individuellen Interessen der ca. 50 Mitgliedszentren. Zum anderen intensiviert sie die nationale und internationale Vernetzung innerhalb der Familienselbsthilfe sowie den Austausch mit Partnern der Politik und Wirtschaft, der Wissenschaft und der Medien.<\/strong><\/span><\/h4>\n<p><span style=\"color: #000000;\"><strong>Lobby- und \u00d6ffentlichkeitsarbeit geh\u00f6ren f\u00fcr die gelernte Redakteurin und PR-Fachfrau zum Kerngesch\u00e4ft. Die Diplom-Kommunikationswissenschaftlerin war zuvor 14 Jahre lang in der Stuttgarter PR-Agentur Communication Consultants t\u00e4tig. Ehrenamtlich engagiert sich die zweifache Mutter zudem als Vorstandsfrau im Familienzentrum Bondorf e. V. im Kreis B\u00f6blingen.<\/strong><\/span><\/p>\n","protected":false},"excerpt":{"rendered":"<p>Jasmin Horber, 37, leitet die Gesch\u00e4ftsstelle des M\u00fctterforums Baden-W\u00fcrttemberg e. V., den Verband der unabh\u00e4ngigen M\u00fctterzentren, Familienzentren und Mehrgenerationenh\u00e4user. Von Stuttgart aus k\u00fcmmert sie sich zum einen um die Beratung und die Vertretung der individuellen Interessen der ca. 50 Mitgliedszentren. Zum anderen intensiviert sie die nationale und internationale Vernetzung innerhalb der Familienselbsthilfe sowie den Austausch [&hellip;]<\/p>\n","protected":false},"author":2,"featured_media":0,"parent":0,"menu_order":0,"comment_status":"closed","ping_status":"closed","template":"","meta":[],"yoast_head":"<!-- This site is optimized with the Yoast SEO plugin v18.4.1 - https:\/\/yoast.com\/wordpress\/plugins\/seo\/ -->\n<title>Jasmin Horber - Kurzbiografie - Fachtagung<\/title>\n<meta name=\"robots\" content=\"index, follow, max-snippet:-1, max-image-preview:large, max-video-preview:-1\" \/>\n<link rel=\"canonical\" href=\"https:\/\/gebrueder-schmid-zentrum.de\/fachtagung\/jasmin-horber-kurzbiografie\/\" \/>\n<meta property=\"og:locale\" content=\"de_DE\" \/>\n<meta property=\"og:type\" content=\"article\" \/>\n<meta property=\"og:title\" content=\"Jasmin Horber - Kurzbiografie - Fachtagung\" \/>\n<meta property=\"og:description\" content=\"Jasmin Horber, 37, leitet die Gesch\u00e4ftsstelle des M\u00fctterforums Baden-W\u00fcrttemberg e. V., den Verband der unabh\u00e4ngigen M\u00fctterzentren, Familienzentren und Mehrgenerationenh\u00e4user. Von Stuttgart aus k\u00fcmmert sie sich zum einen um die Beratung und die Vertretung der individuellen Interessen der ca. 50 Mitgliedszentren. Zum anderen intensiviert sie die nationale und internationale Vernetzung innerhalb der Familienselbsthilfe sowie den Austausch [&hellip;]\" \/>\n<meta property=\"og:url\" content=\"https:\/\/gebrueder-schmid-zentrum.de\/fachtagung\/jasmin-horber-kurzbiografie\/\" \/>\n<meta property=\"og:site_name\" content=\"Fachtagung\" \/>\n<meta property=\"article:modified_time\" content=\"2016-09-23T07:37:50+00:00\" \/>\n<meta property=\"og:image\" content=\"http:\/\/gebrueder-schmid-zentrum.de\/fachtagung\/wp-content\/uploads\/2016\/09\/Jasmin_Horber_Portrait-klein-215x300.jpg\" \/>\n<meta name=\"twitter:card\" content=\"summary\" \/>\n<meta name=\"twitter:label1\" content=\"Gesch\u00e4tzte Lesezeit\" \/>\n\t<meta name=\"twitter:data1\" content=\"1\u00a0Minute\" \/>\n<script type=\"application\/ld+json\" class=\"yoast-schema-graph\">{\"@context\":\"https:\/\/schema.org\",\"@graph\":[{\"@type\":\"WebSite\",\"@id\":\"https:\/\/gebrueder-schmid-zentrum.de\/fachtagung\/#website\",\"url\":\"https:\/\/gebrueder-schmid-zentrum.de\/fachtagung\/\",\"name\":\"Fachtagung\",\"description\":\"\",\"potentialAction\":[{\"@type\":\"SearchAction\",\"target\":{\"@type\":\"EntryPoint\",\"urlTemplate\":\"https:\/\/gebrueder-schmid-zentrum.de\/fachtagung\/?s={search_term_string}\"},\"query-input\":\"required name=search_term_string\"}],\"inLanguage\":\"de\"},{\"@type\":\"ImageObject\",\"@id\":\"https:\/\/gebrueder-schmid-zentrum.de\/fachtagung\/jasmin-horber-kurzbiografie\/#primaryimage\",\"inLanguage\":\"de\",\"url\":\"http:\/\/gebrueder-schmid-zentrum.de\/fachtagung\/wp-content\/uploads\/2016\/09\/Jasmin_Horber_Portrait-klein-215x300.jpg\",\"contentUrl\":\"http:\/\/gebrueder-schmid-zentrum.de\/fachtagung\/wp-content\/uploads\/2016\/09\/Jasmin_Horber_Portrait-klein-215x300.jpg\"},{\"@type\":\"WebPage\",\"@id\":\"https:\/\/gebrueder-schmid-zentrum.de\/fachtagung\/jasmin-horber-kurzbiografie\/#webpage\",\"url\":\"https:\/\/gebrueder-schmid-zentrum.de\/fachtagung\/jasmin-horber-kurzbiografie\/\",\"name\":\"Jasmin Horber - Kurzbiografie - Fachtagung\",\"isPartOf\":{\"@id\":\"https:\/\/gebrueder-schmid-zentrum.de\/fachtagung\/#website\"},\"primaryImageOfPage\":{\"@id\":\"https:\/\/gebrueder-schmid-zentrum.de\/fachtagung\/jasmin-horber-kurzbiografie\/#primaryimage\"},\"datePublished\":\"2016-09-19T11:17:00+00:00\",\"dateModified\":\"2016-09-23T07:37:50+00:00\",\"breadcrumb\":{\"@id\":\"https:\/\/gebrueder-schmid-zentrum.de\/fachtagung\/jasmin-horber-kurzbiografie\/#breadcrumb\"},\"inLanguage\":\"de\",\"potentialAction\":[{\"@type\":\"ReadAction\",\"target\":[\"https:\/\/gebrueder-schmid-zentrum.de\/fachtagung\/jasmin-horber-kurzbiografie\/\"]}]},{\"@type\":\"BreadcrumbList\",\"@id\":\"https:\/\/gebrueder-schmid-zentrum.de\/fachtagung\/jasmin-horber-kurzbiografie\/#breadcrumb\",\"itemListElement\":[{\"@type\":\"ListItem\",\"position\":1,\"name\":\"Startseite\",\"item\":\"https:\/\/gebrueder-schmid-zentrum.de\/fachtagung\/\"},{\"@type\":\"ListItem\",\"position\":2,\"name\":\"Jasmin Horber &#8211; Kurzbiografie\"}]}]}<\/script>\n<!-- \/ Yoast SEO plugin. -->","yoast_head_json":{"title":"Jasmin Horber - Kurzbiografie - Fachtagung","robots":{"index":"index","follow":"follow","max-snippet":"max-snippet:-1","max-image-preview":"max-image-preview:large","max-video-preview":"max-video-preview:-1"},"canonical":"https:\/\/gebrueder-schmid-zentrum.de\/fachtagung\/jasmin-horber-kurzbiografie\/","og_locale":"de_DE","og_type":"article","og_title":"Jasmin Horber - Kurzbiografie - Fachtagung","og_description":"Jasmin Horber, 37, leitet die Gesch\u00e4ftsstelle des M\u00fctterforums Baden-W\u00fcrttemberg e. V., den Verband der unabh\u00e4ngigen M\u00fctterzentren, Familienzentren und Mehrgenerationenh\u00e4user. Von Stuttgart aus k\u00fcmmert sie sich zum einen um die Beratung und die Vertretung der individuellen Interessen der ca. 50 Mitgliedszentren. Zum anderen intensiviert sie die nationale und internationale Vernetzung innerhalb der Familienselbsthilfe sowie den Austausch [&hellip;]","og_url":"https:\/\/gebrueder-schmid-zentrum.de\/fachtagung\/jasmin-horber-kurzbiografie\/","og_site_name":"Fachtagung","article_modified_time":"2016-09-23T07:37:50+00:00","og_image":[{"url":"http:\/\/gebrueder-schmid-zentrum.de\/fachtagung\/wp-content\/uploads\/2016\/09\/Jasmin_Horber_Portrait-klein-215x300.jpg"}],"twitter_card":"summary","twitter_misc":{"Gesch\u00e4tzte Lesezeit":"1\u00a0Minute"},"schema":{"@context":"https:\/\/schema.org","@graph":[{"@type":"WebSite","@id":"https:\/\/gebrueder-schmid-zentrum.de\/fachtagung\/#website","url":"https:\/\/gebrueder-schmid-zentrum.de\/fachtagung\/","name":"Fachtagung","description":"","potentialAction":[{"@type":"SearchAction","target":{"@type":"EntryPoint","urlTemplate":"https:\/\/gebrueder-schmid-zentrum.de\/fachtagung\/?s={search_term_string}"},"query-input":"required name=search_term_string"}],"inLanguage":"de"},{"@type":"ImageObject","@id":"https:\/\/gebrueder-schmid-zentrum.de\/fachtagung\/jasmin-horber-kurzbiografie\/#primaryimage","inLanguage":"de","url":"http:\/\/gebrueder-schmid-zentrum.de\/fachtagung\/wp-content\/uploads\/2016\/09\/Jasmin_Horber_Portrait-klein-215x300.jpg","contentUrl":"http:\/\/gebrueder-schmid-zentrum.de\/fachtagung\/wp-content\/uploads\/2016\/09\/Jasmin_Horber_Portrait-klein-215x300.jpg"},{"@type":"WebPage","@id":"https:\/\/gebrueder-schmid-zentrum.de\/fachtagung\/jasmin-horber-kurzbiografie\/#webpage","url":"https:\/\/gebrueder-schmid-zentrum.de\/fachtagung\/jasmin-horber-kurzbiografie\/","name":"Jasmin Horber - Kurzbiografie - Fachtagung","isPartOf":{"@id":"https:\/\/gebrueder-schmid-zentrum.de\/fachtagung\/#website"},"primaryImageOfPage":{"@id":"https:\/\/gebrueder-schmid-zentrum.de\/fachtagung\/jasmin-horber-kurzbiografie\/#primaryimage"},"datePublished":"2016-09-19T11:17:00+00:00","dateModified":"2016-09-23T07:37:50+00:00","breadcrumb":{"@id":"https:\/\/gebrueder-schmid-zentrum.de\/fachtagung\/jasmin-horber-kurzbiografie\/#breadcrumb"},"inLanguage":"de","potentialAction":[{"@type":"ReadAction","target":["https:\/\/gebrueder-schmid-zentrum.de\/fachtagung\/jasmin-horber-kurzbiografie\/"]}]},{"@type":"BreadcrumbList","@id":"https:\/\/gebrueder-schmid-zentrum.de\/fachtagung\/jasmin-horber-kurzbiografie\/#breadcrumb","itemListElement":[{"@type":"ListItem","position":1,"name":"Startseite","item":"https:\/\/gebrueder-schmid-zentrum.de\/fachtagung\/"},{"@type":"ListItem","position":2,"name":"Jasmin Horber &#8211; Kurzbiografie"}]}]}},"_links":{"self":[{"href":"https:\/\/gebrueder-schmid-zentrum.de\/fachtagung\/wp-json\/wp\/v2\/pages\/439"}],"collection":[{"href":"https:\/\/gebrueder-schmid-zentrum.de\/fachtagung\/wp-json\/wp\/v2\/pages"}],"about":[{"href":"https:\/\/gebrueder-schmid-zentrum.de\/fachtagung\/wp-json\/wp\/v2\/types\/page"}],"author":[{"embeddable":true,"href":"https:\/\/gebrueder-schmid-zentrum.de\/fachtagung\/wp-json\/wp\/v2\/users\/2"}],"replies":[{"embeddable":true,"href":"https:\/\/gebrueder-schmid-zentrum.de\/fachtagung\/wp-json\/wp\/v2\/comments?post=439"}],"version-history":[{"count":8,"href":"https:\/\/gebrueder-schmid-zentrum.de\/fachtagung\/wp-json\/wp\/v2\/pages\/439\/revisions"}],"predecessor-version":[{"id":798,"href":"https:\/\/gebrueder-schmid-zentrum.de\/fachtagung\/wp-json\/wp\/v2\/pages\/439\/revisions\/798"}],"wp:attachment":[{"href":"https:\/\/gebrueder-schmid-zentrum.de\/fachtagung\/wp-json\/wp\/v2\/media?parent=439"}],"curies":[{"name":"wp","href":"https:\/\/api.w.org\/{rel}","templated":true}]}}