{"id":38,"date":"2016-06-09T18:48:33","date_gmt":"2016-06-09T16:48:33","guid":{"rendered":"http:\/\/gebrueder-schmid-zentrum.de\/fachtagung\/?page_id=38"},"modified":"2016-12-01T12:20:40","modified_gmt":"2016-12-01T11:20:40","slug":"workshops","status":"publish","type":"page","link":"https:\/\/gebrueder-schmid-zentrum.de\/fachtagung\/workshops\/","title":{"rendered":"Foren im Detail"},"content":{"rendered":"<h1><span style=\"color: #ff6600;\"><strong>1. Forum Vielfalt (Migration): <\/strong>&#8222;Fremdeln mit dem Nachbarn&#8220; ?\u00a0 Teil II<\/span><br \/>\n<span style=\"color: #000000;\"> Wie lernt man, in einem Quartier der Differenz miteinander zu leben?<\/span><\/h1>\n<p><span style=\"text-decoration: underline;\"><span style=\"color: #000000; text-decoration: underline;\">Input \/ Anregungen<\/span><\/span><br \/>\n<span style=\"color: #000000;\"> Dr. Kai Unzicker (Bertelsmann Stiftung G\u00fctersloh)<br \/>\nGari Pavkovic (Landeshauptstadt Stuttgart, Referat Soziales und gesellschaftliche Integration<br \/>\nAbteilung Integrationspolitik)<br \/>\nKunst- und Kreativworkshop gemeinsam mit Fl\u00fcchtlingen \/ &#8222;stimmlosen\u201c Menschen<\/span><br \/>\n<span style=\"color: #000000;\"> Freundeskreise Fl\u00fcchtlinge, <\/span><span style=\"color: #000000;\">gefl\u00fcchtete Menschen, die in Stuttgart leben<\/span><\/p>\n<p><span style=\"text-decoration: underline;\"><span style=\"color: #000000; text-decoration: underline;\">Leitfragen<\/span><\/span><\/p>\n<ul>\n<li><span style=\"color: #000000;\">Welche Ph\u00e4nomene im Alltag der \u201cDifferenz-Gesellschaft\u201c fallen uns gegenseitig auf, irritieren uns und lassen uns \u201cfremdeln\u201c?<\/span><\/li>\n<li><span style=\"color: #000000;\">Wie sehen wir das jeweils Eigene und das jeweils Fremde?<\/span><\/li>\n<li><span style=\"color: #000000;\">Welche Hemmschwellen gibt es im Quartier und wie k\u00f6nnen wir sie \u00fcberwinden?<\/span><\/li>\n<li><span style=\"color: #000000;\">Wo sehen wir die integrativen, die bindenden Kr\u00e4fte im Quartier?<\/span><\/li>\n<li><span style=\"color: #000000;\">Welche Ideen haben wir, damit das Zusammenleben im Quartier gelingt?<\/span><\/li>\n<li><span style=\"color: #000000;\">Wie kann man sich \u201cunter Nachbarn\u201c \/ unter Einheimischen und Zuwanderern verstehen?<\/span><br \/>\n<h3><span style=\"color: #000000;\">\u00a0<strong><br \/>\n<\/strong><\/span><\/h3>\n<\/li>\n<\/ul>\n<h1><span style=\"color: #ff6600;\"><strong>2. Forum Arbeit: <\/strong>&#8222;Vom Bruttosozialprodukt zum Gemeinwohlprodukt&#8220;<\/span><br \/>\n<span style=\"color: #000000;\"> Was kann die Gemeinwohl\u00f6konomie (GW\u00d6) f\u00fcr das Gemeinwohl der Menschen im Quartier beitragen?<\/span><\/h1>\n<p><span style=\"text-decoration: underline;\"><span style=\"color: #000000; text-decoration: underline;\">Input \/ Anregungen<\/span><\/span><br \/>\n<span style=\"color: #000000;\"> Gitta Walchner (Freiburg)<\/span><br \/>\n<span style=\"color: #000000;\"> Oliver Viest (em-faktor, Stuttgart)<\/span><\/p>\n<p><span style=\"text-decoration: underline;\"><span style=\"color: #000000; text-decoration: underline;\">Leitfragen<\/span><\/span><\/p>\n<ul>\n<li><span style=\"color: #000000;\">Was ist Gemeinwohl\u00f6konomie (Grundgedanken, Eckpfeiler)?<\/span><\/li>\n<li><span style=\"color: #000000;\">Warum sind die Gedanken der GW\u00d6 f\u00fcr unsere heutige Gesellschaft wichtig?<\/span><\/li>\n<li><span style=\"color: #000000;\">Was kommt den Menschen im Quartier zugute: Wertsch\u00f6pfung, Arbeitspl\u00e4tze, der Einklang von Arbeits- und Lebenszeit?<\/span><\/li>\n<li><span style=\"color: #000000;\">Was kann der Beitrag der GW\u00d6 und von GW\u00d6-orientierten Unternehmen f\u00fcr die Entwicklung eines Quartiers sein?<\/span><\/li>\n<li><span style=\"color: #000000;\">Was zeichnet das Handeln von Unternehmen \/ Betrieben aus, die das Gemeinwohl der Menschen im Quartier im Blick haben?<\/span><\/li>\n<li><span style=\"color: #000000;\">Welche Chancen bieten Lernprozesse im Quartier, um sich mit dem Ansatz der GW\u00d6 auseinanderzusetzen (quartiersbezogene Konvente)?<\/span><\/li>\n<\/ul>\n<h3><span style=\"color: #000000;\">\u00a0<\/span><\/h3>\n<h1><span style=\"color: #ff6600;\"><strong>3. Forum Quartiersentwicklung: <\/strong>Die \u201eFeinen Unterschiede\u201c und das Gemeinsame<\/span><br \/>\n<span style=\"color: #000000;\"> Was macht milieu\u00fcbergreifende Quartiersprozesse so schwierig und wie k\u00f6nnen sie trotzdem gelingen?<\/span><\/h1>\n<p><span style=\"text-decoration: underline;\"><span style=\"color: #000000; text-decoration: underline;\">Input \/ Anregungen<\/span><\/span><br \/>\nProf. Dr. G\u00fcnter Rausch (Ev. Hochschule Freiburg)<br \/>\nBirgit Kastner und Ulrich Dilger (Landeshauptstadt Stuttgart &#8211; Amt f\u00fcr Stadtplanung und<br \/>\nStadterneuerung) Pilotprojekt Salz &amp; Suppe &#8211; Stuttgart im Dialog<span style=\"text-decoration: underline;\"><br \/>\n<\/span><\/p>\n<p><span style=\"text-decoration: underline;\"><span style=\"color: #000000; text-decoration: underline;\">Leitfragen<\/span><\/span><\/p>\n<ul>\n<li><span style=\"color: #000000;\">\u201cVielfalt, eine postmoderne Gl\u00fccksgestalt\u201c (Lyotard) \u2013 gilt dies f\u00fcr alle Quartiere gleicherma\u00dfen?<\/span><\/li>\n<li><span style=\"color: #000000;\">Pr\u00e4gen \u201cGhettos ohne Mauern\u201c bzw. Gated Communities das Gesicht der \u201cEurop\u00e4ischen Stadt der Zukunft\u201c?<\/span><\/li>\n<li><span style=\"color: #000000;\">Ist die \u201csoziale Mischung von Quartieren\u201c Fluch oder Segen, Utopie oder Realit\u00e4t?<\/span><\/li>\n<li><span style=\"color: #000000;\">Welche politischen und sozialen Dimensionen \/ Folgen hat es, wenn marginalisierte Menschen (die \u201cEntbehrlichen\u201c) aus der politischen Willensbildung und aus sozialen Prozessen im Quartier herausfallen?<\/span><\/li>\n<li><span style=\"color: #000000;\">Wo liegen die Schwierigkeiten im Beteiligen marginalisierter Menschen \/ Gruppen bei Quartiersentwicklungsprozessen?<\/span><\/li>\n<li><span style=\"color: #000000;\">Bieten die Ans\u00e4tze der Gemeinwesenarbeit (GWA) \/ der Sozialen Arbeit Chancen, Menschen aus unterschiedlichen Milieus f\u00fcr \u201cihr Quartier\u201c zusammenzubringen?<\/span><\/li>\n<li><span style=\"color: #000000;\">Sind die \u201cbefreiende Sozialarbeit\u201c und das \u201cgute Leben f\u00fcr alle\u201c realisierbare Leitideen f\u00fcr eine gelingende Menschenrechtsprofession in einer von Differenzen gepr\u00e4gten Kommune?<\/span><\/li>\n<\/ul>\n<h3><span style=\"color: #000000;\">\u00a0<\/span><\/h3>\n<h1><span style=\"color: #ff6600;\"><strong>4. Forum Bildung: <\/strong>Bildung in der B\u00fcrgergesellschaft: Schule macht Quartier \u2013 Quartier macht Schule!<\/span><br \/>\n<span style=\"color: #000000;\"> Wie sich <\/span><span style=\"color: #000000;\">\u201cB\u00fcrgerschulen\u201c f\u00fcr den Stadtteil mit seinen<br \/>\nLernorten und -partnern \u00f6ffnen?<\/span><\/h1>\n<p><span style=\"text-decoration: underline;\"><span style=\"color: #000000; text-decoration: underline;\">Input \/ Anregungen<\/span><\/span><br \/>\n<span style=\"color: #000000;\"> Prof. Dr. Martin Weingardt (P\u00e4dagogische Hochschule Ludwigsburg und Netzwerk der Offenen B\u00fcrgerschulen) in Kooperation mit <\/span><span style=\"color: #000000;\">Walter Schmid (Schulleitung Lerchenrainschule Stuttgart-Heslach)<\/span><\/p>\n<p><span style=\"color: #000000;\">Zivilgesellschaftliche Initiativen von B\u00fcrgern und B\u00fcrgerinnen sowie deren Vernetzung mit bestehenden Institutionen pr\u00e4gen die Entwicklung unserer Gesellschaft. Besonders deutlich wird das in den Quartieren urbaner Regionen. Die Schulen sind zunehmend mit hinein\u00adgenommen in diese Gestaltungen innovativ verbundener Bildungsprozesse und -r\u00e4ume vor Ort.<\/span><\/p>\n<p><span style=\"text-decoration: underline; color: #000000;\">Leitfragen<\/span><\/p>\n<ul>\n<li><span style=\"color: #000000;\">Warum brauchen die Schulen auch f\u00fcr die Unterrichtsprozesse den sie umgebenden Sozialraum?<\/span><\/li>\n<li><span style=\"color: #000000;\">Wie verbinden sich formale und non-formale oder informelle Lernprozesse?<\/span><\/li>\n<li><span style=\"color: #000000;\">Welche Lernorte und -partner finden sich in einem Quartier, was kann es bieten?<\/span><\/li>\n<li><span style=\"color: #000000;\">Warum ist f\u00fcr einen lebendigen Sozialraum die Existenz von Schulen unabdingbar?<\/span><\/li>\n<li><span style=\"color: #000000;\">Was tr\u00e4gt eine Quartiersschule zur Begegnungs- und Gemeinschaftskultur im Stadtteil bei?<\/span><\/li>\n<li><span style=\"color: #000000;\">Wie k\u00f6nnen Schule und Quartier sich wechselseitig erschlie\u00dfen und einbinden?<\/span><\/li>\n<li><span style=\"color: #000000;\">Brauchen wir andere Schulmodelle? Die Konzeption der Offenen B\u00fcrgerschulen im Land.<\/span><\/li>\n<li><span style=\"color: #000000;\">Lokale Beispiele: z. B. die Lerchenrainschule in Stuttgart-Heslach<\/span><\/li>\n<\/ul>\n<p>&nbsp;<\/p>\n<h1><span style=\"color: #ff6600;\"><strong>5. Forum Offener Treff: <\/strong>Willkommen ohne Wenn und Aber<\/span><br \/>\n<span style=\"color: #000000;\"> Wie wird der Offene Treff zum Lern- und Begegnungsort im Stadtteilzentrum?<\/span><\/h1>\n<p><span style=\"text-decoration: underline;\"><span style=\"color: #000000; text-decoration: underline;\">Input \/ Anregungen<\/span><\/span><br \/>\n<span style=\"color: #000000;\"> Dr. Tho Ha Vinh (Bhutan)<\/span><br \/>\n<span style=\"color: #000000;\"> Dr. Susanne Diemer (Stuttgart)<br \/>\nBegleitung: Verena Supper und Jasmin Horber, M\u00fctterforum Baden-W\u00fcrttemberg e. V.<\/span><\/p>\n<p><span style=\"color: #000000;\">Das Herzst\u00fcck eines jeden M\u00fctter- und Familienzentrums sowie Mehrgenerationenhauses ist der \u201cOffene Treff\u201c, auch liebevoll \u201c\u00f6ffentliches Wohnzimmer\u201c genannt. Hier werden die Gelegenheitsstrukturen f\u00fcr Begegnungen und Kontakte zwischen unterschiedlichen Menschen mit verschiedenen Bed\u00fcrfnissen geschaffen. Sehr vielf\u00e4ltig gestalten BesucherInnen und Aktive, NutzerInnen und b\u00fcrgerschaftlich Engagierte, Ehrenamtliche und Hauptamtliche das gemeinsame Tun in den Zentren. Doch wie funktioniert das, und warum tr\u00e4gt der Offene Treff zum \u201cGl\u00fcck im Quartier\u201c bei?<\/span><\/p>\n<p><span style=\"color: #000000;\">Dr. Ha Vinh Tho leitet das Forum mit einem Impuls zum Zusammenhang von Offenheit und Gl\u00fcck im Quartier ein. \u00dcber den Stellenwert des Offenen Treffs in der Landesstrategie f\u00fcr Familienbildung berichtet Dr. Susanne Diemer vom Ministerium f\u00fcr Soziales und Integration Baden-W\u00fcrttemberg. Gemeinsam werden die Forumsteilnehmer dann die Prinzipien und die Haltung erarbeiten, nach denen ein Offener Treff zum Wohle aller QuartiersbewohnerInnen gemeinsam gelebt werden kann.<\/span><\/p>\n<p><span style=\"color: #000000;\"><span style=\"text-decoration: underline;\">Leitfragen<\/span>: <!--Notes ACF\n<meta http-equiv=\"content-type\" content=\"text\/html; charset=utf-8\">--> <\/span><\/p>\n<ul>\n<li><span style=\"color: #000000;\">\u00a0Was bedeutet das Prinzip \u201eOffenheit\u201c?<\/span><\/li>\n<li><span style=\"color: #000000;\">Wie kann \u201eder Raum\u201c f\u00fcr k\u00fcnftige Entwicklungen gehalten werden?<\/span><\/li>\n<li><span style=\"color: #000000;\">Welche Prozesse braucht es in einem Stadtteilzentrum, damit eine offene Haltung gelebt werden kann? <\/span><\/li>\n<li><span style=\"color: #000000;\">Welche Orte und Strukturen braucht es zum gemeinsamen Lernen verschiedener Generationen und Kulturen im Quartier?<\/span><\/li>\n<li><span style=\"color: #000000;\">Was bedeutet das Konzept \u201eGelegenheitsstrukturen\u201c?<br \/>\n<\/span><\/li>\n<li><span style=\"color: #000000;\">Warum kann der offene Treff ein Ort der niederschwelligen und informellen Familienbildung sein?<br \/>\n<\/span><\/li>\n<\/ul>\n<h2><\/h2>\n<h1><span style=\"color: #ff6600;\"><strong>6. Forum Lernendes Quartier: <\/strong>Gemeinsam Zukunft gestalten<\/span><br \/>\n<span style=\"color: #000000;\"> Lassen sich Erfahrungen der Gemeinschaft Tempelhof auf Entwicklungsprozesse im st\u00e4dtischen Quartier \u00fcbertragen?<\/span><\/h1>\n<p><span style=\"text-decoration: underline;\"><span style=\"color: #000000; text-decoration: underline;\">Input \/ Anregungen<\/span><\/span><br \/>\n<span style=\"color: #000000;\"> Dr. MarieLuise Stiefel (Tempelhof)<br \/>\n<\/span><\/p>\n<p><span style=\"color: #000000;\">Die Zukunftswerkstatt Gemeinschaft Tempelhof, 2010 im l\u00e4ndlichen Gebiet in Hohenlohe gegr\u00fcndet, besteht aus inzwischen rund 100 Erwachsenen und \u00fcber 40 Kindern \/ Jugendlichen und hat innerhalb von kurzer Zeit viele Projekte realisiert. Es gibt keine Chefs oder Auftraggeber, aber eine geteilte Vision, geteilte Werte und das Bewusstsein, dass gelingende Zukunft einen tiefgreifenden Wandel braucht. Dieser Wandel wird im Realexperiment Gemeinschaft erprobt und erforscht. Damit scheint ein Nerv der Zeit getroffen, denn das Interesse von Besuchern und Medien an diesem dynamischen Lebensort ist gro\u00df.<\/span><\/p>\n<p><span style=\"text-decoration: underline;\"><span style=\"color: #000000; text-decoration: underline;\">Leitfragen<\/span><\/span><\/p>\n<ul>\n<li><span style=\"color: #000000;\">Was ist die Gemeinschaft Tempelhof und was tr\u00e4gt den Entwicklungsprozess?<\/span><\/li>\n<li><span style=\"color: #000000;\">Wie finden Menschen zusammen, um Neues in die Welt zu bringen?<\/span><\/li>\n<li><span style=\"color: #000000;\">Was l\u00e4sst ein Miteinander gelingen?<\/span><\/li>\n<li><span style=\"color: #000000;\">Welche Impulse gibt es f\u00fcr st\u00e4dtische Quartiere?<\/span><\/li>\n<li><span style=\"color: #000000;\">Wie l\u00e4sst sich \u201cLernen\u201c praktisch organisieren?<\/span><\/li>\n<\/ul>\n<h3><span style=\"color: #000000;\">\u00a0<\/span><\/h3>\n<h1><span style=\"color: #ff6600;\"><strong>7. Forum Achtsamkeit: <\/strong>Achtsamkeit als pers\u00f6nliche<br \/>\nVoraussetzung f\u00fcr gelungene Quartiersarbeit<\/span><\/h1>\n<p><span style=\"text-decoration: underline;\"><span style=\"color: #000000; text-decoration: underline;\">Input \/ Anregungen<\/span><\/span><br \/>\n<span style=\"color: #000000;\"> Susanne Breuninger-Ballreich (Stuttgart)<\/span><\/p>\n<p><span style=\"text-decoration: underline; color: #000000;\">Leitfragen<\/span><\/p>\n<ul>\n<li><span style=\"color: #000000;\">Welche innere Haltung ist notwendig, um sich f\u00fcr das gesellschaftliche Miteinander im Quartier zu engagieren?<\/span><\/li>\n<li><span style=\"color: #000000;\">Wie kann ich durch Achtsamkeit f\u00fcr mich selbst sorgen?<\/span><\/li>\n<li><span style=\"color: #000000;\">Wie gelingt es mir, mich interessiert den anderen gegen\u00fcber zu \u00f6ffnen, sie zu akzeptieren und zu verstehen \u2013 auch wenn sie mir fremd sind?<\/span><\/li>\n<li><span style=\"color: #000000;\">Wie gelingt es mir, mit Spannungen und Konflikten konstruktiv umzugehen?<\/span><\/li>\n<\/ul>\n<p><span style=\"color: #000000;\">Der Workshop bietet die M\u00f6glichkeit, anhand von \u00dcbungen und k\u00f6rperorientierter Arbeit Achtsamkeitspraxis konkret zu erfahren. Im Anschluss wird gemeinsam reflektiert zu der Frage, wie die Umsetzung dieser Erfahrungen in der allt\u00e4glichen Begegnung gelingen kann.<\/span><\/p>\n","protected":false},"excerpt":{"rendered":"<p>1. Forum Vielfalt (Migration): &#8222;Fremdeln mit dem Nachbarn&#8220; ?\u00a0 Teil II Wie lernt man, in einem Quartier der Differenz miteinander zu leben? Input \/ Anregungen Dr. Kai Unzicker (Bertelsmann Stiftung G\u00fctersloh) Gari Pavkovic (Landeshauptstadt Stuttgart, Referat Soziales und gesellschaftliche Integration Abteilung Integrationspolitik) Kunst- und Kreativworkshop gemeinsam mit Fl\u00fcchtlingen \/ &#8222;stimmlosen\u201c Menschen Freundeskreise Fl\u00fcchtlinge, gefl\u00fcchtete Menschen, [&hellip;]<\/p>\n","protected":false},"author":1,"featured_media":0,"parent":0,"menu_order":0,"comment_status":"closed","ping_status":"closed","template":"","meta":[],"yoast_head":"<!-- This site is optimized with the Yoast SEO plugin v18.4.1 - https:\/\/yoast.com\/wordpress\/plugins\/seo\/ -->\n<title>Foren im Detail - Fachtagung<\/title>\n<meta name=\"robots\" content=\"index, follow, max-snippet:-1, max-image-preview:large, max-video-preview:-1\" \/>\n<link rel=\"canonical\" href=\"https:\/\/gebrueder-schmid-zentrum.de\/fachtagung\/workshops\/\" \/>\n<meta property=\"og:locale\" content=\"de_DE\" \/>\n<meta property=\"og:type\" content=\"article\" \/>\n<meta property=\"og:title\" content=\"Foren im Detail - Fachtagung\" \/>\n<meta property=\"og:description\" content=\"1. Forum Vielfalt (Migration): &#8222;Fremdeln mit dem Nachbarn&#8220; ?\u00a0 Teil II Wie lernt man, in einem Quartier der Differenz miteinander zu leben? Input \/ Anregungen Dr. Kai Unzicker (Bertelsmann Stiftung G\u00fctersloh) Gari Pavkovic (Landeshauptstadt Stuttgart, Referat Soziales und gesellschaftliche Integration Abteilung Integrationspolitik) Kunst- und Kreativworkshop gemeinsam mit Fl\u00fcchtlingen \/ &#8222;stimmlosen\u201c Menschen Freundeskreise Fl\u00fcchtlinge, gefl\u00fcchtete Menschen, [&hellip;]\" \/>\n<meta property=\"og:url\" content=\"https:\/\/gebrueder-schmid-zentrum.de\/fachtagung\/workshops\/\" \/>\n<meta property=\"og:site_name\" content=\"Fachtagung\" \/>\n<meta property=\"article:modified_time\" content=\"2016-12-01T11:20:40+00:00\" \/>\n<meta name=\"twitter:card\" content=\"summary\" \/>\n<meta name=\"twitter:label1\" content=\"Gesch\u00e4tzte Lesezeit\" \/>\n\t<meta name=\"twitter:data1\" content=\"6\u00a0Minuten\" \/>\n<script type=\"application\/ld+json\" class=\"yoast-schema-graph\">{\"@context\":\"https:\/\/schema.org\",\"@graph\":[{\"@type\":\"WebSite\",\"@id\":\"https:\/\/gebrueder-schmid-zentrum.de\/fachtagung\/#website\",\"url\":\"https:\/\/gebrueder-schmid-zentrum.de\/fachtagung\/\",\"name\":\"Fachtagung\",\"description\":\"\",\"potentialAction\":[{\"@type\":\"SearchAction\",\"target\":{\"@type\":\"EntryPoint\",\"urlTemplate\":\"https:\/\/gebrueder-schmid-zentrum.de\/fachtagung\/?s={search_term_string}\"},\"query-input\":\"required name=search_term_string\"}],\"inLanguage\":\"de\"},{\"@type\":\"WebPage\",\"@id\":\"https:\/\/gebrueder-schmid-zentrum.de\/fachtagung\/workshops\/#webpage\",\"url\":\"https:\/\/gebrueder-schmid-zentrum.de\/fachtagung\/workshops\/\",\"name\":\"Foren im Detail - Fachtagung\",\"isPartOf\":{\"@id\":\"https:\/\/gebrueder-schmid-zentrum.de\/fachtagung\/#website\"},\"datePublished\":\"2016-06-09T16:48:33+00:00\",\"dateModified\":\"2016-12-01T11:20:40+00:00\",\"breadcrumb\":{\"@id\":\"https:\/\/gebrueder-schmid-zentrum.de\/fachtagung\/workshops\/#breadcrumb\"},\"inLanguage\":\"de\",\"potentialAction\":[{\"@type\":\"ReadAction\",\"target\":[\"https:\/\/gebrueder-schmid-zentrum.de\/fachtagung\/workshops\/\"]}]},{\"@type\":\"BreadcrumbList\",\"@id\":\"https:\/\/gebrueder-schmid-zentrum.de\/fachtagung\/workshops\/#breadcrumb\",\"itemListElement\":[{\"@type\":\"ListItem\",\"position\":1,\"name\":\"Startseite\",\"item\":\"https:\/\/gebrueder-schmid-zentrum.de\/fachtagung\/\"},{\"@type\":\"ListItem\",\"position\":2,\"name\":\"Foren im Detail\"}]}]}<\/script>\n<!-- \/ Yoast SEO plugin. -->","yoast_head_json":{"title":"Foren im Detail - Fachtagung","robots":{"index":"index","follow":"follow","max-snippet":"max-snippet:-1","max-image-preview":"max-image-preview:large","max-video-preview":"max-video-preview:-1"},"canonical":"https:\/\/gebrueder-schmid-zentrum.de\/fachtagung\/workshops\/","og_locale":"de_DE","og_type":"article","og_title":"Foren im Detail - Fachtagung","og_description":"1. Forum Vielfalt (Migration): &#8222;Fremdeln mit dem Nachbarn&#8220; ?\u00a0 Teil II Wie lernt man, in einem Quartier der Differenz miteinander zu leben? Input \/ Anregungen Dr. Kai Unzicker (Bertelsmann Stiftung G\u00fctersloh) Gari Pavkovic (Landeshauptstadt Stuttgart, Referat Soziales und gesellschaftliche Integration Abteilung Integrationspolitik) Kunst- und Kreativworkshop gemeinsam mit Fl\u00fcchtlingen \/ &#8222;stimmlosen\u201c Menschen Freundeskreise Fl\u00fcchtlinge, gefl\u00fcchtete Menschen, [&hellip;]","og_url":"https:\/\/gebrueder-schmid-zentrum.de\/fachtagung\/workshops\/","og_site_name":"Fachtagung","article_modified_time":"2016-12-01T11:20:40+00:00","twitter_card":"summary","twitter_misc":{"Gesch\u00e4tzte Lesezeit":"6\u00a0Minuten"},"schema":{"@context":"https:\/\/schema.org","@graph":[{"@type":"WebSite","@id":"https:\/\/gebrueder-schmid-zentrum.de\/fachtagung\/#website","url":"https:\/\/gebrueder-schmid-zentrum.de\/fachtagung\/","name":"Fachtagung","description":"","potentialAction":[{"@type":"SearchAction","target":{"@type":"EntryPoint","urlTemplate":"https:\/\/gebrueder-schmid-zentrum.de\/fachtagung\/?s={search_term_string}"},"query-input":"required name=search_term_string"}],"inLanguage":"de"},{"@type":"WebPage","@id":"https:\/\/gebrueder-schmid-zentrum.de\/fachtagung\/workshops\/#webpage","url":"https:\/\/gebrueder-schmid-zentrum.de\/fachtagung\/workshops\/","name":"Foren im Detail - Fachtagung","isPartOf":{"@id":"https:\/\/gebrueder-schmid-zentrum.de\/fachtagung\/#website"},"datePublished":"2016-06-09T16:48:33+00:00","dateModified":"2016-12-01T11:20:40+00:00","breadcrumb":{"@id":"https:\/\/gebrueder-schmid-zentrum.de\/fachtagung\/workshops\/#breadcrumb"},"inLanguage":"de","potentialAction":[{"@type":"ReadAction","target":["https:\/\/gebrueder-schmid-zentrum.de\/fachtagung\/workshops\/"]}]},{"@type":"BreadcrumbList","@id":"https:\/\/gebrueder-schmid-zentrum.de\/fachtagung\/workshops\/#breadcrumb","itemListElement":[{"@type":"ListItem","position":1,"name":"Startseite","item":"https:\/\/gebrueder-schmid-zentrum.de\/fachtagung\/"},{"@type":"ListItem","position":2,"name":"Foren im Detail"}]}]}},"_links":{"self":[{"href":"https:\/\/gebrueder-schmid-zentrum.de\/fachtagung\/wp-json\/wp\/v2\/pages\/38"}],"collection":[{"href":"https:\/\/gebrueder-schmid-zentrum.de\/fachtagung\/wp-json\/wp\/v2\/pages"}],"about":[{"href":"https:\/\/gebrueder-schmid-zentrum.de\/fachtagung\/wp-json\/wp\/v2\/types\/page"}],"author":[{"embeddable":true,"href":"https:\/\/gebrueder-schmid-zentrum.de\/fachtagung\/wp-json\/wp\/v2\/users\/1"}],"replies":[{"embeddable":true,"href":"https:\/\/gebrueder-schmid-zentrum.de\/fachtagung\/wp-json\/wp\/v2\/comments?post=38"}],"version-history":[{"count":76,"href":"https:\/\/gebrueder-schmid-zentrum.de\/fachtagung\/wp-json\/wp\/v2\/pages\/38\/revisions"}],"predecessor-version":[{"id":1089,"href":"https:\/\/gebrueder-schmid-zentrum.de\/fachtagung\/wp-json\/wp\/v2\/pages\/38\/revisions\/1089"}],"wp:attachment":[{"href":"https:\/\/gebrueder-schmid-zentrum.de\/fachtagung\/wp-json\/wp\/v2\/media?parent=38"}],"curies":[{"name":"wp","href":"https:\/\/api.w.org\/{rel}","templated":true}]}}