{"id":34,"date":"2016-06-09T18:46:36","date_gmt":"2016-06-09T16:46:36","guid":{"rendered":"http:\/\/gebrueder-schmid-zentrum.de\/fachtagung\/?page_id=34"},"modified":"2017-03-22T10:53:39","modified_gmt":"2017-03-22T09:53:39","slug":"einleitung","status":"publish","type":"page","link":"https:\/\/gebrueder-schmid-zentrum.de\/fachtagung\/einleitung\/","title":{"rendered":"Dokumentation des Fachtages"},"content":{"rendered":"<div style=\"max-width: 750px;\">\n<h1><span style=\"color: #ff6600;\"><strong>&#8222;Gl\u00fcck im Quartier&#8220;<br \/>\nDas gesellschaftliche Miteinander in lokalen R\u00e4umen gestalten<\/strong><\/span><\/h1>\n<h6><span style=\"color: #ff6600;\"><strong><span style=\"color: #000000;\">Ort:\u00a0 Rathaus der LHS Stuttgart, Marktplatz 1<\/span><br \/>\n<\/strong><\/span><\/h6>\n<h2><span style=\"color: #000000;\"><strong>Donnerstag, 12. Januar 2017<\/strong><\/span><\/h2>\n<ul>\n<li><span style=\"color: #000000;\"><span style=\"color: #000000;\"><strong>17.00 Uhr:<\/strong> <strong>Begr\u00fc\u00dfung &#8211; <span style=\"color: #1b63ab;\"><a style=\"color: #1b63ab;\" href=\"http:\/\/gebrueder-schmid-zentrum.de\/fachtagung\/?page_id=595&amp;preview=true\" target=\"_blank\">Werner W\u00f6lfle<\/a><\/span>, B\u00fcrgermeister f\u00fcr Soziales und gesellschaftliche Integration<br \/>\nGro\u00dfer Sitzungssaal, Rathaus, 3. OG<\/strong><\/span><\/span><br \/>\n<em><span style=\"color: #ff0000;\">Begr\u00fc\u00dfung BM Werner W\u00f6lfle als Audio-Version:<\/span><\/em> <span style=\"color: #1b63ab;\"><a style=\"color: #1b63ab;\" href=\"http:\/\/gebrueder-schmid-zentrum.de\/fachtagung\/wp-content\/uploads\/2017\/01\/Begruessung-Herr-Woelfle-12.01.2017.mp3\" target=\"_blank\"><em>Hier<\/em><\/a><\/span><a href=\"http:\/\/gebrueder-schmid-zentrum.de\/fachtagung\/einleitung\/begruessung-bm-woelfle-12-januar-2017\/?preview_id=1264&amp;preview_nonce=f7262ab8e6&amp;_thumbnail_id=-1&amp;preview=true\" target=\"_blank\"><br \/>\n<\/a><\/li>\n<li><strong><span style=\"color: #000000;\">17.15 Uhr: Einleitung &#8211;<br \/>\n<span style=\"color: #1b63ab;\"><a style=\"color: #1b63ab;\" href=\"http:\/\/gebrueder-schmid-zentrum.de\/fachtagung\/das-vermaechtnis-von-rudolf-schmid-und-hermann-schmid\/\" target=\"_blank\">Edgar Kurz<\/a><\/span>, Testamentsvollstrecker der Rudolf Schmid und Hermann Schmid Stiftung zu den Unternehmensbr\u00fcdern Rudolf Schmid <\/span><span style=\"color: #000000;\"><span style=\"color: #000000;\">und Hermann Schmid<br \/>\n<\/span><\/span><\/strong><span style=\"color: #000000;\"><span style=\"color: #000000;\"><em><span style=\"color: #ff0000;\">Ines Martinez im Gespr\u00e4ch mit Edgar Kurz als Audio-Version<\/span><\/em><\/span><\/span><span style=\"color: #ff0000;\"><em>: <\/em><\/span><span style=\"color: #999999;\"><a style=\"color: #999999;\" href=\"http:\/\/gebrueder-schmid-zentrum.de\/fachtagung\/wp-content\/uploads\/2017\/01\/Gespraech-mit-Edgar-Kurz-12.01.2017.mp3\" target=\"_blank\"><em>Hier<\/em><\/a><\/span><\/li>\n<\/ul>\n<ul>\n<li><strong><span style=\"color: #000000;\">17.30 Uhr: <span style=\"color: #1b63ab;\"><a style=\"color: #1b63ab;\" href=\"http:\/\/gebrueder-schmid-zentrum.de\/fachtagung\/vortrag-tag-1\">Vortrag und Einstieg in die Tagung<\/a><\/span><\/span><\/strong><br \/>\n<strong> <span style=\"color: #000000;\"> <em>&#8222;<\/em><em>Die inneren und \u00e4u\u00dferen Bedingungen des Gl\u00fccks \u2013 eine globale und lokale Perspektive&#8220;<br \/>\n<\/em><\/span><span style=\"color: #1b63ab;\"><a style=\"color: #1b63ab;\" href=\"http:\/\/gebrueder-schmid-zentrum.de\/fachtagung\/dr-ha-vinh-tho-programmdirektor-des-zentrums-fuer-bruttonationalglueck-in-bhutan\" target=\"_blank\">Dr. Tho Ha Vinh<\/a><\/span><span style=\"color: #000000;\">, Programmdirektor des Zentrums f\u00fcr Bruttonationalgl\u00fcck in Bhutan<\/span><\/strong><br \/>\n<em><span style=\"color: #ff0000;\">Vortrag als PDF: <span style=\"color: #1b63ab;\"><a style=\"color: #1b63ab;\" href=\"http:\/\/gebrueder-schmid-zentrum.de\/fachtagung\/wp-content\/uploads\/2017\/01\/VortragHaVinhTho12Januar.pdf\" target=\"_blank\">Hier<\/a><\/span><\/span><\/em><br \/>\n<em><span style=\"color: #ff0000;\">Vortrag als Film: <span style=\"color: #1b63ab;\"><a style=\"color: #1b63ab;\" href=\"https:\/\/www.youtube.com\/watch?v=rMd2KIEUg7I&amp;feature=youtu.be\" target=\"_blank\">Hier<\/a><\/span><\/span><\/em><\/li>\n<\/ul>\n<h2><span style=\"color: #000000;\"><strong>Freitag, 13. Januar 2017\u00a0\u00a0 <\/strong><\/span><\/h2>\n<ul>\n<li><span style=\"color: #000000;\"><span style=\"color: #000000;\"><span style=\"color: #000000;\"><strong>09.15 Uhr:<\/strong> <strong>Beginn und Begr\u00fc\u00dfung durch <a href=\"http:\/\/gebrueder-schmid-zentrum.de\/fachtagung\/?page_id=595&amp;preview=true\" target=\"_blank\">Werner W\u00f6lfle<\/a>, B\u00fcrgermeister f\u00fcr Soziales und gesellschaftliche Integration und <\/strong><strong><a href=\"http:\/\/gebrueder-schmid-zentrum.de\/fachtagung\/das-vermaechtnis-von-rudolf-schmid-und-hermann-schmid\/\">Edgar Kurz<\/a>, Testamentsvollstrecker der Rudolf Schmid und Hermann Schmid Stiftung,<\/strong><br \/>\n<strong> Gro\u00dfer Sitzungssaal<\/strong><\/span><\/span><\/span><\/li>\n<\/ul>\n<ul>\n<li><strong><span style=\"color: #000000;\"><span style=\"color: #000000;\">9.30 Uhr: <a href=\"http:\/\/gebrueder-schmid-zentrum.de\/fachtagung\/vortrag-tag-2\" target=\"_blank\">Vortrag <em>&#8222;Fremdeln mit dem Nachbarn? Was eine Gesellschaft der Vielfalt und Differenz tr\u00e4gt&#8220;<\/em><\/a><br \/>\n<a href=\"http:\/\/gebrueder-schmid-zentrum.de\/fachtagung\/dr-kai-unzicker-kurzbiografie\" target=\"_blank\">Dr. Kai Unzicker<\/a>, Senior Project Manager, Programm Lebendige Werte bei der Bertelsmann Stiftung in G\u00fctersloh<br \/>\n<\/span><\/span><\/strong><em><em><span style=\"color: #ff0000;\">Vortrag als PDF: <a href=\"http:\/\/gebrueder-schmid-zentrum.de\/fachtagung\/wp-content\/uploads\/2017\/01\/DrUnzicker_Praesentation_13_Februar.pdf\" target=\"_blank\">Hier<\/a><\/span><\/em><\/em><\/li>\n<\/ul>\n<ul>\n<li><strong><span style=\"color: #000000;\"><span style=\"color: #000000;\">10.30 Uhr: Einf\u00fchrung in die Workshops: Die Referent\/-innen stellen sich und ihre Themen vor<br \/>\n<\/span><\/span><\/strong><\/li>\n<\/ul>\n<h3><strong><span style=\"color: #000000;\">11.15 &#8211; 15.00 Uhr Quartiersorientierte Workshops (1 bis 7 parallel laufend)<u><br \/>\n<\/u><\/span><\/strong><\/h3>\n<p><strong><span style=\"color: #000000;\"><a href=\"http:\/\/gebrueder-schmid-zentrum.de\/fachtagung\/workshop-1-forum-vielfalt\" target=\"_blank\">1. Workshop<br \/>\n<\/a> <em>&#8222;<\/em><em>Fremdeln mit dem Nachbarn?&#8220; &#8211; <\/em><\/span><\/strong><strong><strong><em><em><em><span style=\"color: #000000;\">Wie lernt man, in einem Quartier der Differenz miteinander zu leben?<br \/>\n<\/span><\/em><\/em><\/em><span style=\"color: #000000;\">Mit <a href=\"http:\/\/gebrueder-schmid-zentrum.de\/fachtagung\/dr-kai-unzicker-kurzbiografie\" target=\"_blank\">Dr. Kai Unzicker<\/a><\/span><em><em><em><span style=\"color: #000000;\">,<\/span><\/em><\/em><\/em><span style=\"color: #000000;\"> Gari Pavko<\/span><span style=\"color: #000000;\">vic<br \/>\n<\/span><\/strong><\/strong><em><span style=\"color: #ff0000;\">Workshop-Dokumentation: <a href=\"http:\/\/gebrueder-schmid-zentrum.de\/fachtagung\/einleitung\/protokoll-workshop-1\/?preview=true\" target=\"_blank\">Hier<\/a><\/span><\/em><\/p>\n<p><strong><strong><span style=\"color: #000000;\"><a href=\"http:\/\/gebrueder-schmid-zentrum.de\/fachtagung\/workshop-2\" target=\"_blank\">2. Workshop<\/a><br \/>\n<em>&#8222;Vom Bruttosozialprodukt zum Gemeinwohlprodukt\u201c &#8211; <\/em><\/span><span style=\"color: #000000;\"><em>Was kann die Gemeinwohl\u00f6konomie f\u00fcr das Gemeinwohl der Menschen im Quartier beitragen?<\/em><\/span><\/strong><\/strong><br \/>\n<strong><strong><span style=\"color: #000000;\">Mit <a href=\"http:\/\/gebrueder-schmid-zentrum.de\/fachtagung\/gitta-walchner-kurzbiografie\" target=\"_blank\">Gitta Walchner<\/a><br \/>\n<\/span><\/strong><\/strong><span style=\"color: #000000;\"><em><span style=\"color: #ff0000;\">Vortrag Workshop 2: <a href=\"http:\/\/gebrueder-schmid-zentrum.de\/fachtagung\/wp-content\/uploads\/2017\/01\/VortragWalchnerWorkshop2.pdf\" target=\"_blank\">Hier<\/a><\/span><\/em><\/span><span style=\"color: #000000;\"><br \/>\n<\/span><span style=\"color: #000000;\"><em><span style=\"color: #ff0000;\">Arbeitsmaterialien f\u00fcr Workshop 2: <a href=\"http:\/\/gebrueder-schmid-zentrum.de\/fachtagung\/wp-content\/uploads\/2017\/01\/ArbeitsmaterialienWalchnerWS_2.pdf\" target=\"_blank\">Hier<\/a><\/span><\/em><\/span><strong><strong><span style=\"color: #000000;\"><br \/>\n<\/span><\/strong><\/strong><em><span style=\"color: #000000;\"><span style=\"color: #ff0000;\">Workshop-Dokumentatio<\/span><\/span><span style=\"color: #000000;\"><span style=\"color: #ff0000;\">n<\/span><\/span><span style=\"color: #ff0000;\">: <\/span><\/em><a href=\"http:\/\/gebrueder-schmid-zentrum.de\/fachtagung\/wp-content\/uploads\/2017\/03\/Tagungsdokumentation-02.pdf\" target=\"_blank\"><span style=\"color: #999999;\"><em>Hier<\/em><\/span><\/a><\/p>\n<p><strong><strong><span style=\"color: #000000;\"><a href=\"http:\/\/gebrueder-schmid-zentrum.de\/fachtagung\/workshop-3\" target=\"_blank\">3. Workshop<\/a><br \/>\n<em>&#8222;Feine Unterschiede\u201c &#8211; Was macht milieu\u00fcbergreifende Quartiersprozesse so schwierig und wie k\u00f6nnen sie trotzdem gelingen?<\/em><br \/>\nMit <a href=\"http:\/\/gebrueder-schmid-zentrum.de\/fachtagung\/prof-dr-guenter-rausch\" target=\"_blank\">Prof. Dr. G\u00fcnter Rausch<\/a> und Ulrich Dilger<\/span><\/strong><\/strong><br \/>\n<em><span style=\"color: #ff0000;\">Vortrag Workshop 3 &#8222;Feine Unterschiede&#8220;: <a href=\"http:\/\/gebrueder-schmid-zentrum.de\/fachtagung\/wp-content\/uploads\/2017\/02\/Glu\u0308ckimQuartier_Workshop3.pdf\" target=\"_blank\">Hier<\/a><br \/>\n<\/span><\/em><em><span style=\"color: #ff0000;\">Vortrag Workshop 3 &#8222;Salz&amp;Suppe&#8220;: <a href=\"http:\/\/gebrueder-schmid-zentrum.de\/fachtagung\/wp-content\/uploads\/2017\/01\/WS3-SalzundSuppeHrDilger.pdf\" target=\"_blank\">Hier<\/a><\/span><\/em><\/p>\n<p><strong><strong><span style=\"color: #000000;\"><a href=\"http:\/\/gebrueder-schmid-zentrum.de\/fachtagung\/workshop-4\" target=\"_blank\">4. Workshop<\/a><br \/>\n<em>&#8222;<\/em><em>Bildung in der B\u00fcrgergesellschaft: Schule macht Quartier-Quartier macht Schule!\u201c &#8211; Wie sich \u201eB\u00fcrgerschulen\u201c f\u00fcr den Stadtteil mit seinen Lernorten und -partnern \u00f6ffnen?<\/em><br \/>\nMit <a href=\"http:\/\/gebrueder-schmid-zentrum.de\/fachtagung\/prof-dr-martin-weingardt-kurzbiografie\" target=\"_blank\">Prof. Dr. Martin Weingardt<\/a>, Walter Schmid<br \/>\n<\/span><\/strong><\/strong><span style=\"color: #000000;\"><em><span style=\"color: #ff0000;\">Vortrag Workshop 4: <\/span><\/em><a href=\"http:\/\/gebrueder-schmid-zentrum.de\/fachtagung\/wp-content\/uploads\/2017\/03\/Praesentation_Weingardt-Off.-Buergerschule-und-Quartier_Heslach-03-1.pdf\" target=\"_blank\"><em>Hier <\/em><\/a><br \/>\n<em><span style=\"color: #ff0000;\">Arbeitsmaterialien f\u00fcr Workshop 4:<\/span><\/em> <a href=\"http:\/\/gebrueder-schmid-zentrum.de\/fachtagung\/wp-content\/uploads\/2017\/03\/Kurzinformation-zu-OBSTagung-Glueck-im-Quartier-13.1.17.pdf\" target=\"_blank\"><span style=\"text-decoration: underline;\"><span style=\"color: #333399; text-decoration: underline;\"><em>Hier<\/em><\/span><\/span><\/a><br \/>\n<em><span style=\"color: #ff0000;\">Workshop-Dokumentati<\/span><span style=\"color: #ff0000;\">on<\/span><span style=\"color: #ff0000;\">: <\/span><\/em><\/span><a href=\"http:\/\/gebrueder-schmid-zentrum.de\/fachtagung\/wp-content\/uploads\/2017\/03\/Tagungsdokumentation-02.pdf\" target=\"_blank\"><em><span style=\"color: #000000;\"><span style=\"color: #000000;\">Hier<\/span><\/span><\/em><\/a><span style=\"color: #000000;\"><br \/>\n<\/span><\/p>\n<p><strong><strong><span style=\"color: #000000;\"><a href=\"http:\/\/gebrueder-schmid-zentrum.de\/fachtagung\/workshop-5\" target=\"_blank\">5. Workshop<\/a><br \/>\n<em>&#8222;Offener Treff &#8211; Willkommen ohne Wenn und Aber&#8220; &#8211; Wie wird der Offene Treff zum Lern- und Begegnungsort im Stadtteilzentrum?<\/em><br \/>\nMit <a href=\"http:\/\/gebrueder-schmid-zentrum.de\/fachtagung\/dr-ha-vinh-tho-programmdirektor-des-zentrums-fuer-bruttonationalglueck-in-bhutan\" target=\"_blank\">Dr. Tho Ha Vinh<\/a> (Bhutan), <a href=\"http:\/\/gebrueder-schmid-zentrum.de\/fachtagung\/dr-susanne-diemer-kurzbiografie\" target=\"_blank\">Dr. Susanne Diemer<\/a>, <a href=\"http:\/\/gebrueder-schmid-zentrum.de\/fachtagung\/verena-supper-kurzbiografie\" target=\"_blank\">Verena Supper<\/a>,\u00a0<\/span><a href=\"http:\/\/gebrueder-schmid-zentrum.de\/fachtagung\/jasmin-horber-kurzbiografie\" target=\"_blank\">Jasmin Horber<br \/>\n<\/a><\/strong><\/strong><em><span style=\"color: #ff0000;\">Workshop-Dokumentation:<\/span><\/em> <a href=\"http:\/\/gebrueder-schmid-zentrum.de\/fachtagung\/einleitung\/protokoll-des-workshop-5\/\" target=\"_blank\"><em>Hier<\/em><\/a><\/p>\n<p><strong><strong><span style=\"color: #000000;\"><a href=\"http:\/\/gebrueder-schmid-zentrum.de\/fachtagung\/workshop-6\" target=\"_blank\">6. Workshop<\/a><br \/>\n<em>&#8222;<\/em><em>Gemeinsam Zukunft gestalten\u201c &#8211; Wie lassen sich Erfahrungen der Gemeinschaft Tempelhof auf Entwicklungsprozesse im st\u00e4dtischen Quartier \u00fcbertragen?<\/em><br \/>\nMit <\/span><span style=\"color: #000000;\"><a href=\"http:\/\/gebrueder-schmid-zentrum.de\/fachtagung\/kurzvita-dr-marie-luise-stiefel\" target=\"_blank\">Dr. MarieLuise Stiefel<br \/>\n<\/a><\/span><\/strong><\/strong><span style=\"color: #000000;\"><em><span style=\"color: #ff0000;\">Vortrag als PDF: <a href=\"http:\/\/gebrueder-schmid-zentrum.de\/fachtagung\/wp-content\/uploads\/2017\/01\/WS_6DrStiefel-Lernendes-QuartierKom.pdf\" target=\"_blank\">Hier<\/a><\/span><\/em><\/span><br \/>\n<em><span style=\"color: #ff0000;\">Workshop-Dokumentation: <a href=\"http:\/\/gebrueder-schmid-zentrum.de\/fachtagung\/einleitung\/protokoll-des-workshop-6\/\" target=\"_blank\">Hier<\/a><\/span><\/em><\/p>\n<p><strong><span style=\"color: #000000;\"><a href=\"http:\/\/gebrueder-schmid-zentrum.de\/fachtagung\/workshop-7\" target=\"_blank\">7. Workshop<br \/>\n<\/a> <\/span><span style=\"color: #000000;\"><em>&#8222;Achtsamkeit als pers\u00f6nliche Voraussetzung f\u00fcr gelungene Quartiersarbeit\u201c<\/em><a href=\"http:\/\/gebrueder-schmid-zentrum.de\/fachtagung\/workshop-7\"><br \/>\n<\/a>Mit <\/span><a href=\"http:\/\/gebrueder-schmid-zentrum.de\/fachtagung\/susanne-breuninger-ballreich-kurzbiografie\" target=\"_blank\">Susanne Breuninger-Ballreich<\/a><\/strong><br \/>\n<em><span style=\"color: #000000;\"><span style=\"color: #ff0000;\">Workshop-Dokumentation<\/span><\/span><\/em><span style=\"color: #ff0000;\"><em>:<\/em><\/span> <a href=\"http:\/\/gebrueder-schmid-zentrum.de\/fachtagung\/einleitung\/protokoll-des-workshop-7\/\" target=\"_blank\"><em>Hier<\/em><\/a><\/p>\n<p><strong><span style=\"color: #000000;\">15.00 Uhr:\u00a0 Gl\u00fccksmomente zum Greifen &#8211; Denkanst\u00f6\u00dfe aus den Workshops im Gallery Walk erfahren<br \/>\n<\/span><\/strong><span style=\"color: #000000;\"><span style=\"color: #ff0000;\"><em>Alle Ergebnisse der Workshops im Gallery Walk: <a href=\"http:\/\/gebrueder-schmid-zentrum.de\/fachtagung\/einleitung\/gallery-walk-ergebnisse-aus-den-workshops\/\" target=\"_blank\">Hier<\/a><\/em><\/span><\/span><br \/>\n<em><span style=\"color: #ff0000;\">Ergebnisse der Workshops als Graphic Recording \/ Live-Visualisierung: <a href=\"http:\/\/gebrueder-schmid-zentrum.de\/fachtagung\/einleitung\/graphic-recording-live-visualisierung\/\" target=\"_blank\">Hier<\/a><br \/>\n<\/span><\/em><\/p>\n<p><strong><span style=\"color: #000000;\">16.00 Uhr: Talkrunde<br \/>\nDr. Tho Ha Vinh als Tagungsbeobachter und\u00a0B\u00fcrgermeister Werner W\u00f6lfle im Gespr\u00e4ch mit weiteren G\u00e4sten<br \/>\n<\/span><\/strong><span style=\"color: #000000;\"><span style=\"color: #ff0000;\"><em>Vortrag als Audio-Version: <a href=\"http:\/\/gebrueder-schmid-zentrum.de\/fachtagung\/wp-content\/uploads\/2017\/01\/TalkmitHaVinhTho13.01.2017.mp3\" target=\"_blank\">Hier<\/a><\/em><\/span><\/span><strong><span style=\"color: #000000;\"><br \/>\n<\/span><\/strong><em><span style=\"color: #ff0000;\">Ergebnisse der Talkrunde als Graphic Recording \/ Live-Visualisierung: <a href=\"http:\/\/gebrueder-schmid-zentrum.de\/fachtagung\/einleitung\/ergebnisse-der-talkrunde-als-graphic-recording-live-visualisierung\/\" target=\"_blank\">Hier<\/a><\/span><\/em><\/p>\n<p><strong><span style=\"color: #000000;\">17.00 Uhr: ENDE der Tagung<\/span><\/strong><\/p>\n<p><em><span style=\"color: #ff0000;\">Pers\u00f6nlicher Gl\u00fcckwunsch an Stuttgart von Dr. Tho Ha Vinh: <a href=\"http:\/\/gebrueder-schmid-zentrum.de\/wp-content\/uploads\/2017\/01\/DankeswortDrThoHaVinh.png\" target=\"_blank\">Hier<\/a><\/span><\/em><\/p>\n<p><strong>Moderation und Kulturprogramm durch und mit <a href=\"http:\/\/gebrueder-schmid-zentrum.de\/fachtagung\/kurzbiografie-ines-fueldner-martinez\" target=\"_blank\">Ines Martinez<\/a><\/strong><\/p>\n<p>THEATERHAUS+PLUS Jugendprojekt des Theaterhaus Stuttgart<\/p>\n<\/div>\n","protected":false},"excerpt":{"rendered":"<p>&#8222;Gl\u00fcck im Quartier&#8220; Das gesellschaftliche Miteinander in lokalen R\u00e4umen gestalten Ort:\u00a0 Rathaus der LHS Stuttgart, Marktplatz 1 Donnerstag, 12. Januar 2017 17.00 Uhr: Begr\u00fc\u00dfung &#8211; Werner W\u00f6lfle, B\u00fcrgermeister f\u00fcr Soziales und gesellschaftliche Integration Gro\u00dfer Sitzungssaal, Rathaus, 3. OG Begr\u00fc\u00dfung BM Werner W\u00f6lfle als Audio-Version: Hier 17.15 Uhr: Einleitung &#8211; Edgar Kurz, Testamentsvollstrecker der Rudolf Schmid [&hellip;]<\/p>\n","protected":false},"author":1,"featured_media":0,"parent":0,"menu_order":0,"comment_status":"closed","ping_status":"closed","template":"","meta":[],"yoast_head":"<!-- This site is optimized with the Yoast SEO plugin v18.4.1 - https:\/\/yoast.com\/wordpress\/plugins\/seo\/ -->\n<title>Dokumentation des Fachtages - Fachtagung<\/title>\n<meta name=\"robots\" content=\"index, follow, max-snippet:-1, max-image-preview:large, max-video-preview:-1\" \/>\n<link rel=\"canonical\" href=\"https:\/\/gebrueder-schmid-zentrum.de\/fachtagung\/einleitung\/\" \/>\n<meta property=\"og:locale\" content=\"de_DE\" \/>\n<meta property=\"og:type\" content=\"article\" \/>\n<meta property=\"og:title\" content=\"Dokumentation des Fachtages - Fachtagung\" \/>\n<meta property=\"og:description\" content=\"&#8222;Gl\u00fcck im Quartier&#8220; Das gesellschaftliche Miteinander in lokalen R\u00e4umen gestalten Ort:\u00a0 Rathaus der LHS Stuttgart, Marktplatz 1 Donnerstag, 12. Januar 2017 17.00 Uhr: Begr\u00fc\u00dfung &#8211; Werner W\u00f6lfle, B\u00fcrgermeister f\u00fcr Soziales und gesellschaftliche Integration Gro\u00dfer Sitzungssaal, Rathaus, 3. OG Begr\u00fc\u00dfung BM Werner W\u00f6lfle als Audio-Version: Hier 17.15 Uhr: Einleitung &#8211; Edgar Kurz, Testamentsvollstrecker der Rudolf Schmid [&hellip;]\" \/>\n<meta property=\"og:url\" content=\"https:\/\/gebrueder-schmid-zentrum.de\/fachtagung\/einleitung\/\" \/>\n<meta property=\"og:site_name\" content=\"Fachtagung\" \/>\n<meta property=\"article:modified_time\" content=\"2017-03-22T09:53:39+00:00\" \/>\n<meta name=\"twitter:card\" content=\"summary\" \/>\n<meta name=\"twitter:label1\" content=\"Gesch\u00e4tzte Lesezeit\" \/>\n\t<meta name=\"twitter:data1\" content=\"3\u00a0Minuten\" \/>\n<script type=\"application\/ld+json\" class=\"yoast-schema-graph\">{\"@context\":\"https:\/\/schema.org\",\"@graph\":[{\"@type\":\"WebSite\",\"@id\":\"https:\/\/gebrueder-schmid-zentrum.de\/fachtagung\/#website\",\"url\":\"https:\/\/gebrueder-schmid-zentrum.de\/fachtagung\/\",\"name\":\"Fachtagung\",\"description\":\"\",\"potentialAction\":[{\"@type\":\"SearchAction\",\"target\":{\"@type\":\"EntryPoint\",\"urlTemplate\":\"https:\/\/gebrueder-schmid-zentrum.de\/fachtagung\/?s={search_term_string}\"},\"query-input\":\"required name=search_term_string\"}],\"inLanguage\":\"de\"},{\"@type\":\"WebPage\",\"@id\":\"https:\/\/gebrueder-schmid-zentrum.de\/fachtagung\/einleitung\/#webpage\",\"url\":\"https:\/\/gebrueder-schmid-zentrum.de\/fachtagung\/einleitung\/\",\"name\":\"Dokumentation des Fachtages - Fachtagung\",\"isPartOf\":{\"@id\":\"https:\/\/gebrueder-schmid-zentrum.de\/fachtagung\/#website\"},\"datePublished\":\"2016-06-09T16:46:36+00:00\",\"dateModified\":\"2017-03-22T09:53:39+00:00\",\"breadcrumb\":{\"@id\":\"https:\/\/gebrueder-schmid-zentrum.de\/fachtagung\/einleitung\/#breadcrumb\"},\"inLanguage\":\"de\",\"potentialAction\":[{\"@type\":\"ReadAction\",\"target\":[\"https:\/\/gebrueder-schmid-zentrum.de\/fachtagung\/einleitung\/\"]}]},{\"@type\":\"BreadcrumbList\",\"@id\":\"https:\/\/gebrueder-schmid-zentrum.de\/fachtagung\/einleitung\/#breadcrumb\",\"itemListElement\":[{\"@type\":\"ListItem\",\"position\":1,\"name\":\"Startseite\",\"item\":\"https:\/\/gebrueder-schmid-zentrum.de\/fachtagung\/\"},{\"@type\":\"ListItem\",\"position\":2,\"name\":\"Dokumentation des Fachtages\"}]}]}<\/script>\n<!-- \/ Yoast SEO plugin. -->","yoast_head_json":{"title":"Dokumentation des Fachtages - Fachtagung","robots":{"index":"index","follow":"follow","max-snippet":"max-snippet:-1","max-image-preview":"max-image-preview:large","max-video-preview":"max-video-preview:-1"},"canonical":"https:\/\/gebrueder-schmid-zentrum.de\/fachtagung\/einleitung\/","og_locale":"de_DE","og_type":"article","og_title":"Dokumentation des Fachtages - Fachtagung","og_description":"&#8222;Gl\u00fcck im Quartier&#8220; Das gesellschaftliche Miteinander in lokalen R\u00e4umen gestalten Ort:\u00a0 Rathaus der LHS Stuttgart, Marktplatz 1 Donnerstag, 12. Januar 2017 17.00 Uhr: Begr\u00fc\u00dfung &#8211; Werner W\u00f6lfle, B\u00fcrgermeister f\u00fcr Soziales und gesellschaftliche Integration Gro\u00dfer Sitzungssaal, Rathaus, 3. OG Begr\u00fc\u00dfung BM Werner W\u00f6lfle als Audio-Version: Hier 17.15 Uhr: Einleitung &#8211; Edgar Kurz, Testamentsvollstrecker der Rudolf Schmid [&hellip;]","og_url":"https:\/\/gebrueder-schmid-zentrum.de\/fachtagung\/einleitung\/","og_site_name":"Fachtagung","article_modified_time":"2017-03-22T09:53:39+00:00","twitter_card":"summary","twitter_misc":{"Gesch\u00e4tzte Lesezeit":"3\u00a0Minuten"},"schema":{"@context":"https:\/\/schema.org","@graph":[{"@type":"WebSite","@id":"https:\/\/gebrueder-schmid-zentrum.de\/fachtagung\/#website","url":"https:\/\/gebrueder-schmid-zentrum.de\/fachtagung\/","name":"Fachtagung","description":"","potentialAction":[{"@type":"SearchAction","target":{"@type":"EntryPoint","urlTemplate":"https:\/\/gebrueder-schmid-zentrum.de\/fachtagung\/?s={search_term_string}"},"query-input":"required name=search_term_string"}],"inLanguage":"de"},{"@type":"WebPage","@id":"https:\/\/gebrueder-schmid-zentrum.de\/fachtagung\/einleitung\/#webpage","url":"https:\/\/gebrueder-schmid-zentrum.de\/fachtagung\/einleitung\/","name":"Dokumentation des Fachtages - Fachtagung","isPartOf":{"@id":"https:\/\/gebrueder-schmid-zentrum.de\/fachtagung\/#website"},"datePublished":"2016-06-09T16:46:36+00:00","dateModified":"2017-03-22T09:53:39+00:00","breadcrumb":{"@id":"https:\/\/gebrueder-schmid-zentrum.de\/fachtagung\/einleitung\/#breadcrumb"},"inLanguage":"de","potentialAction":[{"@type":"ReadAction","target":["https:\/\/gebrueder-schmid-zentrum.de\/fachtagung\/einleitung\/"]}]},{"@type":"BreadcrumbList","@id":"https:\/\/gebrueder-schmid-zentrum.de\/fachtagung\/einleitung\/#breadcrumb","itemListElement":[{"@type":"ListItem","position":1,"name":"Startseite","item":"https:\/\/gebrueder-schmid-zentrum.de\/fachtagung\/"},{"@type":"ListItem","position":2,"name":"Dokumentation des Fachtages"}]}]}},"_links":{"self":[{"href":"https:\/\/gebrueder-schmid-zentrum.de\/fachtagung\/wp-json\/wp\/v2\/pages\/34"}],"collection":[{"href":"https:\/\/gebrueder-schmid-zentrum.de\/fachtagung\/wp-json\/wp\/v2\/pages"}],"about":[{"href":"https:\/\/gebrueder-schmid-zentrum.de\/fachtagung\/wp-json\/wp\/v2\/types\/page"}],"author":[{"embeddable":true,"href":"https:\/\/gebrueder-schmid-zentrum.de\/fachtagung\/wp-json\/wp\/v2\/users\/1"}],"replies":[{"embeddable":true,"href":"https:\/\/gebrueder-schmid-zentrum.de\/fachtagung\/wp-json\/wp\/v2\/comments?post=34"}],"version-history":[{"count":221,"href":"https:\/\/gebrueder-schmid-zentrum.de\/fachtagung\/wp-json\/wp\/v2\/pages\/34\/revisions"}],"predecessor-version":[{"id":1676,"href":"https:\/\/gebrueder-schmid-zentrum.de\/fachtagung\/wp-json\/wp\/v2\/pages\/34\/revisions\/1676"}],"wp:attachment":[{"href":"https:\/\/gebrueder-schmid-zentrum.de\/fachtagung\/wp-json\/wp\/v2\/media?parent=34"}],"curies":[{"name":"wp","href":"https:\/\/api.w.org\/{rel}","templated":true}]}}