{"id":281,"date":"2016-09-16T15:04:34","date_gmt":"2016-09-16T13:04:34","guid":{"rendered":"http:\/\/gebrueder-schmid-zentrum.de\/fachtagung\/?page_id=281"},"modified":"2016-12-14T12:52:01","modified_gmt":"2016-12-14T11:52:01","slug":"dr-susanne-diemer-kurzbiografie","status":"publish","type":"page","link":"https:\/\/gebrueder-schmid-zentrum.de\/fachtagung\/dr-susanne-diemer-kurzbiografie\/","title":{"rendered":"Dr. Susanne Diemer &#8211; Kurzbiografie"},"content":{"rendered":"<h4><span style=\"color: #000000;\"><strong><img loading=\"lazy\" class=\"alignnone size-medium wp-image-1096\" src=\"http:\/\/gebrueder-schmid-zentrum.de\/fachtagung\/wp-content\/uploads\/2016\/09\/FotroSusanne-Diemer-300x200.jpg\" alt=\"fotrosusanne-diemer\" width=\"300\" height=\"200\" srcset=\"https:\/\/gebrueder-schmid-zentrum.de\/fachtagung\/wp-content\/uploads\/2016\/09\/FotroSusanne-Diemer-300x200.jpg 300w, https:\/\/gebrueder-schmid-zentrum.de\/fachtagung\/wp-content\/uploads\/2016\/09\/FotroSusanne-Diemer-768x512.jpg 768w, https:\/\/gebrueder-schmid-zentrum.de\/fachtagung\/wp-content\/uploads\/2016\/09\/FotroSusanne-Diemer-1024x683.jpg 1024w, https:\/\/gebrueder-schmid-zentrum.de\/fachtagung\/wp-content\/uploads\/2016\/09\/FotroSusanne-Diemer-624x416.jpg 624w\" sizes=\"(max-width: 300px) 100vw, 300px\" \/>Dr. Susanne Diemer ist Leiterin des Referates Familie, Lebensgemeinschaften im Ministerium f\u00fcr Soziales und Integration. <\/strong><strong>In den zwanzig Jahren, in denen Dr. Susanne Diemer in der Verwaltung t\u00e4tig war, befasste sie sich u. a. mit den Themen Chancengleichheit, Pflegeberufe und Rehabilitation von Menschen mit Behinderungen.<\/strong><\/span><\/h4>\n<p><strong><span style=\"color: #000000;\">Im Zentrum ihres Interesses steht, immer wieder zu erproben, wie die Verwaltung einen Beitrag leisten kann, gesellschaftliche Entwicklungen zu unterst\u00fctzen und gelingende soziale Beziehungen zu bef\u00f6rdern. Vor ihrer Verwaltungst\u00e4tigkeit war Dr. Susanne Diemer an der Universit\u00e4t T\u00fcbingen in der Forschung t\u00e4tig und arbeitete u. a. als Lehrbeauftragte an der PH Ludwigsburg. Sie ist Politologin und lebt in Stuttgart.<\/span><\/strong><\/p>\n","protected":false},"excerpt":{"rendered":"<p>Dr. Susanne Diemer ist Leiterin des Referates Familie, Lebensgemeinschaften im Ministerium f\u00fcr Soziales und Integration. In den zwanzig Jahren, in denen Dr. Susanne Diemer in der Verwaltung t\u00e4tig war, befasste sie sich u. a. mit den Themen Chancengleichheit, Pflegeberufe und Rehabilitation von Menschen mit Behinderungen. Im Zentrum ihres Interesses steht, immer wieder zu erproben, wie [&hellip;]<\/p>\n","protected":false},"author":2,"featured_media":0,"parent":0,"menu_order":0,"comment_status":"closed","ping_status":"closed","template":"","meta":[],"yoast_head":"<!-- This site is optimized with the Yoast SEO plugin v18.4.1 - https:\/\/yoast.com\/wordpress\/plugins\/seo\/ -->\n<title>Dr. Susanne Diemer - Kurzbiografie - Fachtagung<\/title>\n<meta name=\"robots\" content=\"index, follow, max-snippet:-1, max-image-preview:large, max-video-preview:-1\" \/>\n<link rel=\"canonical\" href=\"https:\/\/gebrueder-schmid-zentrum.de\/fachtagung\/dr-susanne-diemer-kurzbiografie\/\" \/>\n<meta property=\"og:locale\" content=\"de_DE\" \/>\n<meta property=\"og:type\" content=\"article\" \/>\n<meta property=\"og:title\" content=\"Dr. Susanne Diemer - Kurzbiografie - Fachtagung\" \/>\n<meta property=\"og:description\" content=\"Dr. Susanne Diemer ist Leiterin des Referates Familie, Lebensgemeinschaften im Ministerium f\u00fcr Soziales und Integration. In den zwanzig Jahren, in denen Dr. Susanne Diemer in der Verwaltung t\u00e4tig war, befasste sie sich u. a. mit den Themen Chancengleichheit, Pflegeberufe und Rehabilitation von Menschen mit Behinderungen. Im Zentrum ihres Interesses steht, immer wieder zu erproben, wie [&hellip;]\" \/>\n<meta property=\"og:url\" content=\"https:\/\/gebrueder-schmid-zentrum.de\/fachtagung\/dr-susanne-diemer-kurzbiografie\/\" \/>\n<meta property=\"og:site_name\" content=\"Fachtagung\" \/>\n<meta property=\"article:modified_time\" content=\"2016-12-14T11:52:01+00:00\" \/>\n<meta property=\"og:image\" content=\"http:\/\/gebrueder-schmid-zentrum.de\/fachtagung\/wp-content\/uploads\/2016\/09\/FotroSusanne-Diemer-300x200.jpg\" \/>\n<meta name=\"twitter:card\" content=\"summary\" \/>\n<meta name=\"twitter:label1\" content=\"Gesch\u00e4tzte Lesezeit\" \/>\n\t<meta name=\"twitter:data1\" content=\"1\u00a0Minute\" \/>\n<script type=\"application\/ld+json\" class=\"yoast-schema-graph\">{\"@context\":\"https:\/\/schema.org\",\"@graph\":[{\"@type\":\"WebSite\",\"@id\":\"https:\/\/gebrueder-schmid-zentrum.de\/fachtagung\/#website\",\"url\":\"https:\/\/gebrueder-schmid-zentrum.de\/fachtagung\/\",\"name\":\"Fachtagung\",\"description\":\"\",\"potentialAction\":[{\"@type\":\"SearchAction\",\"target\":{\"@type\":\"EntryPoint\",\"urlTemplate\":\"https:\/\/gebrueder-schmid-zentrum.de\/fachtagung\/?s={search_term_string}\"},\"query-input\":\"required name=search_term_string\"}],\"inLanguage\":\"de\"},{\"@type\":\"ImageObject\",\"@id\":\"https:\/\/gebrueder-schmid-zentrum.de\/fachtagung\/dr-susanne-diemer-kurzbiografie\/#primaryimage\",\"inLanguage\":\"de\",\"url\":\"http:\/\/gebrueder-schmid-zentrum.de\/fachtagung\/wp-content\/uploads\/2016\/09\/FotroSusanne-Diemer-300x200.jpg\",\"contentUrl\":\"http:\/\/gebrueder-schmid-zentrum.de\/fachtagung\/wp-content\/uploads\/2016\/09\/FotroSusanne-Diemer-300x200.jpg\"},{\"@type\":\"WebPage\",\"@id\":\"https:\/\/gebrueder-schmid-zentrum.de\/fachtagung\/dr-susanne-diemer-kurzbiografie\/#webpage\",\"url\":\"https:\/\/gebrueder-schmid-zentrum.de\/fachtagung\/dr-susanne-diemer-kurzbiografie\/\",\"name\":\"Dr. Susanne Diemer - Kurzbiografie - Fachtagung\",\"isPartOf\":{\"@id\":\"https:\/\/gebrueder-schmid-zentrum.de\/fachtagung\/#website\"},\"primaryImageOfPage\":{\"@id\":\"https:\/\/gebrueder-schmid-zentrum.de\/fachtagung\/dr-susanne-diemer-kurzbiografie\/#primaryimage\"},\"datePublished\":\"2016-09-16T13:04:34+00:00\",\"dateModified\":\"2016-12-14T11:52:01+00:00\",\"breadcrumb\":{\"@id\":\"https:\/\/gebrueder-schmid-zentrum.de\/fachtagung\/dr-susanne-diemer-kurzbiografie\/#breadcrumb\"},\"inLanguage\":\"de\",\"potentialAction\":[{\"@type\":\"ReadAction\",\"target\":[\"https:\/\/gebrueder-schmid-zentrum.de\/fachtagung\/dr-susanne-diemer-kurzbiografie\/\"]}]},{\"@type\":\"BreadcrumbList\",\"@id\":\"https:\/\/gebrueder-schmid-zentrum.de\/fachtagung\/dr-susanne-diemer-kurzbiografie\/#breadcrumb\",\"itemListElement\":[{\"@type\":\"ListItem\",\"position\":1,\"name\":\"Startseite\",\"item\":\"https:\/\/gebrueder-schmid-zentrum.de\/fachtagung\/\"},{\"@type\":\"ListItem\",\"position\":2,\"name\":\"Dr. Susanne Diemer &#8211; Kurzbiografie\"}]}]}<\/script>\n<!-- \/ Yoast SEO plugin. -->","yoast_head_json":{"title":"Dr. Susanne Diemer - Kurzbiografie - Fachtagung","robots":{"index":"index","follow":"follow","max-snippet":"max-snippet:-1","max-image-preview":"max-image-preview:large","max-video-preview":"max-video-preview:-1"},"canonical":"https:\/\/gebrueder-schmid-zentrum.de\/fachtagung\/dr-susanne-diemer-kurzbiografie\/","og_locale":"de_DE","og_type":"article","og_title":"Dr. Susanne Diemer - Kurzbiografie - Fachtagung","og_description":"Dr. Susanne Diemer ist Leiterin des Referates Familie, Lebensgemeinschaften im Ministerium f\u00fcr Soziales und Integration. In den zwanzig Jahren, in denen Dr. Susanne Diemer in der Verwaltung t\u00e4tig war, befasste sie sich u. a. mit den Themen Chancengleichheit, Pflegeberufe und Rehabilitation von Menschen mit Behinderungen. Im Zentrum ihres Interesses steht, immer wieder zu erproben, wie [&hellip;]","og_url":"https:\/\/gebrueder-schmid-zentrum.de\/fachtagung\/dr-susanne-diemer-kurzbiografie\/","og_site_name":"Fachtagung","article_modified_time":"2016-12-14T11:52:01+00:00","og_image":[{"url":"http:\/\/gebrueder-schmid-zentrum.de\/fachtagung\/wp-content\/uploads\/2016\/09\/FotroSusanne-Diemer-300x200.jpg"}],"twitter_card":"summary","twitter_misc":{"Gesch\u00e4tzte Lesezeit":"1\u00a0Minute"},"schema":{"@context":"https:\/\/schema.org","@graph":[{"@type":"WebSite","@id":"https:\/\/gebrueder-schmid-zentrum.de\/fachtagung\/#website","url":"https:\/\/gebrueder-schmid-zentrum.de\/fachtagung\/","name":"Fachtagung","description":"","potentialAction":[{"@type":"SearchAction","target":{"@type":"EntryPoint","urlTemplate":"https:\/\/gebrueder-schmid-zentrum.de\/fachtagung\/?s={search_term_string}"},"query-input":"required name=search_term_string"}],"inLanguage":"de"},{"@type":"ImageObject","@id":"https:\/\/gebrueder-schmid-zentrum.de\/fachtagung\/dr-susanne-diemer-kurzbiografie\/#primaryimage","inLanguage":"de","url":"http:\/\/gebrueder-schmid-zentrum.de\/fachtagung\/wp-content\/uploads\/2016\/09\/FotroSusanne-Diemer-300x200.jpg","contentUrl":"http:\/\/gebrueder-schmid-zentrum.de\/fachtagung\/wp-content\/uploads\/2016\/09\/FotroSusanne-Diemer-300x200.jpg"},{"@type":"WebPage","@id":"https:\/\/gebrueder-schmid-zentrum.de\/fachtagung\/dr-susanne-diemer-kurzbiografie\/#webpage","url":"https:\/\/gebrueder-schmid-zentrum.de\/fachtagung\/dr-susanne-diemer-kurzbiografie\/","name":"Dr. Susanne Diemer - Kurzbiografie - Fachtagung","isPartOf":{"@id":"https:\/\/gebrueder-schmid-zentrum.de\/fachtagung\/#website"},"primaryImageOfPage":{"@id":"https:\/\/gebrueder-schmid-zentrum.de\/fachtagung\/dr-susanne-diemer-kurzbiografie\/#primaryimage"},"datePublished":"2016-09-16T13:04:34+00:00","dateModified":"2016-12-14T11:52:01+00:00","breadcrumb":{"@id":"https:\/\/gebrueder-schmid-zentrum.de\/fachtagung\/dr-susanne-diemer-kurzbiografie\/#breadcrumb"},"inLanguage":"de","potentialAction":[{"@type":"ReadAction","target":["https:\/\/gebrueder-schmid-zentrum.de\/fachtagung\/dr-susanne-diemer-kurzbiografie\/"]}]},{"@type":"BreadcrumbList","@id":"https:\/\/gebrueder-schmid-zentrum.de\/fachtagung\/dr-susanne-diemer-kurzbiografie\/#breadcrumb","itemListElement":[{"@type":"ListItem","position":1,"name":"Startseite","item":"https:\/\/gebrueder-schmid-zentrum.de\/fachtagung\/"},{"@type":"ListItem","position":2,"name":"Dr. Susanne Diemer &#8211; Kurzbiografie"}]}]}},"_links":{"self":[{"href":"https:\/\/gebrueder-schmid-zentrum.de\/fachtagung\/wp-json\/wp\/v2\/pages\/281"}],"collection":[{"href":"https:\/\/gebrueder-schmid-zentrum.de\/fachtagung\/wp-json\/wp\/v2\/pages"}],"about":[{"href":"https:\/\/gebrueder-schmid-zentrum.de\/fachtagung\/wp-json\/wp\/v2\/types\/page"}],"author":[{"embeddable":true,"href":"https:\/\/gebrueder-schmid-zentrum.de\/fachtagung\/wp-json\/wp\/v2\/users\/2"}],"replies":[{"embeddable":true,"href":"https:\/\/gebrueder-schmid-zentrum.de\/fachtagung\/wp-json\/wp\/v2\/comments?post=281"}],"version-history":[{"count":25,"href":"https:\/\/gebrueder-schmid-zentrum.de\/fachtagung\/wp-json\/wp\/v2\/pages\/281\/revisions"}],"predecessor-version":[{"id":1098,"href":"https:\/\/gebrueder-schmid-zentrum.de\/fachtagung\/wp-json\/wp\/v2\/pages\/281\/revisions\/1098"}],"wp:attachment":[{"href":"https:\/\/gebrueder-schmid-zentrum.de\/fachtagung\/wp-json\/wp\/v2\/media?parent=281"}],"curies":[{"name":"wp","href":"https:\/\/api.w.org\/{rel}","templated":true}]}}