{"id":269,"date":"2016-09-16T14:52:30","date_gmt":"2016-09-16T12:52:30","guid":{"rendered":"http:\/\/gebrueder-schmid-zentrum.de\/fachtagung\/?page_id=269"},"modified":"2016-11-22T11:41:49","modified_gmt":"2016-11-22T10:41:49","slug":"kurzvita-dr-marie-luise-stiefel","status":"publish","type":"page","link":"https:\/\/gebrueder-schmid-zentrum.de\/fachtagung\/kurzvita-dr-marie-luise-stiefel\/","title":{"rendered":"Dr. MarieLuise Stiefel &#8211; Kurzbiografie"},"content":{"rendered":"<h4><img loading=\"lazy\" class=\"alignleft wp-image-271\" title=\"Foto: Marie Luise Stiefel\" src=\"http:\/\/gebrueder-schmid-zentrum.de\/fachtagung\/wp-content\/uploads\/2016\/09\/FotoMLStiefel-1.jpg\" alt=\"Foto Marie Luise Stiefel\" width=\"148\" height=\"218\" \/><\/h4>\n<p><strong>Dr. MarieLuise Stiefel, Sozialwissenschaftlerin, war Leiterin der Jugendhilfeplanung im Jugendamt der Landeshauptstadt Stuttgart von 1995 bis 2007. Zuvor war sie wissenschaftlich an der Universit\u00e4t Hohenheim t\u00e4tig mit den Schwerpunkten Armutsforschung und Altersforschung und promovierte auch \u00fcber dieses Thema. Au\u00dferdem arbeitete sie als freie Mitarbeiterin bei der Robert Bosch Stiftung und beim Sozialamt der Landeshauptstadt Stuttgart, bevor sie die Abteilung Jugendhilfeplanung beim Jugendamt aufbaute und leitete.<\/strong><\/p>\n<p><strong>Seit 2008 ist Frau Dr. Stiefel freiberufliche Prozessarchitektin <\/strong><span style=\"color: #000000;\">(<span style=\"color: #ff6600;\"><a style=\"color: #ff6600;\" href=\"http:\/\/www.prozessarchitektin.de\" target=\"_blank\"><strong>www.prozessarchitektin.de<\/strong><\/a><\/span><strong>) und seit 2010 Mitglied der Gemeinschaft Schloss Tempelhof (<\/strong><span style=\"color: #ff6600;\"><a style=\"color: #ff6600;\" href=\"http:\/\/www.schloss-tempelhof.de\/\" target=\"_blank\"><strong>www.schloss-tempelhof.de<\/strong><\/a><\/span><strong>).<\/strong><\/span><\/p>\n","protected":false},"excerpt":{"rendered":"<p>Dr. MarieLuise Stiefel, Sozialwissenschaftlerin, war Leiterin der Jugendhilfeplanung im Jugendamt der Landeshauptstadt Stuttgart von 1995 bis 2007. Zuvor war sie wissenschaftlich an der Universit\u00e4t Hohenheim t\u00e4tig mit den Schwerpunkten Armutsforschung und Altersforschung und promovierte auch \u00fcber dieses Thema. Au\u00dferdem arbeitete sie als freie Mitarbeiterin bei der Robert Bosch Stiftung und beim Sozialamt der Landeshauptstadt Stuttgart, [&hellip;]<\/p>\n","protected":false},"author":2,"featured_media":0,"parent":0,"menu_order":0,"comment_status":"closed","ping_status":"closed","template":"","meta":[],"yoast_head":"<!-- This site is optimized with the Yoast SEO plugin v18.4.1 - https:\/\/yoast.com\/wordpress\/plugins\/seo\/ -->\n<title>Dr. MarieLuise Stiefel - Kurzbiografie - Fachtagung<\/title>\n<meta name=\"robots\" content=\"index, follow, max-snippet:-1, max-image-preview:large, max-video-preview:-1\" \/>\n<link rel=\"canonical\" href=\"https:\/\/gebrueder-schmid-zentrum.de\/fachtagung\/kurzvita-dr-marie-luise-stiefel\/\" \/>\n<meta property=\"og:locale\" content=\"de_DE\" \/>\n<meta property=\"og:type\" content=\"article\" \/>\n<meta property=\"og:title\" content=\"Dr. MarieLuise Stiefel - Kurzbiografie - Fachtagung\" \/>\n<meta property=\"og:description\" content=\"Dr. MarieLuise Stiefel, Sozialwissenschaftlerin, war Leiterin der Jugendhilfeplanung im Jugendamt der Landeshauptstadt Stuttgart von 1995 bis 2007. Zuvor war sie wissenschaftlich an der Universit\u00e4t Hohenheim t\u00e4tig mit den Schwerpunkten Armutsforschung und Altersforschung und promovierte auch \u00fcber dieses Thema. Au\u00dferdem arbeitete sie als freie Mitarbeiterin bei der Robert Bosch Stiftung und beim Sozialamt der Landeshauptstadt Stuttgart, [&hellip;]\" \/>\n<meta property=\"og:url\" content=\"https:\/\/gebrueder-schmid-zentrum.de\/fachtagung\/kurzvita-dr-marie-luise-stiefel\/\" \/>\n<meta property=\"og:site_name\" content=\"Fachtagung\" \/>\n<meta property=\"article:modified_time\" content=\"2016-11-22T10:41:49+00:00\" \/>\n<meta property=\"og:image\" content=\"http:\/\/gebrueder-schmid-zentrum.de\/fachtagung\/wp-content\/uploads\/2016\/09\/FotoMLStiefel-1.jpg\" \/>\n<meta name=\"twitter:card\" content=\"summary\" \/>\n<script type=\"application\/ld+json\" class=\"yoast-schema-graph\">{\"@context\":\"https:\/\/schema.org\",\"@graph\":[{\"@type\":\"WebSite\",\"@id\":\"https:\/\/gebrueder-schmid-zentrum.de\/fachtagung\/#website\",\"url\":\"https:\/\/gebrueder-schmid-zentrum.de\/fachtagung\/\",\"name\":\"Fachtagung\",\"description\":\"\",\"potentialAction\":[{\"@type\":\"SearchAction\",\"target\":{\"@type\":\"EntryPoint\",\"urlTemplate\":\"https:\/\/gebrueder-schmid-zentrum.de\/fachtagung\/?s={search_term_string}\"},\"query-input\":\"required name=search_term_string\"}],\"inLanguage\":\"de\"},{\"@type\":\"ImageObject\",\"@id\":\"https:\/\/gebrueder-schmid-zentrum.de\/fachtagung\/kurzvita-dr-marie-luise-stiefel\/#primaryimage\",\"inLanguage\":\"de\",\"url\":\"http:\/\/gebrueder-schmid-zentrum.de\/fachtagung\/wp-content\/uploads\/2016\/09\/FotoMLStiefel-1.jpg\",\"contentUrl\":\"http:\/\/gebrueder-schmid-zentrum.de\/fachtagung\/wp-content\/uploads\/2016\/09\/FotoMLStiefel-1.jpg\"},{\"@type\":\"WebPage\",\"@id\":\"https:\/\/gebrueder-schmid-zentrum.de\/fachtagung\/kurzvita-dr-marie-luise-stiefel\/#webpage\",\"url\":\"https:\/\/gebrueder-schmid-zentrum.de\/fachtagung\/kurzvita-dr-marie-luise-stiefel\/\",\"name\":\"Dr. MarieLuise Stiefel - Kurzbiografie - Fachtagung\",\"isPartOf\":{\"@id\":\"https:\/\/gebrueder-schmid-zentrum.de\/fachtagung\/#website\"},\"primaryImageOfPage\":{\"@id\":\"https:\/\/gebrueder-schmid-zentrum.de\/fachtagung\/kurzvita-dr-marie-luise-stiefel\/#primaryimage\"},\"datePublished\":\"2016-09-16T12:52:30+00:00\",\"dateModified\":\"2016-11-22T10:41:49+00:00\",\"breadcrumb\":{\"@id\":\"https:\/\/gebrueder-schmid-zentrum.de\/fachtagung\/kurzvita-dr-marie-luise-stiefel\/#breadcrumb\"},\"inLanguage\":\"de\",\"potentialAction\":[{\"@type\":\"ReadAction\",\"target\":[\"https:\/\/gebrueder-schmid-zentrum.de\/fachtagung\/kurzvita-dr-marie-luise-stiefel\/\"]}]},{\"@type\":\"BreadcrumbList\",\"@id\":\"https:\/\/gebrueder-schmid-zentrum.de\/fachtagung\/kurzvita-dr-marie-luise-stiefel\/#breadcrumb\",\"itemListElement\":[{\"@type\":\"ListItem\",\"position\":1,\"name\":\"Startseite\",\"item\":\"https:\/\/gebrueder-schmid-zentrum.de\/fachtagung\/\"},{\"@type\":\"ListItem\",\"position\":2,\"name\":\"Dr. MarieLuise Stiefel &#8211; Kurzbiografie\"}]}]}<\/script>\n<!-- \/ Yoast SEO plugin. -->","yoast_head_json":{"title":"Dr. MarieLuise Stiefel - Kurzbiografie - Fachtagung","robots":{"index":"index","follow":"follow","max-snippet":"max-snippet:-1","max-image-preview":"max-image-preview:large","max-video-preview":"max-video-preview:-1"},"canonical":"https:\/\/gebrueder-schmid-zentrum.de\/fachtagung\/kurzvita-dr-marie-luise-stiefel\/","og_locale":"de_DE","og_type":"article","og_title":"Dr. MarieLuise Stiefel - Kurzbiografie - Fachtagung","og_description":"Dr. MarieLuise Stiefel, Sozialwissenschaftlerin, war Leiterin der Jugendhilfeplanung im Jugendamt der Landeshauptstadt Stuttgart von 1995 bis 2007. Zuvor war sie wissenschaftlich an der Universit\u00e4t Hohenheim t\u00e4tig mit den Schwerpunkten Armutsforschung und Altersforschung und promovierte auch \u00fcber dieses Thema. Au\u00dferdem arbeitete sie als freie Mitarbeiterin bei der Robert Bosch Stiftung und beim Sozialamt der Landeshauptstadt Stuttgart, [&hellip;]","og_url":"https:\/\/gebrueder-schmid-zentrum.de\/fachtagung\/kurzvita-dr-marie-luise-stiefel\/","og_site_name":"Fachtagung","article_modified_time":"2016-11-22T10:41:49+00:00","og_image":[{"url":"http:\/\/gebrueder-schmid-zentrum.de\/fachtagung\/wp-content\/uploads\/2016\/09\/FotoMLStiefel-1.jpg"}],"twitter_card":"summary","schema":{"@context":"https:\/\/schema.org","@graph":[{"@type":"WebSite","@id":"https:\/\/gebrueder-schmid-zentrum.de\/fachtagung\/#website","url":"https:\/\/gebrueder-schmid-zentrum.de\/fachtagung\/","name":"Fachtagung","description":"","potentialAction":[{"@type":"SearchAction","target":{"@type":"EntryPoint","urlTemplate":"https:\/\/gebrueder-schmid-zentrum.de\/fachtagung\/?s={search_term_string}"},"query-input":"required name=search_term_string"}],"inLanguage":"de"},{"@type":"ImageObject","@id":"https:\/\/gebrueder-schmid-zentrum.de\/fachtagung\/kurzvita-dr-marie-luise-stiefel\/#primaryimage","inLanguage":"de","url":"http:\/\/gebrueder-schmid-zentrum.de\/fachtagung\/wp-content\/uploads\/2016\/09\/FotoMLStiefel-1.jpg","contentUrl":"http:\/\/gebrueder-schmid-zentrum.de\/fachtagung\/wp-content\/uploads\/2016\/09\/FotoMLStiefel-1.jpg"},{"@type":"WebPage","@id":"https:\/\/gebrueder-schmid-zentrum.de\/fachtagung\/kurzvita-dr-marie-luise-stiefel\/#webpage","url":"https:\/\/gebrueder-schmid-zentrum.de\/fachtagung\/kurzvita-dr-marie-luise-stiefel\/","name":"Dr. MarieLuise Stiefel - Kurzbiografie - Fachtagung","isPartOf":{"@id":"https:\/\/gebrueder-schmid-zentrum.de\/fachtagung\/#website"},"primaryImageOfPage":{"@id":"https:\/\/gebrueder-schmid-zentrum.de\/fachtagung\/kurzvita-dr-marie-luise-stiefel\/#primaryimage"},"datePublished":"2016-09-16T12:52:30+00:00","dateModified":"2016-11-22T10:41:49+00:00","breadcrumb":{"@id":"https:\/\/gebrueder-schmid-zentrum.de\/fachtagung\/kurzvita-dr-marie-luise-stiefel\/#breadcrumb"},"inLanguage":"de","potentialAction":[{"@type":"ReadAction","target":["https:\/\/gebrueder-schmid-zentrum.de\/fachtagung\/kurzvita-dr-marie-luise-stiefel\/"]}]},{"@type":"BreadcrumbList","@id":"https:\/\/gebrueder-schmid-zentrum.de\/fachtagung\/kurzvita-dr-marie-luise-stiefel\/#breadcrumb","itemListElement":[{"@type":"ListItem","position":1,"name":"Startseite","item":"https:\/\/gebrueder-schmid-zentrum.de\/fachtagung\/"},{"@type":"ListItem","position":2,"name":"Dr. MarieLuise Stiefel &#8211; Kurzbiografie"}]}]}},"_links":{"self":[{"href":"https:\/\/gebrueder-schmid-zentrum.de\/fachtagung\/wp-json\/wp\/v2\/pages\/269"}],"collection":[{"href":"https:\/\/gebrueder-schmid-zentrum.de\/fachtagung\/wp-json\/wp\/v2\/pages"}],"about":[{"href":"https:\/\/gebrueder-schmid-zentrum.de\/fachtagung\/wp-json\/wp\/v2\/types\/page"}],"author":[{"embeddable":true,"href":"https:\/\/gebrueder-schmid-zentrum.de\/fachtagung\/wp-json\/wp\/v2\/users\/2"}],"replies":[{"embeddable":true,"href":"https:\/\/gebrueder-schmid-zentrum.de\/fachtagung\/wp-json\/wp\/v2\/comments?post=269"}],"version-history":[{"count":27,"href":"https:\/\/gebrueder-schmid-zentrum.de\/fachtagung\/wp-json\/wp\/v2\/pages\/269\/revisions"}],"predecessor-version":[{"id":1085,"href":"https:\/\/gebrueder-schmid-zentrum.de\/fachtagung\/wp-json\/wp\/v2\/pages\/269\/revisions\/1085"}],"wp:attachment":[{"href":"https:\/\/gebrueder-schmid-zentrum.de\/fachtagung\/wp-json\/wp\/v2\/media?parent=269"}],"curies":[{"name":"wp","href":"https:\/\/api.w.org\/{rel}","templated":true}]}}