{"id":264,"date":"2016-09-15T17:36:57","date_gmt":"2016-09-15T15:36:57","guid":{"rendered":"http:\/\/gebrueder-schmid-zentrum.de\/fachtagung\/?page_id=264"},"modified":"2016-09-26T12:12:37","modified_gmt":"2016-09-26T10:12:37","slug":"workshop-6","status":"publish","type":"page","link":"https:\/\/gebrueder-schmid-zentrum.de\/fachtagung\/workshop-6\/","title":{"rendered":"Workshop 6"},"content":{"rendered":"<h1><span style=\"color: #ff6600;\"><strong>6. Forum Lernendes Quartier &#8211; <\/strong>Gemeinsam Zukunft<br \/>\ngestalten<\/span><br \/>\n<span style=\"color: #000000;\"> Lassen sich Erfahrungen der Gemeinschaft Tempelhof auf Entwicklungsprozesse im st\u00e4dtischen Quartier \u00fcbertragen?<\/span><\/h1>\n<h3><span style=\"text-decoration: underline;\"><span style=\"color: #000000; text-decoration: underline;\">Input \/ Anregungen<\/span><\/span><br \/>\n<span style=\"color: #000000;\"> Dr. Marie-Luise Stiefel (Tempelhof)<br \/>\n<\/span><\/h3>\n<p><span style=\"color: #000000;\">Die Zukunftswerkstatt Gemeinschaft Tempelhof, 2010 im l\u00e4ndlichen Gebiet in Hohenlohe gegr\u00fcndet, besteht aus inzwischen rund 100 Erwachsenen und \u00fcber 40 Kindern \/ Jugendlichen und hat innerhalb von kurzer Zeit viele Projekte realisiert. Es gibt keine Chefs oder Auftraggeber, aber eine geteilte Vision, geteilte Werte und das Bewusstsein, dass gelingende Zukunft einen tiefgreifenden Wandel braucht. Dieser Wandel wird im Realexperiment Gemeinschaft erprobt und erforscht. Damit scheint ein Nerv der Zeit getroffen, denn das Interesse von Besuchern und Medien an diesem dynamischen Lebensort ist gro\u00df.<\/span><\/p>\n<p><span style=\"text-decoration: underline;\"><span style=\"color: #000000; text-decoration: underline;\">Leitfragen<\/span><\/span><\/p>\n<ul>\n<li><span style=\"color: #000000;\">Was ist die Gemeinschaft Tempelhof und was tr\u00e4gt den Entwicklungs-<br \/>\nprozess?<\/span><\/li>\n<li><span style=\"color: #000000;\">Wie finden Menschen zusammen, um Neues in die Welt zu bringen?<\/span><\/li>\n<li><span style=\"color: #000000;\">Was l\u00e4sst ein Miteinander gelingen?<\/span><\/li>\n<li><span style=\"color: #000000;\">Welche Impulse gibt es f\u00fcr st\u00e4dtische Quartiere?<\/span><\/li>\n<li><span style=\"color: #000000;\">Wie l\u00e4sst sich \u201cLernen\u201c praktisch organisieren?<\/span><\/li>\n<\/ul>\n","protected":false},"excerpt":{"rendered":"<p>6. Forum Lernendes Quartier &#8211; Gemeinsam Zukunft gestalten Lassen sich Erfahrungen der Gemeinschaft Tempelhof auf Entwicklungsprozesse im st\u00e4dtischen Quartier \u00fcbertragen? Input \/ Anregungen Dr. Marie-Luise Stiefel (Tempelhof) Die Zukunftswerkstatt Gemeinschaft Tempelhof, 2010 im l\u00e4ndlichen Gebiet in Hohenlohe gegr\u00fcndet, besteht aus inzwischen rund 100 Erwachsenen und \u00fcber 40 Kindern \/ Jugendlichen und hat innerhalb von kurzer [&hellip;]<\/p>\n","protected":false},"author":2,"featured_media":0,"parent":0,"menu_order":0,"comment_status":"closed","ping_status":"closed","template":"","meta":[],"yoast_head":"<!-- This site is optimized with the Yoast SEO plugin v18.4.1 - https:\/\/yoast.com\/wordpress\/plugins\/seo\/ -->\n<title>Workshop 6 - Fachtagung<\/title>\n<meta name=\"robots\" content=\"index, follow, max-snippet:-1, max-image-preview:large, max-video-preview:-1\" \/>\n<link rel=\"canonical\" href=\"https:\/\/gebrueder-schmid-zentrum.de\/fachtagung\/workshop-6\/\" \/>\n<meta property=\"og:locale\" content=\"de_DE\" \/>\n<meta property=\"og:type\" content=\"article\" \/>\n<meta property=\"og:title\" content=\"Workshop 6 - Fachtagung\" \/>\n<meta property=\"og:description\" content=\"6. Forum Lernendes Quartier &#8211; Gemeinsam Zukunft gestalten Lassen sich Erfahrungen der Gemeinschaft Tempelhof auf Entwicklungsprozesse im st\u00e4dtischen Quartier \u00fcbertragen? Input \/ Anregungen Dr. Marie-Luise Stiefel (Tempelhof) Die Zukunftswerkstatt Gemeinschaft Tempelhof, 2010 im l\u00e4ndlichen Gebiet in Hohenlohe gegr\u00fcndet, besteht aus inzwischen rund 100 Erwachsenen und \u00fcber 40 Kindern \/ Jugendlichen und hat innerhalb von kurzer [&hellip;]\" \/>\n<meta property=\"og:url\" content=\"https:\/\/gebrueder-schmid-zentrum.de\/fachtagung\/workshop-6\/\" \/>\n<meta property=\"og:site_name\" content=\"Fachtagung\" \/>\n<meta property=\"article:modified_time\" content=\"2016-09-26T10:12:37+00:00\" \/>\n<meta name=\"twitter:card\" content=\"summary\" \/>\n<meta name=\"twitter:label1\" content=\"Gesch\u00e4tzte Lesezeit\" \/>\n\t<meta name=\"twitter:data1\" content=\"1\u00a0Minute\" \/>\n<script type=\"application\/ld+json\" class=\"yoast-schema-graph\">{\"@context\":\"https:\/\/schema.org\",\"@graph\":[{\"@type\":\"WebSite\",\"@id\":\"https:\/\/gebrueder-schmid-zentrum.de\/fachtagung\/#website\",\"url\":\"https:\/\/gebrueder-schmid-zentrum.de\/fachtagung\/\",\"name\":\"Fachtagung\",\"description\":\"\",\"potentialAction\":[{\"@type\":\"SearchAction\",\"target\":{\"@type\":\"EntryPoint\",\"urlTemplate\":\"https:\/\/gebrueder-schmid-zentrum.de\/fachtagung\/?s={search_term_string}\"},\"query-input\":\"required name=search_term_string\"}],\"inLanguage\":\"de\"},{\"@type\":\"WebPage\",\"@id\":\"https:\/\/gebrueder-schmid-zentrum.de\/fachtagung\/workshop-6\/#webpage\",\"url\":\"https:\/\/gebrueder-schmid-zentrum.de\/fachtagung\/workshop-6\/\",\"name\":\"Workshop 6 - Fachtagung\",\"isPartOf\":{\"@id\":\"https:\/\/gebrueder-schmid-zentrum.de\/fachtagung\/#website\"},\"datePublished\":\"2016-09-15T15:36:57+00:00\",\"dateModified\":\"2016-09-26T10:12:37+00:00\",\"breadcrumb\":{\"@id\":\"https:\/\/gebrueder-schmid-zentrum.de\/fachtagung\/workshop-6\/#breadcrumb\"},\"inLanguage\":\"de\",\"potentialAction\":[{\"@type\":\"ReadAction\",\"target\":[\"https:\/\/gebrueder-schmid-zentrum.de\/fachtagung\/workshop-6\/\"]}]},{\"@type\":\"BreadcrumbList\",\"@id\":\"https:\/\/gebrueder-schmid-zentrum.de\/fachtagung\/workshop-6\/#breadcrumb\",\"itemListElement\":[{\"@type\":\"ListItem\",\"position\":1,\"name\":\"Startseite\",\"item\":\"https:\/\/gebrueder-schmid-zentrum.de\/fachtagung\/\"},{\"@type\":\"ListItem\",\"position\":2,\"name\":\"Workshop 6\"}]}]}<\/script>\n<!-- \/ Yoast SEO plugin. -->","yoast_head_json":{"title":"Workshop 6 - Fachtagung","robots":{"index":"index","follow":"follow","max-snippet":"max-snippet:-1","max-image-preview":"max-image-preview:large","max-video-preview":"max-video-preview:-1"},"canonical":"https:\/\/gebrueder-schmid-zentrum.de\/fachtagung\/workshop-6\/","og_locale":"de_DE","og_type":"article","og_title":"Workshop 6 - Fachtagung","og_description":"6. Forum Lernendes Quartier &#8211; Gemeinsam Zukunft gestalten Lassen sich Erfahrungen der Gemeinschaft Tempelhof auf Entwicklungsprozesse im st\u00e4dtischen Quartier \u00fcbertragen? Input \/ Anregungen Dr. Marie-Luise Stiefel (Tempelhof) Die Zukunftswerkstatt Gemeinschaft Tempelhof, 2010 im l\u00e4ndlichen Gebiet in Hohenlohe gegr\u00fcndet, besteht aus inzwischen rund 100 Erwachsenen und \u00fcber 40 Kindern \/ Jugendlichen und hat innerhalb von kurzer [&hellip;]","og_url":"https:\/\/gebrueder-schmid-zentrum.de\/fachtagung\/workshop-6\/","og_site_name":"Fachtagung","article_modified_time":"2016-09-26T10:12:37+00:00","twitter_card":"summary","twitter_misc":{"Gesch\u00e4tzte Lesezeit":"1\u00a0Minute"},"schema":{"@context":"https:\/\/schema.org","@graph":[{"@type":"WebSite","@id":"https:\/\/gebrueder-schmid-zentrum.de\/fachtagung\/#website","url":"https:\/\/gebrueder-schmid-zentrum.de\/fachtagung\/","name":"Fachtagung","description":"","potentialAction":[{"@type":"SearchAction","target":{"@type":"EntryPoint","urlTemplate":"https:\/\/gebrueder-schmid-zentrum.de\/fachtagung\/?s={search_term_string}"},"query-input":"required name=search_term_string"}],"inLanguage":"de"},{"@type":"WebPage","@id":"https:\/\/gebrueder-schmid-zentrum.de\/fachtagung\/workshop-6\/#webpage","url":"https:\/\/gebrueder-schmid-zentrum.de\/fachtagung\/workshop-6\/","name":"Workshop 6 - Fachtagung","isPartOf":{"@id":"https:\/\/gebrueder-schmid-zentrum.de\/fachtagung\/#website"},"datePublished":"2016-09-15T15:36:57+00:00","dateModified":"2016-09-26T10:12:37+00:00","breadcrumb":{"@id":"https:\/\/gebrueder-schmid-zentrum.de\/fachtagung\/workshop-6\/#breadcrumb"},"inLanguage":"de","potentialAction":[{"@type":"ReadAction","target":["https:\/\/gebrueder-schmid-zentrum.de\/fachtagung\/workshop-6\/"]}]},{"@type":"BreadcrumbList","@id":"https:\/\/gebrueder-schmid-zentrum.de\/fachtagung\/workshop-6\/#breadcrumb","itemListElement":[{"@type":"ListItem","position":1,"name":"Startseite","item":"https:\/\/gebrueder-schmid-zentrum.de\/fachtagung\/"},{"@type":"ListItem","position":2,"name":"Workshop 6"}]}]}},"_links":{"self":[{"href":"https:\/\/gebrueder-schmid-zentrum.de\/fachtagung\/wp-json\/wp\/v2\/pages\/264"}],"collection":[{"href":"https:\/\/gebrueder-schmid-zentrum.de\/fachtagung\/wp-json\/wp\/v2\/pages"}],"about":[{"href":"https:\/\/gebrueder-schmid-zentrum.de\/fachtagung\/wp-json\/wp\/v2\/types\/page"}],"author":[{"embeddable":true,"href":"https:\/\/gebrueder-schmid-zentrum.de\/fachtagung\/wp-json\/wp\/v2\/users\/2"}],"replies":[{"embeddable":true,"href":"https:\/\/gebrueder-schmid-zentrum.de\/fachtagung\/wp-json\/wp\/v2\/comments?post=264"}],"version-history":[{"count":10,"href":"https:\/\/gebrueder-schmid-zentrum.de\/fachtagung\/wp-json\/wp\/v2\/pages\/264\/revisions"}],"predecessor-version":[{"id":1000,"href":"https:\/\/gebrueder-schmid-zentrum.de\/fachtagung\/wp-json\/wp\/v2\/pages\/264\/revisions\/1000"}],"wp:attachment":[{"href":"https:\/\/gebrueder-schmid-zentrum.de\/fachtagung\/wp-json\/wp\/v2\/media?parent=264"}],"curies":[{"name":"wp","href":"https:\/\/api.w.org\/{rel}","templated":true}]}}