{"id":262,"date":"2016-09-15T17:36:16","date_gmt":"2016-09-15T15:36:16","guid":{"rendered":"http:\/\/gebrueder-schmid-zentrum.de\/fachtagung\/?page_id=262"},"modified":"2016-09-26T12:13:05","modified_gmt":"2016-09-26T10:13:05","slug":"workshop-7","status":"publish","type":"page","link":"https:\/\/gebrueder-schmid-zentrum.de\/fachtagung\/workshop-7\/","title":{"rendered":"Workshop 7"},"content":{"rendered":"<h1><span style=\"color: #ff6600;\"><strong>7. Forum Achtsamkeit &#8211; <\/strong>Achtsamkeit als pers\u00f6nliche<br \/>\nVoraussetzung f\u00fcr gelungene Quartiersarbeit<\/span><\/h1>\n<h3><span style=\"text-decoration: underline;\"><span style=\"color: #000000; text-decoration: underline;\">Input \/ Anregungen<\/span><\/span><br \/>\n<span style=\"color: #000000;\"> Susanne Breuninger-Ballreich (Stuttgart)<\/span><\/h3>\n<p><span style=\"text-decoration: underline; color: #000000;\">Leitfragen<\/span><\/p>\n<ul>\n<li><span style=\"color: #000000;\">Welche innere Haltung ist notwendig, um sich f\u00fcr das gesellschaftliche Miteinander im Quartier zu engagieren?<\/span><\/li>\n<li><span style=\"color: #000000;\">Wie kann ich durch Achtsamkeit f\u00fcr mich selbst sorgen?<\/span><\/li>\n<li><span style=\"color: #000000;\">Wie gelingt es mir, mich interessiert den anderen gegen\u00fcber zu \u00f6ffnen, sie zu akzeptieren und zu verstehen \u2013 auch wenn sie mir fremd sind?<\/span><\/li>\n<li><span style=\"color: #000000;\">Wie gelingt es mir, mit Spannungen und Konflikten konstruktiv umzugehen?<\/span><\/li>\n<\/ul>\n<p><span style=\"color: #000000;\">Der Workshop bietet die M\u00f6glichkeit, anhand von \u00dcbungen und k\u00f6rperorientierter Arbeit Achtsamkeitspraxis konkret zu erfahren. Im Anschluss wird gemeinsam reflektiert zu der Frage, wie die Umsetzung dieser Erfahrungen in der allt\u00e4glichen Begegnung gelingen kann.<\/span><\/p>\n","protected":false},"excerpt":{"rendered":"<p>7. Forum Achtsamkeit &#8211; Achtsamkeit als pers\u00f6nliche Voraussetzung f\u00fcr gelungene Quartiersarbeit Input \/ Anregungen Susanne Breuninger-Ballreich (Stuttgart) Leitfragen Welche innere Haltung ist notwendig, um sich f\u00fcr das gesellschaftliche Miteinander im Quartier zu engagieren? Wie kann ich durch Achtsamkeit f\u00fcr mich selbst sorgen? Wie gelingt es mir, mich interessiert den anderen gegen\u00fcber zu \u00f6ffnen, sie zu [&hellip;]<\/p>\n","protected":false},"author":2,"featured_media":0,"parent":0,"menu_order":0,"comment_status":"closed","ping_status":"closed","template":"","meta":[],"yoast_head":"<!-- This site is optimized with the Yoast SEO plugin v18.4.1 - https:\/\/yoast.com\/wordpress\/plugins\/seo\/ -->\n<title>Workshop 7 - Fachtagung<\/title>\n<meta name=\"robots\" content=\"index, follow, max-snippet:-1, max-image-preview:large, max-video-preview:-1\" \/>\n<link rel=\"canonical\" href=\"https:\/\/gebrueder-schmid-zentrum.de\/fachtagung\/workshop-7\/\" \/>\n<meta property=\"og:locale\" content=\"de_DE\" \/>\n<meta property=\"og:type\" content=\"article\" \/>\n<meta property=\"og:title\" content=\"Workshop 7 - Fachtagung\" \/>\n<meta property=\"og:description\" content=\"7. Forum Achtsamkeit &#8211; Achtsamkeit als pers\u00f6nliche Voraussetzung f\u00fcr gelungene Quartiersarbeit Input \/ Anregungen Susanne Breuninger-Ballreich (Stuttgart) Leitfragen Welche innere Haltung ist notwendig, um sich f\u00fcr das gesellschaftliche Miteinander im Quartier zu engagieren? Wie kann ich durch Achtsamkeit f\u00fcr mich selbst sorgen? Wie gelingt es mir, mich interessiert den anderen gegen\u00fcber zu \u00f6ffnen, sie zu [&hellip;]\" \/>\n<meta property=\"og:url\" content=\"https:\/\/gebrueder-schmid-zentrum.de\/fachtagung\/workshop-7\/\" \/>\n<meta property=\"og:site_name\" content=\"Fachtagung\" \/>\n<meta property=\"article:modified_time\" content=\"2016-09-26T10:13:05+00:00\" \/>\n<meta name=\"twitter:card\" content=\"summary\" \/>\n<meta name=\"twitter:label1\" content=\"Gesch\u00e4tzte Lesezeit\" \/>\n\t<meta name=\"twitter:data1\" content=\"1\u00a0Minute\" \/>\n<script type=\"application\/ld+json\" class=\"yoast-schema-graph\">{\"@context\":\"https:\/\/schema.org\",\"@graph\":[{\"@type\":\"WebSite\",\"@id\":\"https:\/\/gebrueder-schmid-zentrum.de\/fachtagung\/#website\",\"url\":\"https:\/\/gebrueder-schmid-zentrum.de\/fachtagung\/\",\"name\":\"Fachtagung\",\"description\":\"\",\"potentialAction\":[{\"@type\":\"SearchAction\",\"target\":{\"@type\":\"EntryPoint\",\"urlTemplate\":\"https:\/\/gebrueder-schmid-zentrum.de\/fachtagung\/?s={search_term_string}\"},\"query-input\":\"required name=search_term_string\"}],\"inLanguage\":\"de\"},{\"@type\":\"WebPage\",\"@id\":\"https:\/\/gebrueder-schmid-zentrum.de\/fachtagung\/workshop-7\/#webpage\",\"url\":\"https:\/\/gebrueder-schmid-zentrum.de\/fachtagung\/workshop-7\/\",\"name\":\"Workshop 7 - Fachtagung\",\"isPartOf\":{\"@id\":\"https:\/\/gebrueder-schmid-zentrum.de\/fachtagung\/#website\"},\"datePublished\":\"2016-09-15T15:36:16+00:00\",\"dateModified\":\"2016-09-26T10:13:05+00:00\",\"breadcrumb\":{\"@id\":\"https:\/\/gebrueder-schmid-zentrum.de\/fachtagung\/workshop-7\/#breadcrumb\"},\"inLanguage\":\"de\",\"potentialAction\":[{\"@type\":\"ReadAction\",\"target\":[\"https:\/\/gebrueder-schmid-zentrum.de\/fachtagung\/workshop-7\/\"]}]},{\"@type\":\"BreadcrumbList\",\"@id\":\"https:\/\/gebrueder-schmid-zentrum.de\/fachtagung\/workshop-7\/#breadcrumb\",\"itemListElement\":[{\"@type\":\"ListItem\",\"position\":1,\"name\":\"Startseite\",\"item\":\"https:\/\/gebrueder-schmid-zentrum.de\/fachtagung\/\"},{\"@type\":\"ListItem\",\"position\":2,\"name\":\"Workshop 7\"}]}]}<\/script>\n<!-- \/ Yoast SEO plugin. -->","yoast_head_json":{"title":"Workshop 7 - Fachtagung","robots":{"index":"index","follow":"follow","max-snippet":"max-snippet:-1","max-image-preview":"max-image-preview:large","max-video-preview":"max-video-preview:-1"},"canonical":"https:\/\/gebrueder-schmid-zentrum.de\/fachtagung\/workshop-7\/","og_locale":"de_DE","og_type":"article","og_title":"Workshop 7 - Fachtagung","og_description":"7. Forum Achtsamkeit &#8211; Achtsamkeit als pers\u00f6nliche Voraussetzung f\u00fcr gelungene Quartiersarbeit Input \/ Anregungen Susanne Breuninger-Ballreich (Stuttgart) Leitfragen Welche innere Haltung ist notwendig, um sich f\u00fcr das gesellschaftliche Miteinander im Quartier zu engagieren? Wie kann ich durch Achtsamkeit f\u00fcr mich selbst sorgen? Wie gelingt es mir, mich interessiert den anderen gegen\u00fcber zu \u00f6ffnen, sie zu [&hellip;]","og_url":"https:\/\/gebrueder-schmid-zentrum.de\/fachtagung\/workshop-7\/","og_site_name":"Fachtagung","article_modified_time":"2016-09-26T10:13:05+00:00","twitter_card":"summary","twitter_misc":{"Gesch\u00e4tzte Lesezeit":"1\u00a0Minute"},"schema":{"@context":"https:\/\/schema.org","@graph":[{"@type":"WebSite","@id":"https:\/\/gebrueder-schmid-zentrum.de\/fachtagung\/#website","url":"https:\/\/gebrueder-schmid-zentrum.de\/fachtagung\/","name":"Fachtagung","description":"","potentialAction":[{"@type":"SearchAction","target":{"@type":"EntryPoint","urlTemplate":"https:\/\/gebrueder-schmid-zentrum.de\/fachtagung\/?s={search_term_string}"},"query-input":"required name=search_term_string"}],"inLanguage":"de"},{"@type":"WebPage","@id":"https:\/\/gebrueder-schmid-zentrum.de\/fachtagung\/workshop-7\/#webpage","url":"https:\/\/gebrueder-schmid-zentrum.de\/fachtagung\/workshop-7\/","name":"Workshop 7 - Fachtagung","isPartOf":{"@id":"https:\/\/gebrueder-schmid-zentrum.de\/fachtagung\/#website"},"datePublished":"2016-09-15T15:36:16+00:00","dateModified":"2016-09-26T10:13:05+00:00","breadcrumb":{"@id":"https:\/\/gebrueder-schmid-zentrum.de\/fachtagung\/workshop-7\/#breadcrumb"},"inLanguage":"de","potentialAction":[{"@type":"ReadAction","target":["https:\/\/gebrueder-schmid-zentrum.de\/fachtagung\/workshop-7\/"]}]},{"@type":"BreadcrumbList","@id":"https:\/\/gebrueder-schmid-zentrum.de\/fachtagung\/workshop-7\/#breadcrumb","itemListElement":[{"@type":"ListItem","position":1,"name":"Startseite","item":"https:\/\/gebrueder-schmid-zentrum.de\/fachtagung\/"},{"@type":"ListItem","position":2,"name":"Workshop 7"}]}]}},"_links":{"self":[{"href":"https:\/\/gebrueder-schmid-zentrum.de\/fachtagung\/wp-json\/wp\/v2\/pages\/262"}],"collection":[{"href":"https:\/\/gebrueder-schmid-zentrum.de\/fachtagung\/wp-json\/wp\/v2\/pages"}],"about":[{"href":"https:\/\/gebrueder-schmid-zentrum.de\/fachtagung\/wp-json\/wp\/v2\/types\/page"}],"author":[{"embeddable":true,"href":"https:\/\/gebrueder-schmid-zentrum.de\/fachtagung\/wp-json\/wp\/v2\/users\/2"}],"replies":[{"embeddable":true,"href":"https:\/\/gebrueder-schmid-zentrum.de\/fachtagung\/wp-json\/wp\/v2\/comments?post=262"}],"version-history":[{"count":9,"href":"https:\/\/gebrueder-schmid-zentrum.de\/fachtagung\/wp-json\/wp\/v2\/pages\/262\/revisions"}],"predecessor-version":[{"id":1001,"href":"https:\/\/gebrueder-schmid-zentrum.de\/fachtagung\/wp-json\/wp\/v2\/pages\/262\/revisions\/1001"}],"wp:attachment":[{"href":"https:\/\/gebrueder-schmid-zentrum.de\/fachtagung\/wp-json\/wp\/v2\/media?parent=262"}],"curies":[{"name":"wp","href":"https:\/\/api.w.org\/{rel}","templated":true}]}}