{"id":260,"date":"2016-09-15T17:35:57","date_gmt":"2016-09-15T15:35:57","guid":{"rendered":"http:\/\/gebrueder-schmid-zentrum.de\/fachtagung\/?page_id=260"},"modified":"2016-12-01T12:22:57","modified_gmt":"2016-12-01T11:22:57","slug":"workshop-5","status":"publish","type":"page","link":"https:\/\/gebrueder-schmid-zentrum.de\/fachtagung\/workshop-5\/","title":{"rendered":"Workshop 5"},"content":{"rendered":"<h1><span style=\"color: #ff6600;\"><strong>5. Forum Offener Treff &#8211; <\/strong>Willkommen ohne Wenn und Aber<\/span><br \/>\n<span style=\"color: #000000;\"> Wie wird der Offene Treff zum Lern- und Begegnungsort im Stadtteilzentrum?<\/span><\/h1>\n<h3><span style=\"text-decoration: underline;\"><span style=\"color: #000000; text-decoration: underline;\">Input \/ Anregungen<\/span><\/span><br \/>\n<span style=\"color: #000000;\"> Dr. Tho Ha Vinh (Bhutan)<\/span><br \/>\n<span style=\"color: #000000;\"> Dr. Susanne Diemer (Stuttgart)<br \/>\nBegleitung: Verena Supper und Jasmin Horber, M\u00fctterforum Baden-W\u00fcrttemberg e. V.<\/span><\/h3>\n<p><span style=\"color: #000000;\">Das Herzst\u00fcck eines jeden M\u00fctter- und Familienzentrums sowie Mehrgenerationenhauses ist der \u201cOffene Treff\u201c, auch liebevoll \u201c\u00f6ffentliches Wohnzimmer\u201c genannt. Hier werden die Gelegenheitsstrukturen f\u00fcr Begegnungen und Kontakte zwischen unterschiedlichen Menschen mit verschiedenen Bed\u00fcrfnissen geschaffen. Sehr vielf\u00e4ltig gestalten BesucherInnen und Aktive, NutzerInnen und b\u00fcrgerschaftlich Engagierte, Ehrenamtliche und Hauptamtliche das gemeinsame Tun in den Zentren. Doch wie funktioniert das, und warum tr\u00e4gt der Offene Treff zum \u201cGl\u00fcck im Quartier\u201c bei?<\/span><\/p>\n<p><span style=\"color: #000000;\">Dr. Ha Vinh Tho leitet das Forum mit einem Impuls zum Zusammenhang von Offenheit und Gl\u00fcck im Quartier ein. \u00dcber den Stellenwert des Offenen Treffs in der Landesstrategie f\u00fcr Familienbildung berichtet Dr. Susanne Diemer vom Ministerium f\u00fcr Soziales und Integration Baden-W\u00fcrttemberg. Gemeinsam werden die Forumsteilnehmer dann die Prinzipien und die Haltung erarbeiten, nach denen ein Offener Treff zum Wohle aller QuartiersbewohnerInnen gemeinsam gelebt werden kann.<\/span><\/p>\n<p><span style=\"color: #000000;\"><span style=\"text-decoration: underline;\">Leitfragen<\/span>: <!--Notes ACF\n<meta http-equiv=\"content-type\" content=\"text\/html; charset=utf-8\">--><br \/>\n<\/span><\/p>\n<ul>\n<li><span style=\"color: #000000;\">Was bedeutet das Prinzip \u201eOffenheit\u201c?<\/span><\/li>\n<li><span style=\"color: #000000;\">Wie kann \u201eder Raum\u201c f\u00fcr k\u00fcnftige Entwicklungen gehalten werden?<\/span><\/li>\n<li><span style=\"color: #000000;\">Welche Prozesse braucht es in einem Stadtteilzentrum, damit eine offene Haltung gelebt werden kann?<\/span><\/li>\n<li><span style=\"color: #000000;\">Welche Orte und Strukturen braucht es zum gemeinsamen Lernen verschiedener Generationen und Kulturen im Quartier?<\/span><\/li>\n<li><span style=\"color: #000000;\">Was bedeutet das Konzept \u201eGelegenheitsstrukturen\u201c?<\/span><\/li>\n<li><span style=\"color: #000000;\">Warum kann der offene Treff ein Ort der niederschwelligen und informellen Familienbildung sein?<br \/>\n<\/span><\/li>\n<\/ul>\n","protected":false},"excerpt":{"rendered":"<p>5. Forum Offener Treff &#8211; Willkommen ohne Wenn und Aber Wie wird der Offene Treff zum Lern- und Begegnungsort im Stadtteilzentrum? Input \/ Anregungen Dr. Tho Ha Vinh (Bhutan) Dr. Susanne Diemer (Stuttgart) Begleitung: Verena Supper und Jasmin Horber, M\u00fctterforum Baden-W\u00fcrttemberg e. V. Das Herzst\u00fcck eines jeden M\u00fctter- und Familienzentrums sowie Mehrgenerationenhauses ist der \u201cOffene [&hellip;]<\/p>\n","protected":false},"author":2,"featured_media":0,"parent":0,"menu_order":0,"comment_status":"closed","ping_status":"closed","template":"","meta":[],"yoast_head":"<!-- This site is optimized with the Yoast SEO plugin v18.4.1 - https:\/\/yoast.com\/wordpress\/plugins\/seo\/ -->\n<title>Workshop 5 - Fachtagung<\/title>\n<meta name=\"robots\" content=\"index, follow, max-snippet:-1, max-image-preview:large, max-video-preview:-1\" \/>\n<link rel=\"canonical\" href=\"https:\/\/gebrueder-schmid-zentrum.de\/fachtagung\/workshop-5\/\" \/>\n<meta property=\"og:locale\" content=\"de_DE\" \/>\n<meta property=\"og:type\" content=\"article\" \/>\n<meta property=\"og:title\" content=\"Workshop 5 - Fachtagung\" \/>\n<meta property=\"og:description\" content=\"5. Forum Offener Treff &#8211; Willkommen ohne Wenn und Aber Wie wird der Offene Treff zum Lern- und Begegnungsort im Stadtteilzentrum? Input \/ Anregungen Dr. Tho Ha Vinh (Bhutan) Dr. Susanne Diemer (Stuttgart) Begleitung: Verena Supper und Jasmin Horber, M\u00fctterforum Baden-W\u00fcrttemberg e. V. Das Herzst\u00fcck eines jeden M\u00fctter- und Familienzentrums sowie Mehrgenerationenhauses ist der \u201cOffene [&hellip;]\" \/>\n<meta property=\"og:url\" content=\"https:\/\/gebrueder-schmid-zentrum.de\/fachtagung\/workshop-5\/\" \/>\n<meta property=\"og:site_name\" content=\"Fachtagung\" \/>\n<meta property=\"article:modified_time\" content=\"2016-12-01T11:22:57+00:00\" \/>\n<meta name=\"twitter:card\" content=\"summary\" \/>\n<meta name=\"twitter:label1\" content=\"Gesch\u00e4tzte Lesezeit\" \/>\n\t<meta name=\"twitter:data1\" content=\"1\u00a0Minute\" \/>\n<script type=\"application\/ld+json\" class=\"yoast-schema-graph\">{\"@context\":\"https:\/\/schema.org\",\"@graph\":[{\"@type\":\"WebSite\",\"@id\":\"https:\/\/gebrueder-schmid-zentrum.de\/fachtagung\/#website\",\"url\":\"https:\/\/gebrueder-schmid-zentrum.de\/fachtagung\/\",\"name\":\"Fachtagung\",\"description\":\"\",\"potentialAction\":[{\"@type\":\"SearchAction\",\"target\":{\"@type\":\"EntryPoint\",\"urlTemplate\":\"https:\/\/gebrueder-schmid-zentrum.de\/fachtagung\/?s={search_term_string}\"},\"query-input\":\"required name=search_term_string\"}],\"inLanguage\":\"de\"},{\"@type\":\"WebPage\",\"@id\":\"https:\/\/gebrueder-schmid-zentrum.de\/fachtagung\/workshop-5\/#webpage\",\"url\":\"https:\/\/gebrueder-schmid-zentrum.de\/fachtagung\/workshop-5\/\",\"name\":\"Workshop 5 - Fachtagung\",\"isPartOf\":{\"@id\":\"https:\/\/gebrueder-schmid-zentrum.de\/fachtagung\/#website\"},\"datePublished\":\"2016-09-15T15:35:57+00:00\",\"dateModified\":\"2016-12-01T11:22:57+00:00\",\"breadcrumb\":{\"@id\":\"https:\/\/gebrueder-schmid-zentrum.de\/fachtagung\/workshop-5\/#breadcrumb\"},\"inLanguage\":\"de\",\"potentialAction\":[{\"@type\":\"ReadAction\",\"target\":[\"https:\/\/gebrueder-schmid-zentrum.de\/fachtagung\/workshop-5\/\"]}]},{\"@type\":\"BreadcrumbList\",\"@id\":\"https:\/\/gebrueder-schmid-zentrum.de\/fachtagung\/workshop-5\/#breadcrumb\",\"itemListElement\":[{\"@type\":\"ListItem\",\"position\":1,\"name\":\"Startseite\",\"item\":\"https:\/\/gebrueder-schmid-zentrum.de\/fachtagung\/\"},{\"@type\":\"ListItem\",\"position\":2,\"name\":\"Workshop 5\"}]}]}<\/script>\n<!-- \/ Yoast SEO plugin. -->","yoast_head_json":{"title":"Workshop 5 - Fachtagung","robots":{"index":"index","follow":"follow","max-snippet":"max-snippet:-1","max-image-preview":"max-image-preview:large","max-video-preview":"max-video-preview:-1"},"canonical":"https:\/\/gebrueder-schmid-zentrum.de\/fachtagung\/workshop-5\/","og_locale":"de_DE","og_type":"article","og_title":"Workshop 5 - Fachtagung","og_description":"5. Forum Offener Treff &#8211; Willkommen ohne Wenn und Aber Wie wird der Offene Treff zum Lern- und Begegnungsort im Stadtteilzentrum? Input \/ Anregungen Dr. Tho Ha Vinh (Bhutan) Dr. Susanne Diemer (Stuttgart) Begleitung: Verena Supper und Jasmin Horber, M\u00fctterforum Baden-W\u00fcrttemberg e. V. Das Herzst\u00fcck eines jeden M\u00fctter- und Familienzentrums sowie Mehrgenerationenhauses ist der \u201cOffene [&hellip;]","og_url":"https:\/\/gebrueder-schmid-zentrum.de\/fachtagung\/workshop-5\/","og_site_name":"Fachtagung","article_modified_time":"2016-12-01T11:22:57+00:00","twitter_card":"summary","twitter_misc":{"Gesch\u00e4tzte Lesezeit":"1\u00a0Minute"},"schema":{"@context":"https:\/\/schema.org","@graph":[{"@type":"WebSite","@id":"https:\/\/gebrueder-schmid-zentrum.de\/fachtagung\/#website","url":"https:\/\/gebrueder-schmid-zentrum.de\/fachtagung\/","name":"Fachtagung","description":"","potentialAction":[{"@type":"SearchAction","target":{"@type":"EntryPoint","urlTemplate":"https:\/\/gebrueder-schmid-zentrum.de\/fachtagung\/?s={search_term_string}"},"query-input":"required name=search_term_string"}],"inLanguage":"de"},{"@type":"WebPage","@id":"https:\/\/gebrueder-schmid-zentrum.de\/fachtagung\/workshop-5\/#webpage","url":"https:\/\/gebrueder-schmid-zentrum.de\/fachtagung\/workshop-5\/","name":"Workshop 5 - Fachtagung","isPartOf":{"@id":"https:\/\/gebrueder-schmid-zentrum.de\/fachtagung\/#website"},"datePublished":"2016-09-15T15:35:57+00:00","dateModified":"2016-12-01T11:22:57+00:00","breadcrumb":{"@id":"https:\/\/gebrueder-schmid-zentrum.de\/fachtagung\/workshop-5\/#breadcrumb"},"inLanguage":"de","potentialAction":[{"@type":"ReadAction","target":["https:\/\/gebrueder-schmid-zentrum.de\/fachtagung\/workshop-5\/"]}]},{"@type":"BreadcrumbList","@id":"https:\/\/gebrueder-schmid-zentrum.de\/fachtagung\/workshop-5\/#breadcrumb","itemListElement":[{"@type":"ListItem","position":1,"name":"Startseite","item":"https:\/\/gebrueder-schmid-zentrum.de\/fachtagung\/"},{"@type":"ListItem","position":2,"name":"Workshop 5"}]}]}},"_links":{"self":[{"href":"https:\/\/gebrueder-schmid-zentrum.de\/fachtagung\/wp-json\/wp\/v2\/pages\/260"}],"collection":[{"href":"https:\/\/gebrueder-schmid-zentrum.de\/fachtagung\/wp-json\/wp\/v2\/pages"}],"about":[{"href":"https:\/\/gebrueder-schmid-zentrum.de\/fachtagung\/wp-json\/wp\/v2\/types\/page"}],"author":[{"embeddable":true,"href":"https:\/\/gebrueder-schmid-zentrum.de\/fachtagung\/wp-json\/wp\/v2\/users\/2"}],"replies":[{"embeddable":true,"href":"https:\/\/gebrueder-schmid-zentrum.de\/fachtagung\/wp-json\/wp\/v2\/comments?post=260"}],"version-history":[{"count":10,"href":"https:\/\/gebrueder-schmid-zentrum.de\/fachtagung\/wp-json\/wp\/v2\/pages\/260\/revisions"}],"predecessor-version":[{"id":1090,"href":"https:\/\/gebrueder-schmid-zentrum.de\/fachtagung\/wp-json\/wp\/v2\/pages\/260\/revisions\/1090"}],"wp:attachment":[{"href":"https:\/\/gebrueder-schmid-zentrum.de\/fachtagung\/wp-json\/wp\/v2\/media?parent=260"}],"curies":[{"name":"wp","href":"https:\/\/api.w.org\/{rel}","templated":true}]}}