{"id":258,"date":"2016-09-15T17:35:03","date_gmt":"2016-09-15T15:35:03","guid":{"rendered":"http:\/\/gebrueder-schmid-zentrum.de\/fachtagung\/?page_id=258"},"modified":"2016-09-30T15:03:08","modified_gmt":"2016-09-30T13:03:08","slug":"workshop-4","status":"publish","type":"page","link":"https:\/\/gebrueder-schmid-zentrum.de\/fachtagung\/workshop-4\/","title":{"rendered":"Workshop 4"},"content":{"rendered":"<h1><span style=\"color: #ff6600;\"><strong>4. Forum Bildung &#8211; <\/strong>Bildung in der B\u00fcrgergesellschaft:<br \/>\nSchule macht Quartier \u2013 Quartier macht Schule!<\/span><br \/>\n<span style=\"color: #000000;\"> Wie sich <\/span><span style=\"color: #000000;\">\u201cB\u00fcrgerschulen\u201c f\u00fcr den Stadtteil mit seinen<br \/>\nLernorten und -partnern \u00f6ffnen<\/span><\/h1>\n<h3><span style=\"text-decoration: underline;\"><span style=\"color: #000000; text-decoration: underline;\">Input \/ Anregungen<\/span><\/span><br \/>\n<span style=\"color: #000000;\"> Prof. Dr. Martin Weingardt (P\u00e4dagogische Hochschule Ludwigsburg und Netzwerk der Offenen B\u00fcrgerschulen) in Kooperation mit <\/span><span style=\"color: #000000;\">Walter Schmid (Schulleitung Lerchenrainschule Stuttgart-Heslach)<\/span><\/h3>\n<h3><span style=\"color: #000000;\">Zivilgesellschaftliche Initiativen von B\u00fcrgern und B\u00fcrgerinnen sowie deren Vernetzung mit bestehenden Institutionen pr\u00e4gen die Entwicklung unserer Gesellschaft. Besonders deutlich wird das in den Quartieren urbaner Regionen. Die Schulen sind zunehmend mit hinein\u00adgenommen in diese Gestaltungen innovativ verbundener Bildungsprozesse und -r\u00e4ume vor Ort.<\/span><\/h3>\n<p><span style=\"text-decoration: underline; color: #000000;\">Leitfragen<\/span><\/p>\n<ul>\n<li><span style=\"color: #000000;\">Warum brauchen die Schulen auch f\u00fcr die Unterrichtsprozesse den sie umgebenden Sozialraum?<\/span><\/li>\n<li><span style=\"color: #000000;\">Wie verbinden sich formale und non-formale oder informelle Lernprozesse?<\/span><\/li>\n<li><span style=\"color: #000000;\">Welche Lernorte und -partner finden sich in einem Quartier, was kann es bieten?<\/span><\/li>\n<li><span style=\"color: #000000;\">Warum ist f\u00fcr einen lebendigen Sozialraum die Existenz von Schulen unabdingbar?<\/span><\/li>\n<li><span style=\"color: #000000;\">Was tr\u00e4gt eine Quartiersschule zur Begegnungs- und Gemeinschaftskultur im Stadtteil bei?<\/span><\/li>\n<li><span style=\"color: #000000;\">Wie k\u00f6nnen Schule und Quartier sich wechselseitig erschlie\u00dfen und einbinden?<\/span><\/li>\n<li><span style=\"color: #000000;\">Brauchen wir andere Schulmodelle? Die Konzeption der Offenen B\u00fcrgerschulen im Land.<\/span><\/li>\n<li><span style=\"color: #000000;\">Lokale Beispiele: z. B. die Lerchenrainschule in Stuttgart-Heslach.<\/span><\/li>\n<\/ul>\n","protected":false},"excerpt":{"rendered":"<p>4. Forum Bildung &#8211; Bildung in der B\u00fcrgergesellschaft: Schule macht Quartier \u2013 Quartier macht Schule! Wie sich \u201cB\u00fcrgerschulen\u201c f\u00fcr den Stadtteil mit seinen Lernorten und -partnern \u00f6ffnen Input \/ Anregungen Prof. Dr. Martin Weingardt (P\u00e4dagogische Hochschule Ludwigsburg und Netzwerk der Offenen B\u00fcrgerschulen) in Kooperation mit Walter Schmid (Schulleitung Lerchenrainschule Stuttgart-Heslach) Zivilgesellschaftliche Initiativen von B\u00fcrgern und [&hellip;]<\/p>\n","protected":false},"author":2,"featured_media":0,"parent":0,"menu_order":0,"comment_status":"closed","ping_status":"closed","template":"","meta":[],"yoast_head":"<!-- This site is optimized with the Yoast SEO plugin v18.4.1 - https:\/\/yoast.com\/wordpress\/plugins\/seo\/ -->\n<title>Workshop 4 - Fachtagung<\/title>\n<meta name=\"robots\" content=\"index, follow, max-snippet:-1, max-image-preview:large, max-video-preview:-1\" \/>\n<link rel=\"canonical\" href=\"https:\/\/gebrueder-schmid-zentrum.de\/fachtagung\/workshop-4\/\" \/>\n<meta property=\"og:locale\" content=\"de_DE\" \/>\n<meta property=\"og:type\" content=\"article\" \/>\n<meta property=\"og:title\" content=\"Workshop 4 - Fachtagung\" \/>\n<meta property=\"og:description\" content=\"4. Forum Bildung &#8211; Bildung in der B\u00fcrgergesellschaft: Schule macht Quartier \u2013 Quartier macht Schule! Wie sich \u201cB\u00fcrgerschulen\u201c f\u00fcr den Stadtteil mit seinen Lernorten und -partnern \u00f6ffnen Input \/ Anregungen Prof. Dr. Martin Weingardt (P\u00e4dagogische Hochschule Ludwigsburg und Netzwerk der Offenen B\u00fcrgerschulen) in Kooperation mit Walter Schmid (Schulleitung Lerchenrainschule Stuttgart-Heslach) Zivilgesellschaftliche Initiativen von B\u00fcrgern und [&hellip;]\" \/>\n<meta property=\"og:url\" content=\"https:\/\/gebrueder-schmid-zentrum.de\/fachtagung\/workshop-4\/\" \/>\n<meta property=\"og:site_name\" content=\"Fachtagung\" \/>\n<meta property=\"article:modified_time\" content=\"2016-09-30T13:03:08+00:00\" \/>\n<meta name=\"twitter:card\" content=\"summary\" \/>\n<meta name=\"twitter:label1\" content=\"Gesch\u00e4tzte Lesezeit\" \/>\n\t<meta name=\"twitter:data1\" content=\"1\u00a0Minute\" \/>\n<script type=\"application\/ld+json\" class=\"yoast-schema-graph\">{\"@context\":\"https:\/\/schema.org\",\"@graph\":[{\"@type\":\"WebSite\",\"@id\":\"https:\/\/gebrueder-schmid-zentrum.de\/fachtagung\/#website\",\"url\":\"https:\/\/gebrueder-schmid-zentrum.de\/fachtagung\/\",\"name\":\"Fachtagung\",\"description\":\"\",\"potentialAction\":[{\"@type\":\"SearchAction\",\"target\":{\"@type\":\"EntryPoint\",\"urlTemplate\":\"https:\/\/gebrueder-schmid-zentrum.de\/fachtagung\/?s={search_term_string}\"},\"query-input\":\"required name=search_term_string\"}],\"inLanguage\":\"de\"},{\"@type\":\"WebPage\",\"@id\":\"https:\/\/gebrueder-schmid-zentrum.de\/fachtagung\/workshop-4\/#webpage\",\"url\":\"https:\/\/gebrueder-schmid-zentrum.de\/fachtagung\/workshop-4\/\",\"name\":\"Workshop 4 - Fachtagung\",\"isPartOf\":{\"@id\":\"https:\/\/gebrueder-schmid-zentrum.de\/fachtagung\/#website\"},\"datePublished\":\"2016-09-15T15:35:03+00:00\",\"dateModified\":\"2016-09-30T13:03:08+00:00\",\"breadcrumb\":{\"@id\":\"https:\/\/gebrueder-schmid-zentrum.de\/fachtagung\/workshop-4\/#breadcrumb\"},\"inLanguage\":\"de\",\"potentialAction\":[{\"@type\":\"ReadAction\",\"target\":[\"https:\/\/gebrueder-schmid-zentrum.de\/fachtagung\/workshop-4\/\"]}]},{\"@type\":\"BreadcrumbList\",\"@id\":\"https:\/\/gebrueder-schmid-zentrum.de\/fachtagung\/workshop-4\/#breadcrumb\",\"itemListElement\":[{\"@type\":\"ListItem\",\"position\":1,\"name\":\"Startseite\",\"item\":\"https:\/\/gebrueder-schmid-zentrum.de\/fachtagung\/\"},{\"@type\":\"ListItem\",\"position\":2,\"name\":\"Workshop 4\"}]}]}<\/script>\n<!-- \/ Yoast SEO plugin. -->","yoast_head_json":{"title":"Workshop 4 - Fachtagung","robots":{"index":"index","follow":"follow","max-snippet":"max-snippet:-1","max-image-preview":"max-image-preview:large","max-video-preview":"max-video-preview:-1"},"canonical":"https:\/\/gebrueder-schmid-zentrum.de\/fachtagung\/workshop-4\/","og_locale":"de_DE","og_type":"article","og_title":"Workshop 4 - Fachtagung","og_description":"4. Forum Bildung &#8211; Bildung in der B\u00fcrgergesellschaft: Schule macht Quartier \u2013 Quartier macht Schule! Wie sich \u201cB\u00fcrgerschulen\u201c f\u00fcr den Stadtteil mit seinen Lernorten und -partnern \u00f6ffnen Input \/ Anregungen Prof. Dr. Martin Weingardt (P\u00e4dagogische Hochschule Ludwigsburg und Netzwerk der Offenen B\u00fcrgerschulen) in Kooperation mit Walter Schmid (Schulleitung Lerchenrainschule Stuttgart-Heslach) Zivilgesellschaftliche Initiativen von B\u00fcrgern und [&hellip;]","og_url":"https:\/\/gebrueder-schmid-zentrum.de\/fachtagung\/workshop-4\/","og_site_name":"Fachtagung","article_modified_time":"2016-09-30T13:03:08+00:00","twitter_card":"summary","twitter_misc":{"Gesch\u00e4tzte Lesezeit":"1\u00a0Minute"},"schema":{"@context":"https:\/\/schema.org","@graph":[{"@type":"WebSite","@id":"https:\/\/gebrueder-schmid-zentrum.de\/fachtagung\/#website","url":"https:\/\/gebrueder-schmid-zentrum.de\/fachtagung\/","name":"Fachtagung","description":"","potentialAction":[{"@type":"SearchAction","target":{"@type":"EntryPoint","urlTemplate":"https:\/\/gebrueder-schmid-zentrum.de\/fachtagung\/?s={search_term_string}"},"query-input":"required name=search_term_string"}],"inLanguage":"de"},{"@type":"WebPage","@id":"https:\/\/gebrueder-schmid-zentrum.de\/fachtagung\/workshop-4\/#webpage","url":"https:\/\/gebrueder-schmid-zentrum.de\/fachtagung\/workshop-4\/","name":"Workshop 4 - Fachtagung","isPartOf":{"@id":"https:\/\/gebrueder-schmid-zentrum.de\/fachtagung\/#website"},"datePublished":"2016-09-15T15:35:03+00:00","dateModified":"2016-09-30T13:03:08+00:00","breadcrumb":{"@id":"https:\/\/gebrueder-schmid-zentrum.de\/fachtagung\/workshop-4\/#breadcrumb"},"inLanguage":"de","potentialAction":[{"@type":"ReadAction","target":["https:\/\/gebrueder-schmid-zentrum.de\/fachtagung\/workshop-4\/"]}]},{"@type":"BreadcrumbList","@id":"https:\/\/gebrueder-schmid-zentrum.de\/fachtagung\/workshop-4\/#breadcrumb","itemListElement":[{"@type":"ListItem","position":1,"name":"Startseite","item":"https:\/\/gebrueder-schmid-zentrum.de\/fachtagung\/"},{"@type":"ListItem","position":2,"name":"Workshop 4"}]}]}},"_links":{"self":[{"href":"https:\/\/gebrueder-schmid-zentrum.de\/fachtagung\/wp-json\/wp\/v2\/pages\/258"}],"collection":[{"href":"https:\/\/gebrueder-schmid-zentrum.de\/fachtagung\/wp-json\/wp\/v2\/pages"}],"about":[{"href":"https:\/\/gebrueder-schmid-zentrum.de\/fachtagung\/wp-json\/wp\/v2\/types\/page"}],"author":[{"embeddable":true,"href":"https:\/\/gebrueder-schmid-zentrum.de\/fachtagung\/wp-json\/wp\/v2\/users\/2"}],"replies":[{"embeddable":true,"href":"https:\/\/gebrueder-schmid-zentrum.de\/fachtagung\/wp-json\/wp\/v2\/comments?post=258"}],"version-history":[{"count":14,"href":"https:\/\/gebrueder-schmid-zentrum.de\/fachtagung\/wp-json\/wp\/v2\/pages\/258\/revisions"}],"predecessor-version":[{"id":998,"href":"https:\/\/gebrueder-schmid-zentrum.de\/fachtagung\/wp-json\/wp\/v2\/pages\/258\/revisions\/998"}],"wp:attachment":[{"href":"https:\/\/gebrueder-schmid-zentrum.de\/fachtagung\/wp-json\/wp\/v2\/media?parent=258"}],"curies":[{"name":"wp","href":"https:\/\/api.w.org\/{rel}","templated":true}]}}