{"id":253,"date":"2016-09-15T17:33:57","date_gmt":"2016-09-15T15:33:57","guid":{"rendered":"http:\/\/gebrueder-schmid-zentrum.de\/fachtagung\/?page_id=253"},"modified":"2016-11-16T14:42:18","modified_gmt":"2016-11-16T13:42:18","slug":"workshop-2","status":"publish","type":"page","link":"https:\/\/gebrueder-schmid-zentrum.de\/fachtagung\/workshop-2\/","title":{"rendered":"Workshop 2"},"content":{"rendered":"<h1><span style=\"color: #ff6600;\"><strong>2. Forum Arbeit \u2013 <\/strong>\u201eVom Bruttosozialprodukt<br \/>\nzum Gemeinwohlprodukt\u201c<\/span><br \/>\n<span style=\"color: #000000;\"> Was kann die Gemeinwohl\u00f6konomie (GW\u00d6) f\u00fcr das<br \/>\nGemeinwohl der Menschen im Quartier beitragen?<\/span><\/h1>\n<h3><span style=\"text-decoration: underline;\"><span style=\"color: #000000; text-decoration: underline;\">Input \/ Anregungen<\/span><\/span><br \/>\n<span style=\"color: #000000;\"> Gitta Walchner (Freiburg)<\/span><br \/>\n<span style=\"color: #000000;\"> Oliver Viest (em-faktor, Stuttgart)<\/span><\/h3>\n<p><span style=\"text-decoration: underline;\"><span style=\"color: #000000; text-decoration: underline;\">Leitfragen<\/span><\/span><\/p>\n<ul>\n<li><span style=\"color: #000000;\">Was ist Gemeinwohl\u00f6konomie (Grundgedanken, Eckpfeiler)?<\/span><\/li>\n<li><span style=\"color: #000000;\">Warum sind die Gedanken der GW\u00d6 f\u00fcr unsere heutige Gesellschaft wichtig?<\/span><\/li>\n<li><span style=\"color: #000000;\">Was kommt den Menschen im Quartier zugute: Wertsch\u00f6pfung, Arbeitspl\u00e4tze, der Einklang von Arbeits- und Lebenszeit?<\/span><\/li>\n<li><span style=\"color: #000000;\">Was kann der Beitrag der GW\u00d6 \/ von GW\u00d6-orientierten Unternehmen f\u00fcr die Entwicklung eines Quartiers sein?<\/span><\/li>\n<li><span style=\"color: #000000;\">Was zeichnet das Handeln von Unternehmen \/ Betrieben aus, die das Gemeinwohl der Menschen im Quartier im Blick haben?<\/span><\/li>\n<li><span style=\"color: #000000;\">Welche Chancen bieten Lernprozesse im Quartier, um sich mit dem Ansatz der GW\u00d6 auseinanderzusetzen (quartiersbezogene Konvente)?<\/span><\/li>\n<\/ul>\n","protected":false},"excerpt":{"rendered":"<p>2. Forum Arbeit \u2013 \u201eVom Bruttosozialprodukt zum Gemeinwohlprodukt\u201c Was kann die Gemeinwohl\u00f6konomie (GW\u00d6) f\u00fcr das Gemeinwohl der Menschen im Quartier beitragen? Input \/ Anregungen Gitta Walchner (Freiburg) Oliver Viest (em-faktor, Stuttgart) Leitfragen Was ist Gemeinwohl\u00f6konomie (Grundgedanken, Eckpfeiler)? Warum sind die Gedanken der GW\u00d6 f\u00fcr unsere heutige Gesellschaft wichtig? Was kommt den Menschen im Quartier zugute: [&hellip;]<\/p>\n","protected":false},"author":2,"featured_media":0,"parent":0,"menu_order":0,"comment_status":"closed","ping_status":"closed","template":"","meta":[],"yoast_head":"<!-- This site is optimized with the Yoast SEO plugin v18.4.1 - https:\/\/yoast.com\/wordpress\/plugins\/seo\/ -->\n<title>Workshop 2 - Fachtagung<\/title>\n<meta name=\"robots\" content=\"index, follow, max-snippet:-1, max-image-preview:large, max-video-preview:-1\" \/>\n<link rel=\"canonical\" href=\"https:\/\/gebrueder-schmid-zentrum.de\/fachtagung\/workshop-2\/\" \/>\n<meta property=\"og:locale\" content=\"de_DE\" \/>\n<meta property=\"og:type\" content=\"article\" \/>\n<meta property=\"og:title\" content=\"Workshop 2 - Fachtagung\" \/>\n<meta property=\"og:description\" content=\"2. Forum Arbeit \u2013 \u201eVom Bruttosozialprodukt zum Gemeinwohlprodukt\u201c Was kann die Gemeinwohl\u00f6konomie (GW\u00d6) f\u00fcr das Gemeinwohl der Menschen im Quartier beitragen? Input \/ Anregungen Gitta Walchner (Freiburg) Oliver Viest (em-faktor, Stuttgart) Leitfragen Was ist Gemeinwohl\u00f6konomie (Grundgedanken, Eckpfeiler)? Warum sind die Gedanken der GW\u00d6 f\u00fcr unsere heutige Gesellschaft wichtig? Was kommt den Menschen im Quartier zugute: [&hellip;]\" \/>\n<meta property=\"og:url\" content=\"https:\/\/gebrueder-schmid-zentrum.de\/fachtagung\/workshop-2\/\" \/>\n<meta property=\"og:site_name\" content=\"Fachtagung\" \/>\n<meta property=\"article:modified_time\" content=\"2016-11-16T13:42:18+00:00\" \/>\n<meta name=\"twitter:card\" content=\"summary\" \/>\n<meta name=\"twitter:label1\" content=\"Gesch\u00e4tzte Lesezeit\" \/>\n\t<meta name=\"twitter:data1\" content=\"1\u00a0Minute\" \/>\n<script type=\"application\/ld+json\" class=\"yoast-schema-graph\">{\"@context\":\"https:\/\/schema.org\",\"@graph\":[{\"@type\":\"WebSite\",\"@id\":\"https:\/\/gebrueder-schmid-zentrum.de\/fachtagung\/#website\",\"url\":\"https:\/\/gebrueder-schmid-zentrum.de\/fachtagung\/\",\"name\":\"Fachtagung\",\"description\":\"\",\"potentialAction\":[{\"@type\":\"SearchAction\",\"target\":{\"@type\":\"EntryPoint\",\"urlTemplate\":\"https:\/\/gebrueder-schmid-zentrum.de\/fachtagung\/?s={search_term_string}\"},\"query-input\":\"required name=search_term_string\"}],\"inLanguage\":\"de\"},{\"@type\":\"WebPage\",\"@id\":\"https:\/\/gebrueder-schmid-zentrum.de\/fachtagung\/workshop-2\/#webpage\",\"url\":\"https:\/\/gebrueder-schmid-zentrum.de\/fachtagung\/workshop-2\/\",\"name\":\"Workshop 2 - Fachtagung\",\"isPartOf\":{\"@id\":\"https:\/\/gebrueder-schmid-zentrum.de\/fachtagung\/#website\"},\"datePublished\":\"2016-09-15T15:33:57+00:00\",\"dateModified\":\"2016-11-16T13:42:18+00:00\",\"breadcrumb\":{\"@id\":\"https:\/\/gebrueder-schmid-zentrum.de\/fachtagung\/workshop-2\/#breadcrumb\"},\"inLanguage\":\"de\",\"potentialAction\":[{\"@type\":\"ReadAction\",\"target\":[\"https:\/\/gebrueder-schmid-zentrum.de\/fachtagung\/workshop-2\/\"]}]},{\"@type\":\"BreadcrumbList\",\"@id\":\"https:\/\/gebrueder-schmid-zentrum.de\/fachtagung\/workshop-2\/#breadcrumb\",\"itemListElement\":[{\"@type\":\"ListItem\",\"position\":1,\"name\":\"Startseite\",\"item\":\"https:\/\/gebrueder-schmid-zentrum.de\/fachtagung\/\"},{\"@type\":\"ListItem\",\"position\":2,\"name\":\"Workshop 2\"}]}]}<\/script>\n<!-- \/ Yoast SEO plugin. -->","yoast_head_json":{"title":"Workshop 2 - Fachtagung","robots":{"index":"index","follow":"follow","max-snippet":"max-snippet:-1","max-image-preview":"max-image-preview:large","max-video-preview":"max-video-preview:-1"},"canonical":"https:\/\/gebrueder-schmid-zentrum.de\/fachtagung\/workshop-2\/","og_locale":"de_DE","og_type":"article","og_title":"Workshop 2 - Fachtagung","og_description":"2. Forum Arbeit \u2013 \u201eVom Bruttosozialprodukt zum Gemeinwohlprodukt\u201c Was kann die Gemeinwohl\u00f6konomie (GW\u00d6) f\u00fcr das Gemeinwohl der Menschen im Quartier beitragen? Input \/ Anregungen Gitta Walchner (Freiburg) Oliver Viest (em-faktor, Stuttgart) Leitfragen Was ist Gemeinwohl\u00f6konomie (Grundgedanken, Eckpfeiler)? Warum sind die Gedanken der GW\u00d6 f\u00fcr unsere heutige Gesellschaft wichtig? Was kommt den Menschen im Quartier zugute: [&hellip;]","og_url":"https:\/\/gebrueder-schmid-zentrum.de\/fachtagung\/workshop-2\/","og_site_name":"Fachtagung","article_modified_time":"2016-11-16T13:42:18+00:00","twitter_card":"summary","twitter_misc":{"Gesch\u00e4tzte Lesezeit":"1\u00a0Minute"},"schema":{"@context":"https:\/\/schema.org","@graph":[{"@type":"WebSite","@id":"https:\/\/gebrueder-schmid-zentrum.de\/fachtagung\/#website","url":"https:\/\/gebrueder-schmid-zentrum.de\/fachtagung\/","name":"Fachtagung","description":"","potentialAction":[{"@type":"SearchAction","target":{"@type":"EntryPoint","urlTemplate":"https:\/\/gebrueder-schmid-zentrum.de\/fachtagung\/?s={search_term_string}"},"query-input":"required name=search_term_string"}],"inLanguage":"de"},{"@type":"WebPage","@id":"https:\/\/gebrueder-schmid-zentrum.de\/fachtagung\/workshop-2\/#webpage","url":"https:\/\/gebrueder-schmid-zentrum.de\/fachtagung\/workshop-2\/","name":"Workshop 2 - Fachtagung","isPartOf":{"@id":"https:\/\/gebrueder-schmid-zentrum.de\/fachtagung\/#website"},"datePublished":"2016-09-15T15:33:57+00:00","dateModified":"2016-11-16T13:42:18+00:00","breadcrumb":{"@id":"https:\/\/gebrueder-schmid-zentrum.de\/fachtagung\/workshop-2\/#breadcrumb"},"inLanguage":"de","potentialAction":[{"@type":"ReadAction","target":["https:\/\/gebrueder-schmid-zentrum.de\/fachtagung\/workshop-2\/"]}]},{"@type":"BreadcrumbList","@id":"https:\/\/gebrueder-schmid-zentrum.de\/fachtagung\/workshop-2\/#breadcrumb","itemListElement":[{"@type":"ListItem","position":1,"name":"Startseite","item":"https:\/\/gebrueder-schmid-zentrum.de\/fachtagung\/"},{"@type":"ListItem","position":2,"name":"Workshop 2"}]}]}},"_links":{"self":[{"href":"https:\/\/gebrueder-schmid-zentrum.de\/fachtagung\/wp-json\/wp\/v2\/pages\/253"}],"collection":[{"href":"https:\/\/gebrueder-schmid-zentrum.de\/fachtagung\/wp-json\/wp\/v2\/pages"}],"about":[{"href":"https:\/\/gebrueder-schmid-zentrum.de\/fachtagung\/wp-json\/wp\/v2\/types\/page"}],"author":[{"embeddable":true,"href":"https:\/\/gebrueder-schmid-zentrum.de\/fachtagung\/wp-json\/wp\/v2\/users\/2"}],"replies":[{"embeddable":true,"href":"https:\/\/gebrueder-schmid-zentrum.de\/fachtagung\/wp-json\/wp\/v2\/comments?post=253"}],"version-history":[{"count":10,"href":"https:\/\/gebrueder-schmid-zentrum.de\/fachtagung\/wp-json\/wp\/v2\/pages\/253\/revisions"}],"predecessor-version":[{"id":1082,"href":"https:\/\/gebrueder-schmid-zentrum.de\/fachtagung\/wp-json\/wp\/v2\/pages\/253\/revisions\/1082"}],"wp:attachment":[{"href":"https:\/\/gebrueder-schmid-zentrum.de\/fachtagung\/wp-json\/wp\/v2\/media?parent=253"}],"curies":[{"name":"wp","href":"https:\/\/api.w.org\/{rel}","templated":true}]}}