{"id":219,"date":"2016-09-15T16:18:19","date_gmt":"2016-09-15T14:18:19","guid":{"rendered":"http:\/\/gebrueder-schmid-zentrum.de\/fachtagung\/?page_id=219"},"modified":"2016-11-15T18:21:56","modified_gmt":"2016-11-15T17:21:56","slug":"vortrag-tag-1","status":"publish","type":"page","link":"https:\/\/gebrueder-schmid-zentrum.de\/fachtagung\/vortrag-tag-1\/","title":{"rendered":"Vortrag Donnerstag"},"content":{"rendered":"<h1><span style=\"color: #000000;\"><strong><span style=\"color: #ff6600;\">Vortrag und Einstieg in die Tagung:<\/span><\/strong><\/span><\/h1>\n<h1><span style=\"color: #ff6600;\"> <em>&#8222;Die inneren und \u00e4u\u00dferen Bedingungen des Gl\u00fccks &#8211;<br \/>\nEine globale und lokale<\/em> <em>Perspektive&#8220;<\/em><\/span><\/h1>\n<h1><span style=\"color: #000000;\">Referent: Dr. Tho Ha Vinh<br \/>\n(Programmdirektor des Gross National Happiness Center in Thimphu, der Hauptstadt Bhutans)<\/span><\/h1>\n<p><span style=\"color: #000000;\">Leitfragen:<\/span><\/p>\n<ul>\n<li><span style=\"color: #000000;\">Wie k\u00f6nnen die Tagungsthemen mit einer globalen Perspektive verbunden werden? Welche globalen Zusammenh\u00e4nge hat unsere Lebens- und Arbeitsweise ?<\/span><\/li>\n<li><span style=\"color: #000000;\">Wie analysiert der \u201cdistanzierte Blick von au\u00dfen\u201c unsere Gesellschaft und die Themen Arbeit, Bildung \/ Bildungsgerechtigkeit und Vielfalt?<\/span><\/li>\n<li><span style=\"color: #000000;\">Was macht Bhutan anders und wie versucht der Staat, \u201cGl\u00fcck und Wohlbefinden\u201c der Menschen zu garantieren?<\/span><\/li>\n<li><span style=\"color: #000000;\">(Wie) Kann der Ansatz auf Deutschland, auf Stuttgart bzw. auf deutsche Kommunen \u00fcbertragen werden?<\/span><\/li>\n<li><span style=\"color: #000000;\">Welche Unterschiede gibt es zwischen Bhutan und Stuttgart bez\u00fcglich der gesellschaftlichen Bedingungen und den M\u00f6glichkeiten, neue Wege zu gehen?<\/span><\/li>\n<li><span style=\"color: #000000;\">Welche Rolle spielen \u201cTradition und Moderne\u201c? Was ist die besondere Situation einer \u201cGesellschaft der Vielfalt und Differenz\u201c?<\/span><\/li>\n<li><span style=\"color: #000000;\">Welche Bedeutung hat das Thema Bildung in Gemeinschaft \/ Gemeinsames Lernen f\u00fcr eine Kommune?<\/span><\/li>\n<\/ul>\n","protected":false},"excerpt":{"rendered":"<p>Vortrag und Einstieg in die Tagung: &#8222;Die inneren und \u00e4u\u00dferen Bedingungen des Gl\u00fccks &#8211; Eine globale und lokale Perspektive&#8220; Referent: Dr. Tho Ha Vinh (Programmdirektor des Gross National Happiness Center in Thimphu, der Hauptstadt Bhutans) Leitfragen: Wie k\u00f6nnen die Tagungsthemen mit einer globalen Perspektive verbunden werden? Welche globalen Zusammenh\u00e4nge hat unsere Lebens- und Arbeitsweise ? [&hellip;]<\/p>\n","protected":false},"author":2,"featured_media":0,"parent":0,"menu_order":0,"comment_status":"closed","ping_status":"closed","template":"","meta":[],"yoast_head":"<!-- This site is optimized with the Yoast SEO plugin v18.4.1 - https:\/\/yoast.com\/wordpress\/plugins\/seo\/ -->\n<title>Vortrag Donnerstag - Fachtagung<\/title>\n<meta name=\"robots\" content=\"index, follow, max-snippet:-1, max-image-preview:large, max-video-preview:-1\" \/>\n<link rel=\"canonical\" href=\"https:\/\/gebrueder-schmid-zentrum.de\/fachtagung\/vortrag-tag-1\/\" \/>\n<meta property=\"og:locale\" content=\"de_DE\" \/>\n<meta property=\"og:type\" content=\"article\" \/>\n<meta property=\"og:title\" content=\"Vortrag Donnerstag - Fachtagung\" \/>\n<meta property=\"og:description\" content=\"Vortrag und Einstieg in die Tagung: &#8222;Die inneren und \u00e4u\u00dferen Bedingungen des Gl\u00fccks &#8211; Eine globale und lokale Perspektive&#8220; Referent: Dr. Tho Ha Vinh (Programmdirektor des Gross National Happiness Center in Thimphu, der Hauptstadt Bhutans) Leitfragen: Wie k\u00f6nnen die Tagungsthemen mit einer globalen Perspektive verbunden werden? Welche globalen Zusammenh\u00e4nge hat unsere Lebens- und Arbeitsweise ? [&hellip;]\" \/>\n<meta property=\"og:url\" content=\"https:\/\/gebrueder-schmid-zentrum.de\/fachtagung\/vortrag-tag-1\/\" \/>\n<meta property=\"og:site_name\" content=\"Fachtagung\" \/>\n<meta property=\"article:modified_time\" content=\"2016-11-15T17:21:56+00:00\" \/>\n<meta name=\"twitter:card\" content=\"summary\" \/>\n<meta name=\"twitter:label1\" content=\"Gesch\u00e4tzte Lesezeit\" \/>\n\t<meta name=\"twitter:data1\" content=\"1\u00a0Minute\" \/>\n<script type=\"application\/ld+json\" class=\"yoast-schema-graph\">{\"@context\":\"https:\/\/schema.org\",\"@graph\":[{\"@type\":\"WebSite\",\"@id\":\"https:\/\/gebrueder-schmid-zentrum.de\/fachtagung\/#website\",\"url\":\"https:\/\/gebrueder-schmid-zentrum.de\/fachtagung\/\",\"name\":\"Fachtagung\",\"description\":\"\",\"potentialAction\":[{\"@type\":\"SearchAction\",\"target\":{\"@type\":\"EntryPoint\",\"urlTemplate\":\"https:\/\/gebrueder-schmid-zentrum.de\/fachtagung\/?s={search_term_string}\"},\"query-input\":\"required name=search_term_string\"}],\"inLanguage\":\"de\"},{\"@type\":\"WebPage\",\"@id\":\"https:\/\/gebrueder-schmid-zentrum.de\/fachtagung\/vortrag-tag-1\/#webpage\",\"url\":\"https:\/\/gebrueder-schmid-zentrum.de\/fachtagung\/vortrag-tag-1\/\",\"name\":\"Vortrag Donnerstag - Fachtagung\",\"isPartOf\":{\"@id\":\"https:\/\/gebrueder-schmid-zentrum.de\/fachtagung\/#website\"},\"datePublished\":\"2016-09-15T14:18:19+00:00\",\"dateModified\":\"2016-11-15T17:21:56+00:00\",\"breadcrumb\":{\"@id\":\"https:\/\/gebrueder-schmid-zentrum.de\/fachtagung\/vortrag-tag-1\/#breadcrumb\"},\"inLanguage\":\"de\",\"potentialAction\":[{\"@type\":\"ReadAction\",\"target\":[\"https:\/\/gebrueder-schmid-zentrum.de\/fachtagung\/vortrag-tag-1\/\"]}]},{\"@type\":\"BreadcrumbList\",\"@id\":\"https:\/\/gebrueder-schmid-zentrum.de\/fachtagung\/vortrag-tag-1\/#breadcrumb\",\"itemListElement\":[{\"@type\":\"ListItem\",\"position\":1,\"name\":\"Startseite\",\"item\":\"https:\/\/gebrueder-schmid-zentrum.de\/fachtagung\/\"},{\"@type\":\"ListItem\",\"position\":2,\"name\":\"Vortrag Donnerstag\"}]}]}<\/script>\n<!-- \/ Yoast SEO plugin. -->","yoast_head_json":{"title":"Vortrag Donnerstag - Fachtagung","robots":{"index":"index","follow":"follow","max-snippet":"max-snippet:-1","max-image-preview":"max-image-preview:large","max-video-preview":"max-video-preview:-1"},"canonical":"https:\/\/gebrueder-schmid-zentrum.de\/fachtagung\/vortrag-tag-1\/","og_locale":"de_DE","og_type":"article","og_title":"Vortrag Donnerstag - Fachtagung","og_description":"Vortrag und Einstieg in die Tagung: &#8222;Die inneren und \u00e4u\u00dferen Bedingungen des Gl\u00fccks &#8211; Eine globale und lokale Perspektive&#8220; Referent: Dr. Tho Ha Vinh (Programmdirektor des Gross National Happiness Center in Thimphu, der Hauptstadt Bhutans) Leitfragen: Wie k\u00f6nnen die Tagungsthemen mit einer globalen Perspektive verbunden werden? Welche globalen Zusammenh\u00e4nge hat unsere Lebens- und Arbeitsweise ? [&hellip;]","og_url":"https:\/\/gebrueder-schmid-zentrum.de\/fachtagung\/vortrag-tag-1\/","og_site_name":"Fachtagung","article_modified_time":"2016-11-15T17:21:56+00:00","twitter_card":"summary","twitter_misc":{"Gesch\u00e4tzte Lesezeit":"1\u00a0Minute"},"schema":{"@context":"https:\/\/schema.org","@graph":[{"@type":"WebSite","@id":"https:\/\/gebrueder-schmid-zentrum.de\/fachtagung\/#website","url":"https:\/\/gebrueder-schmid-zentrum.de\/fachtagung\/","name":"Fachtagung","description":"","potentialAction":[{"@type":"SearchAction","target":{"@type":"EntryPoint","urlTemplate":"https:\/\/gebrueder-schmid-zentrum.de\/fachtagung\/?s={search_term_string}"},"query-input":"required name=search_term_string"}],"inLanguage":"de"},{"@type":"WebPage","@id":"https:\/\/gebrueder-schmid-zentrum.de\/fachtagung\/vortrag-tag-1\/#webpage","url":"https:\/\/gebrueder-schmid-zentrum.de\/fachtagung\/vortrag-tag-1\/","name":"Vortrag Donnerstag - Fachtagung","isPartOf":{"@id":"https:\/\/gebrueder-schmid-zentrum.de\/fachtagung\/#website"},"datePublished":"2016-09-15T14:18:19+00:00","dateModified":"2016-11-15T17:21:56+00:00","breadcrumb":{"@id":"https:\/\/gebrueder-schmid-zentrum.de\/fachtagung\/vortrag-tag-1\/#breadcrumb"},"inLanguage":"de","potentialAction":[{"@type":"ReadAction","target":["https:\/\/gebrueder-schmid-zentrum.de\/fachtagung\/vortrag-tag-1\/"]}]},{"@type":"BreadcrumbList","@id":"https:\/\/gebrueder-schmid-zentrum.de\/fachtagung\/vortrag-tag-1\/#breadcrumb","itemListElement":[{"@type":"ListItem","position":1,"name":"Startseite","item":"https:\/\/gebrueder-schmid-zentrum.de\/fachtagung\/"},{"@type":"ListItem","position":2,"name":"Vortrag Donnerstag"}]}]}},"_links":{"self":[{"href":"https:\/\/gebrueder-schmid-zentrum.de\/fachtagung\/wp-json\/wp\/v2\/pages\/219"}],"collection":[{"href":"https:\/\/gebrueder-schmid-zentrum.de\/fachtagung\/wp-json\/wp\/v2\/pages"}],"about":[{"href":"https:\/\/gebrueder-schmid-zentrum.de\/fachtagung\/wp-json\/wp\/v2\/types\/page"}],"author":[{"embeddable":true,"href":"https:\/\/gebrueder-schmid-zentrum.de\/fachtagung\/wp-json\/wp\/v2\/users\/2"}],"replies":[{"embeddable":true,"href":"https:\/\/gebrueder-schmid-zentrum.de\/fachtagung\/wp-json\/wp\/v2\/comments?post=219"}],"version-history":[{"count":11,"href":"https:\/\/gebrueder-schmid-zentrum.de\/fachtagung\/wp-json\/wp\/v2\/pages\/219\/revisions"}],"predecessor-version":[{"id":1074,"href":"https:\/\/gebrueder-schmid-zentrum.de\/fachtagung\/wp-json\/wp\/v2\/pages\/219\/revisions\/1074"}],"wp:attachment":[{"href":"https:\/\/gebrueder-schmid-zentrum.de\/fachtagung\/wp-json\/wp\/v2\/media?parent=219"}],"curies":[{"name":"wp","href":"https:\/\/api.w.org\/{rel}","templated":true}]}}