{"id":15,"date":"2016-06-09T17:51:23","date_gmt":"2016-06-09T15:51:23","guid":{"rendered":"http:\/\/gebrueder-schmid-zentrum.de\/fachtagung\/?page_id=15"},"modified":"2016-11-16T10:16:43","modified_gmt":"2016-11-16T09:16:43","slug":"veranstalter","status":"publish","type":"page","link":"https:\/\/gebrueder-schmid-zentrum.de\/fachtagung\/veranstalter\/","title":{"rendered":"Veranstalter"},"content":{"rendered":"<h1><span style=\"color: #ff6600;\">Kennen Sie Rudolf Schmid und Hermann Schmid?<\/span><\/h1>\n<p style=\"max-width: 750px;\"><span style=\"color: #000000;\">Als der Stuttgarter Kaufmann Rudolf Schmid 1994 starb &#8211; zwei Jahre nach seinem Bruder Hermann Schmid &#8211; hatte er ihr gemeinsames Verm\u00e4chtnis im Detail geregelt. Die beiden Br\u00fcder brachten ihr viele Millionen D-Mark umfassendes Verm\u00f6gen in eine rechtlich unselbst\u00e4ndige Stiftung ein, die von der Stadt Stuttgart verwaltet wird. Die Stiftungsmittel sollen f\u00fcr Einrichtungen verwendet werden, die den Stuttgarter B\u00fcrgerInnen zugute kommen. Auch der Stiftungsname stand fest: Rudolf Schmid und Hermann Schmid Stiftung \u2013 genau so und nicht anders. So hatte es Rudolf Schmid noch vor seinem Tod festgelegt. F\u00fcnf Einrichtungen entstanden seitdem aus Mitteln der Rudolf Schmid und Hermann Schmid Stiftung in Stuttgart. Als erstes wurde 1998 das Seniorenzentrum Rohrer H\u00f6he gebaut. Es folgten eine Kindertagesst\u00e4tte, zwei Generationenh\u00e4user und eine Begegnungsst\u00e4tte.<\/span><\/p>\n<p style=\"max-width: 750px;\"><span style=\"color: #000000;\"><b>Rudolf Schmid und Hermann Schmid Stiftung<br \/>\nc\/o. Landeshauptstadt Stuttgart<br \/>\nWerner W\u00f6lfle<br \/>\n<\/b><\/span><span style=\"color: #000000;\"><strong>B\u00fcrgermeister f\u00fcr Soziales und gesellschaftliche Integrat<\/strong><\/span><strong>ion<\/strong><br \/>\n<span style=\"color: #000000;\"><b>Marktplatz 1<br \/>\n70173 Stuttgart<\/b><\/span><\/p>\n<div style=\"max-width: 750px;\">\n<p><span style=\"color: #000000;\">\u00a0<\/span><\/p>\n<p><span style=\"color: #000000;\"><span style=\"text-decoration: underline;\">Planung und Organisation:<\/span><br \/>\nCarola Haegele, Landeshauptstadt Stuttgart, Sozialamt, Gebr\u00fcder Schmid Zentrum,<br \/>\nTel.: 0711\/216-80589, E-Mail: <a href=\"mailto:carola.haegele@stuttgart.de\" target=\"_blank\">carola.haegele@stuttgart.de<\/a><\/span><\/p>\n<p><span style=\"color: #000000;\">Andrea Laux, Vorstand im M\u00fctterforum Baden-W\u00fcrttemberg e. V., Verband der unabh\u00e4ngigen M\u00fctterzentren, Familienzentren und Mehrgenerationenh\u00e4user,<br \/>\nTel.: 0711\/21 55 520, E-Mail: <a href=\"mailto:geschaeftsstelle@muetterforum.de\" target=\"_blank\">geschaeftsstelle@muetterforum.de<\/a><\/span><\/p>\n<p><span style=\"color: #000000;\">Tina Syring, Landeshauptstadt Stuttgart, Sozialamt, Gebr\u00fcder Schmid Zentrum,<br \/>\nTel.: 0711\/216-80588, E-Mail: <a href=\"mailto:tina.syring@stuttgart.de\" target=\"_blank\">tina.syring@stuttgart.de<\/a><\/span><\/p>\n<p><span style=\"color: #000000;\">Alexander Vecellio, Landeshauptstadt Stuttgart, Jugendamt,<br \/>\nTel.: 0711\/216-55870, E-Mail: <a href=\"mailto:alexander.vecellio@stuttgart.de\" target=\"_blank\">alexander.vecellio@stuttgart.de<\/a><\/span><\/p>\n<p><span style=\"color: #000000;\"><span style=\"text-decoration: underline;\">\u00d6ffentlichkeitsarbeit:<\/span><br \/>\nSabine B\u00f6hringer, Landeshauptstadt Stuttgart, Sozialamt, Gebr\u00fcder Schmid Zentrum,<br \/>\nTel.: 0711\/216-80591, E-Mail: <a href=\"mailto:sabine.boehringer@stuttgart.de\" target=\"_blank\">sabine.boehringer@stuttgart.de<\/a><\/span><\/p>\n<p><span style=\"color: #000000;\">Bernd Lange, Schreiberei, Text und Redaktion,<\/span><br \/>\n<span style=\"color: #000000;\"> Tel.: 0711\/85 99 395, E-Mail:<\/span> <a href=\"mailto:an@schreiberei-b-lange.de\" target=\"_blank\">an@schreiberei-b-lange.de<\/a>, Web: <a href=\"http:\/\/www.schreiberei-b-lange.de\" target=\"_blank\">www.schreiberei-b-lange.de<\/a><\/p>\n<p><span style=\"color: #000000;\"><span style=\"text-decoration: underline;\">Grafik:<\/span><br \/>\n<\/span><span style=\"color: #000000;\">Cathrin Rapp, <\/span><span style=\"color: #000000;\">B\u00dcRO PETIT \/\/ VISUELLE KOMMUNIKATION,<br \/>\nTel.: 07153\/92 29 656, E-Mail: <a href=\"mailto:post@bueropetit.de\" target=\"_blank\">post@bueropetit.de<\/a>, Web: <a href=\"http:\/\/www.bueropetit.de\" target=\"_blank\">www.bueropetit.de<\/a><\/span><\/p>\n<p><span style=\"color: #000000;\"><span style=\"text-decoration: underline;\">Internetdienstleistungen und Softwareentwicklung:<\/span><br \/>\n<\/span><span style=\"color: #000000;\">Dipl.-Inf. Martin Kunzelnick, <\/span><span style=\"color: #000000;\">bitspirits,<br \/>\nTel.: 0711\/220 60 888, E-Mail: <a href=\"mailto:info@bitspirits.de\" target=\"_blank\">info@bitspirits.de<\/a>, Web: <span style=\"color: #ff6600;\"><a style=\"color: #ff6600;\" href=\"http:\/\/www.bitspirits.de\" target=\"_blank\">www.bitspirits.de<\/a><\/span><\/span><\/p>\n<\/div>\n","protected":false},"excerpt":{"rendered":"<p>Kennen Sie Rudolf Schmid und Hermann Schmid? Als der Stuttgarter Kaufmann Rudolf Schmid 1994 starb &#8211; zwei Jahre nach seinem Bruder Hermann Schmid &#8211; hatte er ihr gemeinsames Verm\u00e4chtnis im Detail geregelt. Die beiden Br\u00fcder brachten ihr viele Millionen D-Mark umfassendes Verm\u00f6gen in eine rechtlich unselbst\u00e4ndige Stiftung ein, die von der Stadt Stuttgart verwaltet wird. [&hellip;]<\/p>\n","protected":false},"author":1,"featured_media":0,"parent":0,"menu_order":0,"comment_status":"closed","ping_status":"closed","template":"","meta":[],"yoast_head":"<!-- This site is optimized with the Yoast SEO plugin v18.4.1 - https:\/\/yoast.com\/wordpress\/plugins\/seo\/ -->\n<title>Veranstalter - Fachtagung<\/title>\n<meta name=\"robots\" content=\"index, follow, max-snippet:-1, max-image-preview:large, max-video-preview:-1\" \/>\n<link rel=\"canonical\" href=\"https:\/\/gebrueder-schmid-zentrum.de\/fachtagung\/veranstalter\/\" \/>\n<meta property=\"og:locale\" content=\"de_DE\" \/>\n<meta property=\"og:type\" content=\"article\" \/>\n<meta property=\"og:title\" content=\"Veranstalter - Fachtagung\" \/>\n<meta property=\"og:description\" content=\"Kennen Sie Rudolf Schmid und Hermann Schmid? Als der Stuttgarter Kaufmann Rudolf Schmid 1994 starb &#8211; zwei Jahre nach seinem Bruder Hermann Schmid &#8211; hatte er ihr gemeinsames Verm\u00e4chtnis im Detail geregelt. Die beiden Br\u00fcder brachten ihr viele Millionen D-Mark umfassendes Verm\u00f6gen in eine rechtlich unselbst\u00e4ndige Stiftung ein, die von der Stadt Stuttgart verwaltet wird. [&hellip;]\" \/>\n<meta property=\"og:url\" content=\"https:\/\/gebrueder-schmid-zentrum.de\/fachtagung\/veranstalter\/\" \/>\n<meta property=\"og:site_name\" content=\"Fachtagung\" \/>\n<meta property=\"article:modified_time\" content=\"2016-11-16T09:16:43+00:00\" \/>\n<meta name=\"twitter:card\" content=\"summary\" \/>\n<meta name=\"twitter:label1\" content=\"Gesch\u00e4tzte Lesezeit\" \/>\n\t<meta name=\"twitter:data1\" content=\"1\u00a0Minute\" \/>\n<script type=\"application\/ld+json\" class=\"yoast-schema-graph\">{\"@context\":\"https:\/\/schema.org\",\"@graph\":[{\"@type\":\"WebSite\",\"@id\":\"https:\/\/gebrueder-schmid-zentrum.de\/fachtagung\/#website\",\"url\":\"https:\/\/gebrueder-schmid-zentrum.de\/fachtagung\/\",\"name\":\"Fachtagung\",\"description\":\"\",\"potentialAction\":[{\"@type\":\"SearchAction\",\"target\":{\"@type\":\"EntryPoint\",\"urlTemplate\":\"https:\/\/gebrueder-schmid-zentrum.de\/fachtagung\/?s={search_term_string}\"},\"query-input\":\"required name=search_term_string\"}],\"inLanguage\":\"de\"},{\"@type\":\"WebPage\",\"@id\":\"https:\/\/gebrueder-schmid-zentrum.de\/fachtagung\/veranstalter\/#webpage\",\"url\":\"https:\/\/gebrueder-schmid-zentrum.de\/fachtagung\/veranstalter\/\",\"name\":\"Veranstalter - Fachtagung\",\"isPartOf\":{\"@id\":\"https:\/\/gebrueder-schmid-zentrum.de\/fachtagung\/#website\"},\"datePublished\":\"2016-06-09T15:51:23+00:00\",\"dateModified\":\"2016-11-16T09:16:43+00:00\",\"breadcrumb\":{\"@id\":\"https:\/\/gebrueder-schmid-zentrum.de\/fachtagung\/veranstalter\/#breadcrumb\"},\"inLanguage\":\"de\",\"potentialAction\":[{\"@type\":\"ReadAction\",\"target\":[\"https:\/\/gebrueder-schmid-zentrum.de\/fachtagung\/veranstalter\/\"]}]},{\"@type\":\"BreadcrumbList\",\"@id\":\"https:\/\/gebrueder-schmid-zentrum.de\/fachtagung\/veranstalter\/#breadcrumb\",\"itemListElement\":[{\"@type\":\"ListItem\",\"position\":1,\"name\":\"Startseite\",\"item\":\"https:\/\/gebrueder-schmid-zentrum.de\/fachtagung\/\"},{\"@type\":\"ListItem\",\"position\":2,\"name\":\"Veranstalter\"}]}]}<\/script>\n<!-- \/ Yoast SEO plugin. -->","yoast_head_json":{"title":"Veranstalter - Fachtagung","robots":{"index":"index","follow":"follow","max-snippet":"max-snippet:-1","max-image-preview":"max-image-preview:large","max-video-preview":"max-video-preview:-1"},"canonical":"https:\/\/gebrueder-schmid-zentrum.de\/fachtagung\/veranstalter\/","og_locale":"de_DE","og_type":"article","og_title":"Veranstalter - Fachtagung","og_description":"Kennen Sie Rudolf Schmid und Hermann Schmid? Als der Stuttgarter Kaufmann Rudolf Schmid 1994 starb &#8211; zwei Jahre nach seinem Bruder Hermann Schmid &#8211; hatte er ihr gemeinsames Verm\u00e4chtnis im Detail geregelt. Die beiden Br\u00fcder brachten ihr viele Millionen D-Mark umfassendes Verm\u00f6gen in eine rechtlich unselbst\u00e4ndige Stiftung ein, die von der Stadt Stuttgart verwaltet wird. [&hellip;]","og_url":"https:\/\/gebrueder-schmid-zentrum.de\/fachtagung\/veranstalter\/","og_site_name":"Fachtagung","article_modified_time":"2016-11-16T09:16:43+00:00","twitter_card":"summary","twitter_misc":{"Gesch\u00e4tzte Lesezeit":"1\u00a0Minute"},"schema":{"@context":"https:\/\/schema.org","@graph":[{"@type":"WebSite","@id":"https:\/\/gebrueder-schmid-zentrum.de\/fachtagung\/#website","url":"https:\/\/gebrueder-schmid-zentrum.de\/fachtagung\/","name":"Fachtagung","description":"","potentialAction":[{"@type":"SearchAction","target":{"@type":"EntryPoint","urlTemplate":"https:\/\/gebrueder-schmid-zentrum.de\/fachtagung\/?s={search_term_string}"},"query-input":"required name=search_term_string"}],"inLanguage":"de"},{"@type":"WebPage","@id":"https:\/\/gebrueder-schmid-zentrum.de\/fachtagung\/veranstalter\/#webpage","url":"https:\/\/gebrueder-schmid-zentrum.de\/fachtagung\/veranstalter\/","name":"Veranstalter - Fachtagung","isPartOf":{"@id":"https:\/\/gebrueder-schmid-zentrum.de\/fachtagung\/#website"},"datePublished":"2016-06-09T15:51:23+00:00","dateModified":"2016-11-16T09:16:43+00:00","breadcrumb":{"@id":"https:\/\/gebrueder-schmid-zentrum.de\/fachtagung\/veranstalter\/#breadcrumb"},"inLanguage":"de","potentialAction":[{"@type":"ReadAction","target":["https:\/\/gebrueder-schmid-zentrum.de\/fachtagung\/veranstalter\/"]}]},{"@type":"BreadcrumbList","@id":"https:\/\/gebrueder-schmid-zentrum.de\/fachtagung\/veranstalter\/#breadcrumb","itemListElement":[{"@type":"ListItem","position":1,"name":"Startseite","item":"https:\/\/gebrueder-schmid-zentrum.de\/fachtagung\/"},{"@type":"ListItem","position":2,"name":"Veranstalter"}]}]}},"_links":{"self":[{"href":"https:\/\/gebrueder-schmid-zentrum.de\/fachtagung\/wp-json\/wp\/v2\/pages\/15"}],"collection":[{"href":"https:\/\/gebrueder-schmid-zentrum.de\/fachtagung\/wp-json\/wp\/v2\/pages"}],"about":[{"href":"https:\/\/gebrueder-schmid-zentrum.de\/fachtagung\/wp-json\/wp\/v2\/types\/page"}],"author":[{"embeddable":true,"href":"https:\/\/gebrueder-schmid-zentrum.de\/fachtagung\/wp-json\/wp\/v2\/users\/1"}],"replies":[{"embeddable":true,"href":"https:\/\/gebrueder-schmid-zentrum.de\/fachtagung\/wp-json\/wp\/v2\/comments?post=15"}],"version-history":[{"count":32,"href":"https:\/\/gebrueder-schmid-zentrum.de\/fachtagung\/wp-json\/wp\/v2\/pages\/15\/revisions"}],"predecessor-version":[{"id":988,"href":"https:\/\/gebrueder-schmid-zentrum.de\/fachtagung\/wp-json\/wp\/v2\/pages\/15\/revisions\/988"}],"wp:attachment":[{"href":"https:\/\/gebrueder-schmid-zentrum.de\/fachtagung\/wp-json\/wp\/v2\/media?parent=15"}],"curies":[{"name":"wp","href":"https:\/\/api.w.org\/{rel}","templated":true}]}}