{"id":115,"date":"2016-09-13T18:17:29","date_gmt":"2016-09-13T16:17:29","guid":{"rendered":"http:\/\/gebrueder-schmid-zentrum.de\/fachtagung\/?page_id=115"},"modified":"2016-09-30T14:25:58","modified_gmt":"2016-09-30T12:25:58","slug":"dr-ha-vinh-tho-programmdirektor-des-zentrums-fuer-bruttonationalglueck-in-bhutan","status":"publish","type":"page","link":"https:\/\/gebrueder-schmid-zentrum.de\/fachtagung\/dr-ha-vinh-tho-programmdirektor-des-zentrums-fuer-bruttonationalglueck-in-bhutan\/","title":{"rendered":"Dr. Tho Ha Vinh &#8211; Kurzbiografie"},"content":{"rendered":"<h4>\n<img loading=\"lazy\" class=\"alignleft wp-image-915\" title=\"Foto: Dr. Tho Ha Vinh\" src=\"http:\/\/gebrueder-schmid-zentrum.de\/fachtagung\/wp-content\/uploads\/2016\/09\/Neues-Bild-Kopie-1.bmp\" width=\"309\" height=\"254\" \/><span style=\"color: #000000;\"><strong>Dr. Tho Ha Vinh leitet das \u201eGross National Happiness Centre\u201c in Thimphu, der Hauptstadt Bhutans. Der geb\u00fcrtige Vietnamese arbeitete viele Jahre beim Internationalen Komitee des Roten Kreuzes in Krisengebieten der Erde und h\u00e4lt Vortr\u00e4ge rund um den Globus. Weltweit unterst\u00fctzt er \u2013 besonders in Vietnam \u2013 Hilfsprojekte auf dem Gebiet der \u00d6kologie, der Erziehung und der sozialen Erneuerung.<\/strong><\/span><\/h4>\n<p><span style=\"color: #000000;\"><strong>Dr. Tho Ha Vinh ist au\u00dferdem Buddhistischer Lehrer in der Vietnamesischen Zen Tradition (Ven. Thich Nhat Hanh).<\/strong><\/span><\/p>\n","protected":false},"excerpt":{"rendered":"<p>Dr. Tho Ha Vinh leitet das \u201eGross National Happiness Centre\u201c in Thimphu, der Hauptstadt Bhutans. Der geb\u00fcrtige Vietnamese arbeitete viele Jahre beim Internationalen Komitee des Roten Kreuzes in Krisengebieten der Erde und h\u00e4lt Vortr\u00e4ge rund um den Globus. Weltweit unterst\u00fctzt er \u2013 besonders in Vietnam \u2013 Hilfsprojekte auf dem Gebiet der \u00d6kologie, der Erziehung und [&hellip;]<\/p>\n","protected":false},"author":2,"featured_media":0,"parent":0,"menu_order":0,"comment_status":"closed","ping_status":"closed","template":"","meta":[],"yoast_head":"<!-- This site is optimized with the Yoast SEO plugin v18.4.1 - https:\/\/yoast.com\/wordpress\/plugins\/seo\/ -->\n<title>Dr. Tho Ha Vinh - Kurzbiografie - Fachtagung<\/title>\n<meta name=\"robots\" content=\"index, follow, max-snippet:-1, max-image-preview:large, max-video-preview:-1\" \/>\n<link rel=\"canonical\" href=\"https:\/\/gebrueder-schmid-zentrum.de\/fachtagung\/dr-ha-vinh-tho-programmdirektor-des-zentrums-fuer-bruttonationalglueck-in-bhutan\/\" \/>\n<meta property=\"og:locale\" content=\"de_DE\" \/>\n<meta property=\"og:type\" content=\"article\" \/>\n<meta property=\"og:title\" content=\"Dr. Tho Ha Vinh - Kurzbiografie - Fachtagung\" \/>\n<meta property=\"og:description\" content=\"Dr. Tho Ha Vinh leitet das \u201eGross National Happiness Centre\u201c in Thimphu, der Hauptstadt Bhutans. Der geb\u00fcrtige Vietnamese arbeitete viele Jahre beim Internationalen Komitee des Roten Kreuzes in Krisengebieten der Erde und h\u00e4lt Vortr\u00e4ge rund um den Globus. Weltweit unterst\u00fctzt er \u2013 besonders in Vietnam \u2013 Hilfsprojekte auf dem Gebiet der \u00d6kologie, der Erziehung und [&hellip;]\" \/>\n<meta property=\"og:url\" content=\"https:\/\/gebrueder-schmid-zentrum.de\/fachtagung\/dr-ha-vinh-tho-programmdirektor-des-zentrums-fuer-bruttonationalglueck-in-bhutan\/\" \/>\n<meta property=\"og:site_name\" content=\"Fachtagung\" \/>\n<meta property=\"article:modified_time\" content=\"2016-09-30T12:25:58+00:00\" \/>\n<meta property=\"og:image\" content=\"http:\/\/gebrueder-schmid-zentrum.de\/fachtagung\/wp-content\/uploads\/2016\/09\/Neues-Bild-Kopie-1.bmp\" \/>\n<meta name=\"twitter:card\" content=\"summary\" \/>\n<script type=\"application\/ld+json\" class=\"yoast-schema-graph\">{\"@context\":\"https:\/\/schema.org\",\"@graph\":[{\"@type\":\"WebSite\",\"@id\":\"https:\/\/gebrueder-schmid-zentrum.de\/fachtagung\/#website\",\"url\":\"https:\/\/gebrueder-schmid-zentrum.de\/fachtagung\/\",\"name\":\"Fachtagung\",\"description\":\"\",\"potentialAction\":[{\"@type\":\"SearchAction\",\"target\":{\"@type\":\"EntryPoint\",\"urlTemplate\":\"https:\/\/gebrueder-schmid-zentrum.de\/fachtagung\/?s={search_term_string}\"},\"query-input\":\"required name=search_term_string\"}],\"inLanguage\":\"de\"},{\"@type\":\"ImageObject\",\"@id\":\"https:\/\/gebrueder-schmid-zentrum.de\/fachtagung\/dr-ha-vinh-tho-programmdirektor-des-zentrums-fuer-bruttonationalglueck-in-bhutan\/#primaryimage\",\"inLanguage\":\"de\",\"url\":\"http:\/\/gebrueder-schmid-zentrum.de\/fachtagung\/wp-content\/uploads\/2016\/09\/Neues-Bild-Kopie-1.bmp\",\"contentUrl\":\"http:\/\/gebrueder-schmid-zentrum.de\/fachtagung\/wp-content\/uploads\/2016\/09\/Neues-Bild-Kopie-1.bmp\"},{\"@type\":\"WebPage\",\"@id\":\"https:\/\/gebrueder-schmid-zentrum.de\/fachtagung\/dr-ha-vinh-tho-programmdirektor-des-zentrums-fuer-bruttonationalglueck-in-bhutan\/#webpage\",\"url\":\"https:\/\/gebrueder-schmid-zentrum.de\/fachtagung\/dr-ha-vinh-tho-programmdirektor-des-zentrums-fuer-bruttonationalglueck-in-bhutan\/\",\"name\":\"Dr. Tho Ha Vinh - Kurzbiografie - Fachtagung\",\"isPartOf\":{\"@id\":\"https:\/\/gebrueder-schmid-zentrum.de\/fachtagung\/#website\"},\"primaryImageOfPage\":{\"@id\":\"https:\/\/gebrueder-schmid-zentrum.de\/fachtagung\/dr-ha-vinh-tho-programmdirektor-des-zentrums-fuer-bruttonationalglueck-in-bhutan\/#primaryimage\"},\"datePublished\":\"2016-09-13T16:17:29+00:00\",\"dateModified\":\"2016-09-30T12:25:58+00:00\",\"breadcrumb\":{\"@id\":\"https:\/\/gebrueder-schmid-zentrum.de\/fachtagung\/dr-ha-vinh-tho-programmdirektor-des-zentrums-fuer-bruttonationalglueck-in-bhutan\/#breadcrumb\"},\"inLanguage\":\"de\",\"potentialAction\":[{\"@type\":\"ReadAction\",\"target\":[\"https:\/\/gebrueder-schmid-zentrum.de\/fachtagung\/dr-ha-vinh-tho-programmdirektor-des-zentrums-fuer-bruttonationalglueck-in-bhutan\/\"]}]},{\"@type\":\"BreadcrumbList\",\"@id\":\"https:\/\/gebrueder-schmid-zentrum.de\/fachtagung\/dr-ha-vinh-tho-programmdirektor-des-zentrums-fuer-bruttonationalglueck-in-bhutan\/#breadcrumb\",\"itemListElement\":[{\"@type\":\"ListItem\",\"position\":1,\"name\":\"Startseite\",\"item\":\"https:\/\/gebrueder-schmid-zentrum.de\/fachtagung\/\"},{\"@type\":\"ListItem\",\"position\":2,\"name\":\"Dr. Tho Ha Vinh &#8211; Kurzbiografie\"}]}]}<\/script>\n<!-- \/ Yoast SEO plugin. -->","yoast_head_json":{"title":"Dr. Tho Ha Vinh - Kurzbiografie - Fachtagung","robots":{"index":"index","follow":"follow","max-snippet":"max-snippet:-1","max-image-preview":"max-image-preview:large","max-video-preview":"max-video-preview:-1"},"canonical":"https:\/\/gebrueder-schmid-zentrum.de\/fachtagung\/dr-ha-vinh-tho-programmdirektor-des-zentrums-fuer-bruttonationalglueck-in-bhutan\/","og_locale":"de_DE","og_type":"article","og_title":"Dr. Tho Ha Vinh - Kurzbiografie - Fachtagung","og_description":"Dr. Tho Ha Vinh leitet das \u201eGross National Happiness Centre\u201c in Thimphu, der Hauptstadt Bhutans. Der geb\u00fcrtige Vietnamese arbeitete viele Jahre beim Internationalen Komitee des Roten Kreuzes in Krisengebieten der Erde und h\u00e4lt Vortr\u00e4ge rund um den Globus. Weltweit unterst\u00fctzt er \u2013 besonders in Vietnam \u2013 Hilfsprojekte auf dem Gebiet der \u00d6kologie, der Erziehung und [&hellip;]","og_url":"https:\/\/gebrueder-schmid-zentrum.de\/fachtagung\/dr-ha-vinh-tho-programmdirektor-des-zentrums-fuer-bruttonationalglueck-in-bhutan\/","og_site_name":"Fachtagung","article_modified_time":"2016-09-30T12:25:58+00:00","og_image":[{"url":"http:\/\/gebrueder-schmid-zentrum.de\/fachtagung\/wp-content\/uploads\/2016\/09\/Neues-Bild-Kopie-1.bmp"}],"twitter_card":"summary","schema":{"@context":"https:\/\/schema.org","@graph":[{"@type":"WebSite","@id":"https:\/\/gebrueder-schmid-zentrum.de\/fachtagung\/#website","url":"https:\/\/gebrueder-schmid-zentrum.de\/fachtagung\/","name":"Fachtagung","description":"","potentialAction":[{"@type":"SearchAction","target":{"@type":"EntryPoint","urlTemplate":"https:\/\/gebrueder-schmid-zentrum.de\/fachtagung\/?s={search_term_string}"},"query-input":"required name=search_term_string"}],"inLanguage":"de"},{"@type":"ImageObject","@id":"https:\/\/gebrueder-schmid-zentrum.de\/fachtagung\/dr-ha-vinh-tho-programmdirektor-des-zentrums-fuer-bruttonationalglueck-in-bhutan\/#primaryimage","inLanguage":"de","url":"http:\/\/gebrueder-schmid-zentrum.de\/fachtagung\/wp-content\/uploads\/2016\/09\/Neues-Bild-Kopie-1.bmp","contentUrl":"http:\/\/gebrueder-schmid-zentrum.de\/fachtagung\/wp-content\/uploads\/2016\/09\/Neues-Bild-Kopie-1.bmp"},{"@type":"WebPage","@id":"https:\/\/gebrueder-schmid-zentrum.de\/fachtagung\/dr-ha-vinh-tho-programmdirektor-des-zentrums-fuer-bruttonationalglueck-in-bhutan\/#webpage","url":"https:\/\/gebrueder-schmid-zentrum.de\/fachtagung\/dr-ha-vinh-tho-programmdirektor-des-zentrums-fuer-bruttonationalglueck-in-bhutan\/","name":"Dr. Tho Ha Vinh - Kurzbiografie - Fachtagung","isPartOf":{"@id":"https:\/\/gebrueder-schmid-zentrum.de\/fachtagung\/#website"},"primaryImageOfPage":{"@id":"https:\/\/gebrueder-schmid-zentrum.de\/fachtagung\/dr-ha-vinh-tho-programmdirektor-des-zentrums-fuer-bruttonationalglueck-in-bhutan\/#primaryimage"},"datePublished":"2016-09-13T16:17:29+00:00","dateModified":"2016-09-30T12:25:58+00:00","breadcrumb":{"@id":"https:\/\/gebrueder-schmid-zentrum.de\/fachtagung\/dr-ha-vinh-tho-programmdirektor-des-zentrums-fuer-bruttonationalglueck-in-bhutan\/#breadcrumb"},"inLanguage":"de","potentialAction":[{"@type":"ReadAction","target":["https:\/\/gebrueder-schmid-zentrum.de\/fachtagung\/dr-ha-vinh-tho-programmdirektor-des-zentrums-fuer-bruttonationalglueck-in-bhutan\/"]}]},{"@type":"BreadcrumbList","@id":"https:\/\/gebrueder-schmid-zentrum.de\/fachtagung\/dr-ha-vinh-tho-programmdirektor-des-zentrums-fuer-bruttonationalglueck-in-bhutan\/#breadcrumb","itemListElement":[{"@type":"ListItem","position":1,"name":"Startseite","item":"https:\/\/gebrueder-schmid-zentrum.de\/fachtagung\/"},{"@type":"ListItem","position":2,"name":"Dr. Tho Ha Vinh &#8211; Kurzbiografie"}]}]}},"_links":{"self":[{"href":"https:\/\/gebrueder-schmid-zentrum.de\/fachtagung\/wp-json\/wp\/v2\/pages\/115"}],"collection":[{"href":"https:\/\/gebrueder-schmid-zentrum.de\/fachtagung\/wp-json\/wp\/v2\/pages"}],"about":[{"href":"https:\/\/gebrueder-schmid-zentrum.de\/fachtagung\/wp-json\/wp\/v2\/types\/page"}],"author":[{"embeddable":true,"href":"https:\/\/gebrueder-schmid-zentrum.de\/fachtagung\/wp-json\/wp\/v2\/users\/2"}],"replies":[{"embeddable":true,"href":"https:\/\/gebrueder-schmid-zentrum.de\/fachtagung\/wp-json\/wp\/v2\/comments?post=115"}],"version-history":[{"count":29,"href":"https:\/\/gebrueder-schmid-zentrum.de\/fachtagung\/wp-json\/wp\/v2\/pages\/115\/revisions"}],"predecessor-version":[{"id":966,"href":"https:\/\/gebrueder-schmid-zentrum.de\/fachtagung\/wp-json\/wp\/v2\/pages\/115\/revisions\/966"}],"wp:attachment":[{"href":"https:\/\/gebrueder-schmid-zentrum.de\/fachtagung\/wp-json\/wp\/v2\/media?parent=115"}],"curies":[{"name":"wp","href":"https:\/\/api.w.org\/{rel}","templated":true}]}}