{"id":1009,"date":"2016-10-11T18:14:13","date_gmt":"2016-10-11T16:14:13","guid":{"rendered":"http:\/\/gebrueder-schmid-zentrum.de\/fachtagung\/?page_id=1009"},"modified":"2016-10-11T18:14:13","modified_gmt":"2016-10-11T16:14:13","slug":"kurzbiografie-ines-fueldner-martinez","status":"publish","type":"page","link":"https:\/\/gebrueder-schmid-zentrum.de\/fachtagung\/kurzbiografie-ines-fueldner-martinez\/","title":{"rendered":"Kurzbiografie Ines F\u00fcldner-Martinez"},"content":{"rendered":"<p><img loading=\"lazy\" class=\"alignleft wp-image-1011 size-full\" src=\"http:\/\/gebrueder-schmid-zentrum.de\/fachtagung\/wp-content\/uploads\/2016\/10\/ines_martinez.jpg\" alt=\"Foto Ines Martinez\" width=\"210\" height=\"190\" \/>Ines F\u00fcldner wurde am 03.02.1966 in Frankfurt Hoechst geboren. Im Alter von 7-12 Jahren erhielt sie klassischen Klavier- und Ballettunterricht.<\/p>\n<p><strong>Ausbildung:<br \/>\n1984 <\/strong>Abitur in Reutlingen<br \/>\n<strong>1981-87 <\/strong>Auftritte und Studioauftr\u00e4ge als S\u00e4ngerin. Beste Reutlinger Nachwuchsband 1987.<\/p>\n<p><strong>1985-91 <\/strong>Private Gesangsausbildung Klassik\/Jazz bei E. Wacker, Pfullingen,<br \/>\nStaatsexamen Musik und Theaterp\u00e4dagogik PH Ludwigsburg, Hauptinstrument Gesang<br \/>\n<strong>1981-92 <\/strong>Modern Dance Ausbildung in Stuttgart und Z\u00fcrich<\/p>\n<p><strong>B\u00fchnenprojekte:<\/strong><\/p>\n<p><strong>1991-2002<\/strong><br \/>\nSopranistin des erfolgreichen Stuttgarter Vokaltrios HONEY PIE, deutschlandweite Live- und Fernsehauftritte: Nachtcafe, Der Grosse Preis, H\u00fcsch &amp; Co, bei Rias Bigband Berlin und SWR Bigband Stuttgart, div. Vocalfestivals u. v. m.,<br \/>\n5 CD Produktionen bei Tonstudios Bauer, Ludwigsburg und Atlantis Reutlingen<\/p>\n<p><strong>Seit 1991<\/strong><br \/>\n<em>Moderatorin:<\/em> Porsche Tennis Grand Prix 2006, Stuttgarter Besen\/Kabarettfestival, Fachtage f\u00fcr Sozialministerium BW oder Baden W\u00fcrttembergische Institutionen etc.<\/p>\n<p><em>Coach f\u00fcr Moderatoren: <\/em>B\u00fchnen- u. Selbstpr\u00e4sentation: SWR\/ CMT, F\u00fchrungsakademie KA, Mercedes, EnBW, div. Ch\u00f6re, Einzelcoachings u. a.<\/p>\n<p><strong>Seit 1997<\/strong><br \/>\nGr\u00fcnderin, Dirigentin, Arrangeurin und Solistin des Stuttgarter Frauenjazzchores DER WUNDERBARE FRAUENCHOR (Liveaufritte, u. a. Theater der Welt 2005)<\/p>\n<p><strong>2001-2002<\/strong><br \/>\nSopranistin beim Musical CATS, Stuttgart<\/p>\n<p><strong>Ines Martinez <\/strong>gewann mit ihrer ersten Musikkabarettshow \u201eFrosch am Hals\u201c den <strong>Kleinkunstpreis des Landes Baden W\u00fcrttemberg 2003. <\/strong>Sie hat 5 eigene CDs produziert, reist mit ihren Liveprogrammen durch Deutschland, \u00d6sterreich und die Schweiz und ist regelm\u00e4\u00dfig auf B\u00fchnen als S\u00e4ngerin zu sehen (u. a. Bonn Pantheon, tipi Berlin, St Pauli Theater Hamburg, Musical Theater Basel, Staatstheater Mannheim, bei SWR, NDR, SR, und live u. a. in Stuttgart seit 25 Jahren in Theaterhaus und Renitenztheater).<\/p>\n<p>Ines Martinez hat einen Sohn und lebt in Stuttgart.<\/p>\n<p><strong>\u00a0<\/strong><\/p>\n","protected":false},"excerpt":{"rendered":"<p>Ines F\u00fcldner wurde am 03.02.1966 in Frankfurt Hoechst geboren. Im Alter von 7-12 Jahren erhielt sie klassischen Klavier- und Ballettunterricht. Ausbildung: 1984 Abitur in Reutlingen 1981-87 Auftritte und Studioauftr\u00e4ge als S\u00e4ngerin. Beste Reutlinger Nachwuchsband 1987. 1985-91 Private Gesangsausbildung Klassik\/Jazz bei E. Wacker, Pfullingen, Staatsexamen Musik und Theaterp\u00e4dagogik PH Ludwigsburg, Hauptinstrument Gesang 1981-92 Modern Dance Ausbildung [&hellip;]<\/p>\n","protected":false},"author":2,"featured_media":0,"parent":0,"menu_order":0,"comment_status":"closed","ping_status":"closed","template":"","meta":[],"yoast_head":"<!-- This site is optimized with the Yoast SEO plugin v18.4.1 - https:\/\/yoast.com\/wordpress\/plugins\/seo\/ -->\n<title>Kurzbiografie Ines F\u00fcldner-Martinez - Fachtagung<\/title>\n<meta name=\"robots\" content=\"index, follow, max-snippet:-1, max-image-preview:large, max-video-preview:-1\" \/>\n<link rel=\"canonical\" href=\"https:\/\/gebrueder-schmid-zentrum.de\/fachtagung\/kurzbiografie-ines-fueldner-martinez\/\" \/>\n<meta property=\"og:locale\" content=\"de_DE\" \/>\n<meta property=\"og:type\" content=\"article\" \/>\n<meta property=\"og:title\" content=\"Kurzbiografie Ines F\u00fcldner-Martinez - Fachtagung\" \/>\n<meta property=\"og:description\" content=\"Ines F\u00fcldner wurde am 03.02.1966 in Frankfurt Hoechst geboren. Im Alter von 7-12 Jahren erhielt sie klassischen Klavier- und Ballettunterricht. Ausbildung: 1984 Abitur in Reutlingen 1981-87 Auftritte und Studioauftr\u00e4ge als S\u00e4ngerin. Beste Reutlinger Nachwuchsband 1987. 1985-91 Private Gesangsausbildung Klassik\/Jazz bei E. Wacker, Pfullingen, Staatsexamen Musik und Theaterp\u00e4dagogik PH Ludwigsburg, Hauptinstrument Gesang 1981-92 Modern Dance Ausbildung [&hellip;]\" \/>\n<meta property=\"og:url\" content=\"https:\/\/gebrueder-schmid-zentrum.de\/fachtagung\/kurzbiografie-ines-fueldner-martinez\/\" \/>\n<meta property=\"og:site_name\" content=\"Fachtagung\" \/>\n<meta property=\"og:image\" content=\"http:\/\/gebrueder-schmid-zentrum.de\/fachtagung\/wp-content\/uploads\/2016\/10\/ines_martinez.jpg\" \/>\n<meta name=\"twitter:card\" content=\"summary\" \/>\n<meta name=\"twitter:label1\" content=\"Gesch\u00e4tzte Lesezeit\" \/>\n\t<meta name=\"twitter:data1\" content=\"1\u00a0Minute\" \/>\n<script type=\"application\/ld+json\" class=\"yoast-schema-graph\">{\"@context\":\"https:\/\/schema.org\",\"@graph\":[{\"@type\":\"WebSite\",\"@id\":\"https:\/\/gebrueder-schmid-zentrum.de\/fachtagung\/#website\",\"url\":\"https:\/\/gebrueder-schmid-zentrum.de\/fachtagung\/\",\"name\":\"Fachtagung\",\"description\":\"\",\"potentialAction\":[{\"@type\":\"SearchAction\",\"target\":{\"@type\":\"EntryPoint\",\"urlTemplate\":\"https:\/\/gebrueder-schmid-zentrum.de\/fachtagung\/?s={search_term_string}\"},\"query-input\":\"required name=search_term_string\"}],\"inLanguage\":\"de\"},{\"@type\":\"ImageObject\",\"@id\":\"https:\/\/gebrueder-schmid-zentrum.de\/fachtagung\/kurzbiografie-ines-fueldner-martinez\/#primaryimage\",\"inLanguage\":\"de\",\"url\":\"http:\/\/gebrueder-schmid-zentrum.de\/fachtagung\/wp-content\/uploads\/2016\/10\/ines_martinez.jpg\",\"contentUrl\":\"http:\/\/gebrueder-schmid-zentrum.de\/fachtagung\/wp-content\/uploads\/2016\/10\/ines_martinez.jpg\"},{\"@type\":\"WebPage\",\"@id\":\"https:\/\/gebrueder-schmid-zentrum.de\/fachtagung\/kurzbiografie-ines-fueldner-martinez\/#webpage\",\"url\":\"https:\/\/gebrueder-schmid-zentrum.de\/fachtagung\/kurzbiografie-ines-fueldner-martinez\/\",\"name\":\"Kurzbiografie Ines F\u00fcldner-Martinez - Fachtagung\",\"isPartOf\":{\"@id\":\"https:\/\/gebrueder-schmid-zentrum.de\/fachtagung\/#website\"},\"primaryImageOfPage\":{\"@id\":\"https:\/\/gebrueder-schmid-zentrum.de\/fachtagung\/kurzbiografie-ines-fueldner-martinez\/#primaryimage\"},\"datePublished\":\"2016-10-11T16:14:13+00:00\",\"dateModified\":\"2016-10-11T16:14:13+00:00\",\"breadcrumb\":{\"@id\":\"https:\/\/gebrueder-schmid-zentrum.de\/fachtagung\/kurzbiografie-ines-fueldner-martinez\/#breadcrumb\"},\"inLanguage\":\"de\",\"potentialAction\":[{\"@type\":\"ReadAction\",\"target\":[\"https:\/\/gebrueder-schmid-zentrum.de\/fachtagung\/kurzbiografie-ines-fueldner-martinez\/\"]}]},{\"@type\":\"BreadcrumbList\",\"@id\":\"https:\/\/gebrueder-schmid-zentrum.de\/fachtagung\/kurzbiografie-ines-fueldner-martinez\/#breadcrumb\",\"itemListElement\":[{\"@type\":\"ListItem\",\"position\":1,\"name\":\"Startseite\",\"item\":\"https:\/\/gebrueder-schmid-zentrum.de\/fachtagung\/\"},{\"@type\":\"ListItem\",\"position\":2,\"name\":\"Kurzbiografie Ines F\u00fcldner-Martinez\"}]}]}<\/script>\n<!-- \/ Yoast SEO plugin. -->","yoast_head_json":{"title":"Kurzbiografie Ines F\u00fcldner-Martinez - Fachtagung","robots":{"index":"index","follow":"follow","max-snippet":"max-snippet:-1","max-image-preview":"max-image-preview:large","max-video-preview":"max-video-preview:-1"},"canonical":"https:\/\/gebrueder-schmid-zentrum.de\/fachtagung\/kurzbiografie-ines-fueldner-martinez\/","og_locale":"de_DE","og_type":"article","og_title":"Kurzbiografie Ines F\u00fcldner-Martinez - Fachtagung","og_description":"Ines F\u00fcldner wurde am 03.02.1966 in Frankfurt Hoechst geboren. Im Alter von 7-12 Jahren erhielt sie klassischen Klavier- und Ballettunterricht. Ausbildung: 1984 Abitur in Reutlingen 1981-87 Auftritte und Studioauftr\u00e4ge als S\u00e4ngerin. Beste Reutlinger Nachwuchsband 1987. 1985-91 Private Gesangsausbildung Klassik\/Jazz bei E. Wacker, Pfullingen, Staatsexamen Musik und Theaterp\u00e4dagogik PH Ludwigsburg, Hauptinstrument Gesang 1981-92 Modern Dance Ausbildung [&hellip;]","og_url":"https:\/\/gebrueder-schmid-zentrum.de\/fachtagung\/kurzbiografie-ines-fueldner-martinez\/","og_site_name":"Fachtagung","og_image":[{"url":"http:\/\/gebrueder-schmid-zentrum.de\/fachtagung\/wp-content\/uploads\/2016\/10\/ines_martinez.jpg"}],"twitter_card":"summary","twitter_misc":{"Gesch\u00e4tzte Lesezeit":"1\u00a0Minute"},"schema":{"@context":"https:\/\/schema.org","@graph":[{"@type":"WebSite","@id":"https:\/\/gebrueder-schmid-zentrum.de\/fachtagung\/#website","url":"https:\/\/gebrueder-schmid-zentrum.de\/fachtagung\/","name":"Fachtagung","description":"","potentialAction":[{"@type":"SearchAction","target":{"@type":"EntryPoint","urlTemplate":"https:\/\/gebrueder-schmid-zentrum.de\/fachtagung\/?s={search_term_string}"},"query-input":"required name=search_term_string"}],"inLanguage":"de"},{"@type":"ImageObject","@id":"https:\/\/gebrueder-schmid-zentrum.de\/fachtagung\/kurzbiografie-ines-fueldner-martinez\/#primaryimage","inLanguage":"de","url":"http:\/\/gebrueder-schmid-zentrum.de\/fachtagung\/wp-content\/uploads\/2016\/10\/ines_martinez.jpg","contentUrl":"http:\/\/gebrueder-schmid-zentrum.de\/fachtagung\/wp-content\/uploads\/2016\/10\/ines_martinez.jpg"},{"@type":"WebPage","@id":"https:\/\/gebrueder-schmid-zentrum.de\/fachtagung\/kurzbiografie-ines-fueldner-martinez\/#webpage","url":"https:\/\/gebrueder-schmid-zentrum.de\/fachtagung\/kurzbiografie-ines-fueldner-martinez\/","name":"Kurzbiografie Ines F\u00fcldner-Martinez - Fachtagung","isPartOf":{"@id":"https:\/\/gebrueder-schmid-zentrum.de\/fachtagung\/#website"},"primaryImageOfPage":{"@id":"https:\/\/gebrueder-schmid-zentrum.de\/fachtagung\/kurzbiografie-ines-fueldner-martinez\/#primaryimage"},"datePublished":"2016-10-11T16:14:13+00:00","dateModified":"2016-10-11T16:14:13+00:00","breadcrumb":{"@id":"https:\/\/gebrueder-schmid-zentrum.de\/fachtagung\/kurzbiografie-ines-fueldner-martinez\/#breadcrumb"},"inLanguage":"de","potentialAction":[{"@type":"ReadAction","target":["https:\/\/gebrueder-schmid-zentrum.de\/fachtagung\/kurzbiografie-ines-fueldner-martinez\/"]}]},{"@type":"BreadcrumbList","@id":"https:\/\/gebrueder-schmid-zentrum.de\/fachtagung\/kurzbiografie-ines-fueldner-martinez\/#breadcrumb","itemListElement":[{"@type":"ListItem","position":1,"name":"Startseite","item":"https:\/\/gebrueder-schmid-zentrum.de\/fachtagung\/"},{"@type":"ListItem","position":2,"name":"Kurzbiografie Ines F\u00fcldner-Martinez"}]}]}},"_links":{"self":[{"href":"https:\/\/gebrueder-schmid-zentrum.de\/fachtagung\/wp-json\/wp\/v2\/pages\/1009"}],"collection":[{"href":"https:\/\/gebrueder-schmid-zentrum.de\/fachtagung\/wp-json\/wp\/v2\/pages"}],"about":[{"href":"https:\/\/gebrueder-schmid-zentrum.de\/fachtagung\/wp-json\/wp\/v2\/types\/page"}],"author":[{"embeddable":true,"href":"https:\/\/gebrueder-schmid-zentrum.de\/fachtagung\/wp-json\/wp\/v2\/users\/2"}],"replies":[{"embeddable":true,"href":"https:\/\/gebrueder-schmid-zentrum.de\/fachtagung\/wp-json\/wp\/v2\/comments?post=1009"}],"version-history":[{"count":4,"href":"https:\/\/gebrueder-schmid-zentrum.de\/fachtagung\/wp-json\/wp\/v2\/pages\/1009\/revisions"}],"predecessor-version":[{"id":1014,"href":"https:\/\/gebrueder-schmid-zentrum.de\/fachtagung\/wp-json\/wp\/v2\/pages\/1009\/revisions\/1014"}],"wp:attachment":[{"href":"https:\/\/gebrueder-schmid-zentrum.de\/fachtagung\/wp-json\/wp\/v2\/media?parent=1009"}],"curies":[{"name":"wp","href":"https:\/\/api.w.org\/{rel}","templated":true}]}}